{"id":1432,"date":"2020-11-07T08:33:01","date_gmt":"2020-11-07T08:33:01","guid":{"rendered":"https:\/\/happyplannerland.com\/?post_type=product&#038;p=1432"},"modified":"2024-08-04T13:04:52","modified_gmt":"2024-08-04T13:04:52","slug":"vlozek-za-pisalo-minca","status":"publish","type":"product","link":"https:\/\/happyplannerland.com\/en\/product\/vlozek-za-pisalo-minca\/","title":{"rendered":"Pen Cartridge"},"content":{"rendered":"","protected":false},"excerpt":{"rendered":"<p>Cartridge for pink gold Happy PLAN pen.<\/p>\n<p>It writes beautifully with black ink and is the perfect addition to your office desk.<\/p>\n<p>Size: 12,7 * 0,7 cm<\/p>\n<p>Weight: 2 g<\/p>\n<p>* The pen is not included in the price.<\/p>","protected":false},"featured_media":1433,"comment_status":"closed","ping_status":"closed","template":"","meta":{"_monsterinsights_skip_tracking":false,"_monsterinsights_sitenote_active":false,"_monsterinsights_sitenote_note":"","_monsterinsights_sitenote_category":0,"site-sidebar-layout":"default","site-content-layout":"default","ast-site-content-layout":"","site-content-style":"default","site-sidebar-style":"default","ast-global-header-display":"","ast-banner-title-visibility":"","ast-main-header-display":"","ast-hfb-above-header-display":"","ast-hfb-below-header-display":"","ast-hfb-mobile-header-display":"","site-post-title":"","ast-breadcrumbs-content":"","ast-featured-img":"","footer-sml-layout":"","theme-transparent-header-meta":"default","adv-header-id-meta":"","stick-header-meta":"","header-above-stick-meta":"","header-main-stick-meta":"","header-below-stick-meta":"","astra-migrate-meta-layouts":"","_glsr_average":0,"_glsr_ranking":0,"_glsr_reviews":0},"product_brand":[],"product_cat":[78],"product_tag":[],"class_list":{"0":"post-1432","1":"product","2":"type-product","3":"status-publish","4":"has-post-thumbnail","6":"product_cat-dodatki","7":"desktop-align-center","8":"tablet-align-left","9":"mobile-align-left","11":"first","12":"instock","13":"shipping-taxable","14":"purchasable","15":"product-type-simple"},"yoast_head":"<!-- This site is optimized with the Yoast SEO plugin v25.2 - https:\/\/yoast.com\/wordpress\/plugins\/seo\/ -->\n<title>Vlo\u017eek za pisalo (minca) - Happy Planner Land<\/title>\n<meta name=\"description\" content=\"Lahko in elegantno kovinsko pisalo iz roza zlata z vgraviranim Happy PLAN logotipom. Lahko in elegantno kovinsko pisalo iz roza zlata z vgraviranim Happy PLAN logotipom.\u010cudovito pi\u0161e s \u010drnim\u00a0 \u010drnilom in je popoln dodatek k va\u0161i pisarni\u0161ki mizi.\" \/>\n<meta name=\"robots\" content=\"index, follow, max-snippet:-1, max-image-preview:large, max-video-preview:-1\" \/>\n<link rel=\"canonical\" href=\"https:\/\/happyplannerland.com\/en\/product\/vlozek-za-pisalo-minca\/\" \/>\n<meta property=\"og:locale\" content=\"en_GB\" \/>\n<meta property=\"og:type\" content=\"article\" \/>\n<meta property=\"og:title\" content=\"Vlo\u017eek za pisalo (minca) - Happy Planner Land\" \/>\n<meta property=\"og:description\" content=\"Lahko in elegantno kovinsko pisalo iz roza zlata z vgraviranim Happy PLAN logotipom. Lahko in elegantno kovinsko pisalo iz roza zlata z vgraviranim Happy PLAN logotipom.\u010cudovito pi\u0161e s \u010drnim\u00a0 \u010drnilom in je popoln dodatek k va\u0161i pisarni\u0161ki mizi.\" \/>\n<meta property=\"og:url\" content=\"https:\/\/happyplannerland.com\/en\/product\/vlozek-za-pisalo-minca\/\" \/>\n<meta property=\"og:site_name\" content=\"Happy Planner Land\" \/>\n<meta property=\"article:modified_time\" content=\"2024-08-04T13:04:52+00:00\" \/>\n<meta property=\"og:image\" content=\"https:\/\/happyplannerland.com\/wp-content\/uploads\/2020\/11\/IMG_2402.jpg\" \/>\n\t<meta property=\"og:image:width\" content=\"1512\" \/>\n\t<meta property=\"og:image:height\" content=\"1512\" \/>\n\t<meta property=\"og:image:type\" content=\"image\/jpeg\" \/>\n<meta name=\"twitter:card\" content=\"summary_large_image\" \/>\n<script type=\"application\/ld+json\" class=\"yoast-schema-graph\">{\"@context\":\"https:\/\/schema.org\",\"@graph\":[{\"@type\":\"WebPage\",\"@id\":\"https:\/\/happyplannerland.com\/izdelek\/vlozek-za-pisalo-minca\/\",\"url\":\"https:\/\/happyplannerland.com\/izdelek\/vlozek-za-pisalo-minca\/\",\"name\":\"Vlo\u017eek za pisalo (minca) - Happy Planner Land\",\"isPartOf\":{\"@id\":\"https:\/\/happyplannerland.com\/#website\"},\"primaryImageOfPage\":{\"@id\":\"https:\/\/happyplannerland.com\/izdelek\/vlozek-za-pisalo-minca\/#primaryimage\"},\"image\":{\"@id\":\"https:\/\/happyplannerland.com\/izdelek\/vlozek-za-pisalo-minca\/#primaryimage\"},\"thumbnailUrl\":\"https:\/\/happyplannerland.com\/wp-content\/uploads\/2020\/11\/IMG_2402.jpg\",\"datePublished\":\"2020-11-07T08:33:01+00:00\",\"dateModified\":\"2024-08-04T13:04:52+00:00\",\"description\":\"Lahko in elegantno kovinsko pisalo iz roza zlata z vgraviranim Happy PLAN logotipom. Lahko in elegantno kovinsko pisalo iz roza zlata z vgraviranim Happy PLAN logotipom.\u010cudovito pi\u0161e s \u010drnim\u00a0 \u010drnilom in je popoln dodatek k va\u0161i pisarni\u0161ki mizi.\",\"breadcrumb\":{\"@id\":\"https:\/\/happyplannerland.com\/izdelek\/vlozek-za-pisalo-minca\/#breadcrumb\"},\"inLanguage\":\"en-GB\",\"potentialAction\":[{\"@type\":\"ReadAction\",\"target\":[\"https:\/\/happyplannerland.com\/izdelek\/vlozek-za-pisalo-minca\/\"]}]},{\"@type\":\"ImageObject\",\"inLanguage\":\"en-GB\",\"@id\":\"https:\/\/happyplannerland.com\/izdelek\/vlozek-za-pisalo-minca\/#primaryimage\",\"url\":\"https:\/\/happyplannerland.com\/wp-content\/uploads\/2020\/11\/IMG_2402.jpg\",\"contentUrl\":\"https:\/\/happyplannerland.com\/wp-content\/uploads\/2020\/11\/IMG_2402.jpg\",\"width\":1512,\"height\":1512,\"caption\":\"vlo\u017eek za pisalo\"},{\"@type\":\"BreadcrumbList\",\"@id\":\"https:\/\/happyplannerland.com\/izdelek\/vlozek-za-pisalo-minca\/#breadcrumb\",\"itemListElement\":[{\"@type\":\"ListItem\",\"position\":1,\"name\":\"Home\",\"item\":\"https:\/\/happyplannerland.com\/\"},{\"@type\":\"ListItem\",\"position\":2,\"name\":\"Izdelki\",\"item\":\"https:\/\/happyplannerland.com\/shop\/\"},{\"@type\":\"ListItem\",\"position\":3,\"name\":\"Vlo\u017eek za pisalo (minca)\"}]},{\"@type\":\"WebSite\",\"@id\":\"https:\/\/happyplannerland.com\/#website\",\"url\":\"https:\/\/happyplannerland.com\/\",\"name\":\"Happy Planner Land\",\"description\":\"Happy Planner Land\",\"publisher\":{\"@id\":\"https:\/\/happyplannerland.com\/#organization\"},\"potentialAction\":[{\"@type\":\"SearchAction\",\"target\":{\"@type\":\"EntryPoint\",\"urlTemplate\":\"https:\/\/happyplannerland.com\/?s={search_term_string}\"},\"query-input\":{\"@type\":\"PropertyValueSpecification\",\"valueRequired\":true,\"valueName\":\"search_term_string\"}}],\"inLanguage\":\"en-GB\"},{\"@type\":\"Organization\",\"@id\":\"https:\/\/happyplannerland.com\/#organization\",\"name\":\"Happy Planner Land\",\"url\":\"https:\/\/happyplannerland.com\/\",\"logo\":{\"@type\":\"ImageObject\",\"inLanguage\":\"en-GB\",\"@id\":\"https:\/\/happyplannerland.com\/#\/schema\/logo\/image\/\",\"url\":\"https:\/\/happyplannerland.com\/wp-content\/uploads\/2022\/06\/cropped-1gtgt.png\",\"contentUrl\":\"https:\/\/happyplannerland.com\/wp-content\/uploads\/2022\/06\/cropped-1gtgt.png\",\"width\":283,\"height\":95,\"caption\":\"Happy Planner Land\"},\"image\":{\"@id\":\"https:\/\/happyplannerland.com\/#\/schema\/logo\/image\/\"}}]}<\/script>\n<!-- \/ Yoast SEO plugin. -->","yoast_head_json":{"title":"Vlo\u017eek za pisalo (minca) - Happy Planner Land","description":"Lahko in elegantno kovinsko pisalo iz roza zlata z vgraviranim Happy PLAN logotipom. Lahko in elegantno kovinsko pisalo iz roza zlata z vgraviranim Happy PLAN logotipom.\u010cudovito pi\u0161e s \u010drnim\u00a0 \u010drnilom in je popoln dodatek k va\u0161i pisarni\u0161ki mizi.","robots":{"index":"index","follow":"follow","max-snippet":"max-snippet:-1","max-image-preview":"max-image-preview:large","max-video-preview":"max-video-preview:-1"},"canonical":"https:\/\/happyplannerland.com\/en\/product\/vlozek-za-pisalo-minca\/","og_locale":"en_GB","og_type":"article","og_title":"Vlo\u017eek za pisalo (minca) - Happy Planner Land","og_description":"Lahko in elegantno kovinsko pisalo iz roza zlata z vgraviranim Happy PLAN logotipom. Lahko in elegantno kovinsko pisalo iz roza zlata z vgraviranim Happy PLAN logotipom.\u010cudovito pi\u0161e s \u010drnim\u00a0 \u010drnilom in je popoln dodatek k va\u0161i pisarni\u0161ki mizi.","og_url":"https:\/\/happyplannerland.com\/en\/product\/vlozek-za-pisalo-minca\/","og_site_name":"Happy Planner Land","article_modified_time":"2024-08-04T13:04:52+00:00","og_image":[{"width":1512,"height":1512,"url":"https:\/\/happyplannerland.com\/wp-content\/uploads\/2020\/11\/IMG_2402.jpg","type":"image\/jpeg"}],"twitter_card":"summary_large_image","schema":{"@context":"https:\/\/schema.org","@graph":[{"@type":"WebPage","@id":"https:\/\/happyplannerland.com\/izdelek\/vlozek-za-pisalo-minca\/","url":"https:\/\/happyplannerland.com\/izdelek\/vlozek-za-pisalo-minca\/","name":"Vlo\u017eek za pisalo (minca) - Happy Planner Land","isPartOf":{"@id":"https:\/\/happyplannerland.com\/#website"},"primaryImageOfPage":{"@id":"https:\/\/happyplannerland.com\/izdelek\/vlozek-za-pisalo-minca\/#primaryimage"},"image":{"@id":"https:\/\/happyplannerland.com\/izdelek\/vlozek-za-pisalo-minca\/#primaryimage"},"thumbnailUrl":"https:\/\/happyplannerland.com\/wp-content\/uploads\/2020\/11\/IMG_2402.jpg","datePublished":"2020-11-07T08:33:01+00:00","dateModified":"2024-08-04T13:04:52+00:00","description":"Lahko in elegantno kovinsko pisalo iz roza zlata z vgraviranim Happy PLAN logotipom. Lahko in elegantno kovinsko pisalo iz roza zlata z vgraviranim Happy PLAN logotipom.\u010cudovito pi\u0161e s \u010drnim\u00a0 \u010drnilom in je popoln dodatek k va\u0161i pisarni\u0161ki mizi.","breadcrumb":{"@id":"https:\/\/happyplannerland.com\/izdelek\/vlozek-za-pisalo-minca\/#breadcrumb"},"inLanguage":"en-GB","potentialAction":[{"@type":"ReadAction","target":["https:\/\/happyplannerland.com\/izdelek\/vlozek-za-pisalo-minca\/"]}]},{"@type":"ImageObject","inLanguage":"en-GB","@id":"https:\/\/happyplannerland.com\/izdelek\/vlozek-za-pisalo-minca\/#primaryimage","url":"https:\/\/happyplannerland.com\/wp-content\/uploads\/2020\/11\/IMG_2402.jpg","contentUrl":"https:\/\/happyplannerland.com\/wp-content\/uploads\/2020\/11\/IMG_2402.jpg","width":1512,"height":1512,"caption":"vlo\u017eek za pisalo"},{"@type":"BreadcrumbList","@id":"https:\/\/happyplannerland.com\/izdelek\/vlozek-za-pisalo-minca\/#breadcrumb","itemListElement":[{"@type":"ListItem","position":1,"name":"Home","item":"https:\/\/happyplannerland.com\/"},{"@type":"ListItem","position":2,"name":"Izdelki","item":"https:\/\/happyplannerland.com\/shop\/"},{"@type":"ListItem","position":3,"name":"Vlo\u017eek za pisalo (minca)"}]},{"@type":"WebSite","@id":"https:\/\/happyplannerland.com\/#website","url":"https:\/\/happyplannerland.com\/","name":"Happy Planner Land","description":"Happy Planner Land","publisher":{"@id":"https:\/\/happyplannerland.com\/#organization"},"potentialAction":[{"@type":"SearchAction","target":{"@type":"EntryPoint","urlTemplate":"https:\/\/happyplannerland.com\/?s={search_term_string}"},"query-input":{"@type":"PropertyValueSpecification","valueRequired":true,"valueName":"search_term_string"}}],"inLanguage":"en-GB"},{"@type":"Organization","@id":"https:\/\/happyplannerland.com\/#organization","name":"Happy Planner Land","url":"https:\/\/happyplannerland.com\/","logo":{"@type":"ImageObject","inLanguage":"en-GB","@id":"https:\/\/happyplannerland.com\/#\/schema\/logo\/image\/","url":"https:\/\/happyplannerland.com\/wp-content\/uploads\/2022\/06\/cropped-1gtgt.png","contentUrl":"https:\/\/happyplannerland.com\/wp-content\/uploads\/2022\/06\/cropped-1gtgt.png","width":283,"height":95,"caption":"Happy Planner Land"},"image":{"@id":"https:\/\/happyplannerland.com\/#\/schema\/logo\/image\/"}}]}},"_links":{"self":[{"href":"https:\/\/happyplannerland.com\/en\/wp-json\/wp\/v2\/product\/1432","targetHints":{"allow":["GET"]}}],"collection":[{"href":"https:\/\/happyplannerland.com\/en\/wp-json\/wp\/v2\/product"}],"about":[{"href":"https:\/\/happyplannerland.com\/en\/wp-json\/wp\/v2\/types\/product"}],"replies":[{"embeddable":true,"href":"https:\/\/happyplannerland.com\/en\/wp-json\/wp\/v2\/comments?post=1432"}],"version-history":[{"count":1,"href":"https:\/\/happyplannerland.com\/en\/wp-json\/wp\/v2\/product\/1432\/revisions"}],"predecessor-version":[{"id":7594,"href":"https:\/\/happyplannerland.com\/en\/wp-json\/wp\/v2\/product\/1432\/revisions\/7594"}],"wp:featuredmedia":[{"embeddable":true,"href":"https:\/\/happyplannerland.com\/en\/wp-json\/wp\/v2\/media\/1433"}],"wp:attachment":[{"href":"https:\/\/happyplannerland.com\/en\/wp-json\/wp\/v2\/media?parent=1432"}],"wp:term":[{"taxonomy":"product_brand","embeddable":true,"href":"https:\/\/happyplannerland.com\/en\/wp-json\/wp\/v2\/product_brand?post=1432"},{"taxonomy":"product_cat","embeddable":true,"href":"https:\/\/happyplannerland.com\/en\/wp-json\/wp\/v2\/product_cat?post=1432"},{"taxonomy":"product_tag","embeddable":true,"href":"https:\/\/happyplannerland.com\/en\/wp-json\/wp\/v2\/product_tag?post=1432"}],"curies":[{"name":"wp","href":"https:\/\/api.w.org\/{rel}","templated":true}]}}