{"id":1954,"date":"2021-01-22T10:32:22","date_gmt":"2021-01-22T10:32:22","guid":{"rendered":"https:\/\/happyplannerland.com\/?post_type=product&#038;p=1954"},"modified":"2025-06-03T12:09:03","modified_gmt":"2025-06-03T12:09:03","slug":"namizna-belezka-weekly","status":"publish","type":"product","link":"https:\/\/happyplannerland.com\/en\/product\/namizna-belezka-weekly\/","title":{"rendered":"WEEKLY DESK PAD"},"content":{"rendered":"<h5><strong>Namizna bele\u017eka lepljena<br \/>\n<\/strong><\/h5>\n<p>&nbsp;<\/p>\n<p>namizna bele\u017eka Bodi na teko\u010dem z vsakodnevnimi opravili WEEKLY PAD lepljeno bele\u017eko oz blokcem. Zapi\u0161i svoje dnevne naloge, misli, sestanke,..<\/p>\n<p>Take a quick look and you will know what you have to do every day for your business \/ work | <span data-language-for-alternatives=\"sl\" data-language-to-translate-into=\"en\" data-phrase-index=\"4\">home and family |<\/span> <span data-language-for-alternatives=\"sl\" data-language-to-translate-into=\"en\" data-phrase-index=\"5\">health and fitness |<\/span> <span data-language-for-alternatives=\"sl\" data-language-to-translate-into=\"en\" data-phrase-index=\"6\">personal life.<\/span><\/p>\n<p>Each sheet can be torn off at the top and folded \/ stored.<\/p>\n<p>&nbsp;<\/p>\n<p>The pad is glued to the top.<\/p>\n<ul>\n<li>Number of pages: 50<\/li>\n<li>140 g papir WEEKLY listov (50 kom)<\/li>\n<li>300 g white cardboard on the back of the block<\/li>\n<li>Size: 155 mm x 230 mm<\/li>\n<\/ul>\n<p>Po\u010dekiraj tudi <a href=\"https:\/\/happyplannerland.com\/en\/dodatki\/\">dodatke<\/a>.<\/p>\n<p>&nbsp;<\/p>\n<p><strong>Planer 2021: Organiziraj svoj dan v stilu!<\/strong><\/p>\n<p>V novi izdaji ti omogo\u010da, da bo\u0161 dvignila svojo produktivnost in si hitreje, predvsem pa la\u017eje organizirala svoj dan in si kljub natrpanem urniku uspela vzeti tudi \u010das zase.<\/p>\n<p>Poleg standardnih mese\u010dnih strani za na\u010drtovanje, vsebuje prostor za na\u010drtovanje svojih opravil, fitnesa in prehrane, prostor za postavitev letnih in mese\u010dnih ciljev, strain za na\u010drtovanje in sledenje svojim financam in navadam.<\/p>\n<p>Preveri kaj pomeni <a href=\"https:\/\/www.merriam-webster.com\/dictionary\/pad\">PAD<\/a><\/p>\n<h4><strong>KAJ VSEBUJE TEDENSKA IZDAJA?<\/strong><\/h4>\n<p>Tedenska izdaja ima za vsak teden dodeljeni dve strani z razporeditvijo vsakega dne po urah od 5:00 pa vse do 22:00.<\/p>\n<p>Prav tako kot dnevna izdaja, ima\u0161 tudi v tedenski izdaji poleg mese\u010dnega pregleda z zavihki za la\u017ejo navigacijo po planerju. na voljo tudi stran za pregled in sledenje svojim financam.<\/p>\n<p>Na koncu vsakega meseca lahko najde\u0161 6 \u010drtnih listov z dovolj prostora za zapis vseh nalog. Ki jih je potrebno dokon\u010dati. Na za\u010detku vsakega meseca sta dve strani namenjeni sledenju tvojih navad.<\/p>\n<p>Pitju vode, telovadbi in po\u010dutju in nekaj praznih prostorov. Kjer lahko dopi\u0161e\u0161 svoje dodatne navade in jim sledi\u0161 ter le-te iz meseca v mesec izbolj\u0161uje\u0161.<\/p>\n<p>Tedenska izdaja je namenjen vsem, ki imajo veliko opravkov in sestankov. Ki so omejeni po urah ter potrebujete dovolj praznega prostora. Za zapis vseh misli, da ne uidejo. \u00a0Idealna je tudi za vse tiste, ki si radi \u010dasovno blokirate dneve. In u\u017eivate v na\u010drtovanju celotnega tedna z enim samim zamahom.<\/p>\n<p>&nbsp;<\/p>\n<p>&nbsp;<\/p>","protected":false},"excerpt":{"rendered":"<p>Keep up to date with everyday tasks WEEKY DESK PAD glued note or pad for the table. Write down your weekly tasks and goals and organize your entire monthly schedule.<\/p>\n<p>Take a quick look and you will know what you have to do every day for your business \/ work | <span data-language-for-alternatives=\"sl\" data-language-to-translate-into=\"en\" data-phrase-index=\"4\">home and family |<\/span> <span data-language-for-alternatives=\"sl\" data-language-to-translate-into=\"en\" data-phrase-index=\"5\">health and fitness |<\/span> <span data-language-for-alternatives=\"sl\" data-language-to-translate-into=\"en\" data-phrase-index=\"6\">personal life.<\/span><\/p>\n<p>WEEKLY DESK PAD comes with a lot of space for weekly planning of tasks and obligations and at the same time gives you a comprehensive overview of the schedule throughout the week.<\/p>\n<p><span data-language-for-alternatives=\"sl\" data-language-to-translate-into=\"en\" data-phrase-index=\"10\">Each sheet can be torn off at the top and folded \/ stored.<\/span><\/p>\n<ul>\n<li>Number of pages: 50<\/li>\n<li>140 g paper<\/li>\n<li>300 g white cardboard on the back of the block<\/li>\n<li>Size: 310 mm x 230 mm<\/li>\n<\/ul>","protected":false},"featured_media":1960,"comment_status":"closed","ping_status":"closed","template":"","meta":{"_monsterinsights_skip_tracking":false,"_monsterinsights_sitenote_active":false,"_monsterinsights_sitenote_note":"","_monsterinsights_sitenote_category":0,"site-sidebar-layout":"default","site-content-layout":"default","ast-site-content-layout":"","site-content-style":"default","site-sidebar-style":"default","ast-global-header-display":"","ast-banner-title-visibility":"","ast-main-header-display":"","ast-hfb-above-header-display":"","ast-hfb-below-header-display":"","ast-hfb-mobile-header-display":"","site-post-title":"","ast-breadcrumbs-content":"","ast-featured-img":"","footer-sml-layout":"","theme-transparent-header-meta":"default","adv-header-id-meta":"","stick-header-meta":"","header-above-stick-meta":"","header-main-stick-meta":"","header-below-stick-meta":"","astra-migrate-meta-layouts":"","_glsr_average":0,"_glsr_ranking":0,"_glsr_reviews":0},"product_brand":[],"product_cat":[77,84],"product_tag":[],"class_list":{"0":"post-1954","1":"product","2":"type-product","3":"status-publish","4":"has-post-thumbnail","6":"product_cat-belezke","7":"product_cat-odprodaja","8":"desktop-align-center","9":"tablet-align-left","10":"mobile-align-left","12":"first","13":"outofstock","14":"shipping-taxable","15":"purchasable","16":"product-type-simple"},"yoast_head":"<!-- This site is optimized with the Yoast SEO plugin v25.2 - https:\/\/yoast.com\/wordpress\/plugins\/seo\/ -->\n<title>Namizna bele\u017eka | WEEKLY DESK PAD - Happy Planner Land<\/title>\n<meta name=\"description\" content=\"Namizna bele\u017eka A4 izdelana iz kvalitetnega 140 g papirja namenjena planiranju tedna, dneva in opravil. Blok je lepljen na zgornji strani.\" \/>\n<meta name=\"robots\" content=\"index, follow, max-snippet:-1, max-image-preview:large, max-video-preview:-1\" \/>\n<link rel=\"canonical\" href=\"https:\/\/happyplannerland.com\/en\/product\/namizna-belezka-weekly\/\" \/>\n<meta property=\"og:locale\" content=\"en_GB\" \/>\n<meta property=\"og:type\" content=\"article\" \/>\n<meta property=\"og:title\" content=\"Namizna bele\u017eka | WEEKLY DESK PAD - Happy Planner Land\" \/>\n<meta property=\"og:description\" content=\"Namizna bele\u017eka A4 izdelana iz kvalitetnega 140 g papirja namenjena planiranju tedna, dneva in opravil. Blok je lepljen na zgornji strani.\" \/>\n<meta property=\"og:url\" content=\"https:\/\/happyplannerland.com\/en\/product\/namizna-belezka-weekly\/\" \/>\n<meta property=\"og:site_name\" content=\"Happy Planner Land\" \/>\n<meta property=\"article:modified_time\" content=\"2025-06-03T12:09:03+00:00\" \/>\n<meta property=\"og:image\" content=\"https:\/\/happyplannerland.com\/wp-content\/uploads\/2021\/01\/IMG_3862.jpg\" \/>\n\t<meta property=\"og:image:width\" content=\"1417\" \/>\n\t<meta property=\"og:image:height\" content=\"1417\" \/>\n\t<meta property=\"og:image:type\" content=\"image\/jpeg\" \/>\n<meta name=\"twitter:card\" content=\"summary_large_image\" \/>\n<meta name=\"twitter:label1\" content=\"Estimated reading time\" \/>\n\t<meta name=\"twitter:data1\" content=\"2 minutes\" \/>\n<script type=\"application\/ld+json\" class=\"yoast-schema-graph\">{\"@context\":\"https:\/\/schema.org\",\"@graph\":[{\"@type\":\"WebPage\",\"@id\":\"https:\/\/happyplannerland.com\/izdelek\/namizna-belezka-weekly\/\",\"url\":\"https:\/\/happyplannerland.com\/izdelek\/namizna-belezka-weekly\/\",\"name\":\"Namizna bele\u017eka | WEEKLY DESK PAD - Happy Planner Land\",\"isPartOf\":{\"@id\":\"https:\/\/happyplannerland.com\/#website\"},\"primaryImageOfPage\":{\"@id\":\"https:\/\/happyplannerland.com\/izdelek\/namizna-belezka-weekly\/#primaryimage\"},\"image\":{\"@id\":\"https:\/\/happyplannerland.com\/izdelek\/namizna-belezka-weekly\/#primaryimage\"},\"thumbnailUrl\":\"https:\/\/happyplannerland.com\/wp-content\/uploads\/2021\/01\/IMG_3862.jpg\",\"datePublished\":\"2021-01-22T10:32:22+00:00\",\"dateModified\":\"2025-06-03T12:09:03+00:00\",\"description\":\"Namizna bele\u017eka A4 izdelana iz kvalitetnega 140 g papirja namenjena planiranju tedna, dneva in opravil. Blok je lepljen na zgornji strani.\",\"breadcrumb\":{\"@id\":\"https:\/\/happyplannerland.com\/izdelek\/namizna-belezka-weekly\/#breadcrumb\"},\"inLanguage\":\"en-GB\",\"potentialAction\":[{\"@type\":\"ReadAction\",\"target\":[\"https:\/\/happyplannerland.com\/izdelek\/namizna-belezka-weekly\/\"]}]},{\"@type\":\"ImageObject\",\"inLanguage\":\"en-GB\",\"@id\":\"https:\/\/happyplannerland.com\/izdelek\/namizna-belezka-weekly\/#primaryimage\",\"url\":\"https:\/\/happyplannerland.com\/wp-content\/uploads\/2021\/01\/IMG_3862.jpg\",\"contentUrl\":\"https:\/\/happyplannerland.com\/wp-content\/uploads\/2021\/01\/IMG_3862.jpg\",\"width\":1417,\"height\":1417,\"caption\":\"namizna bele\u017eka\"},{\"@type\":\"BreadcrumbList\",\"@id\":\"https:\/\/happyplannerland.com\/izdelek\/namizna-belezka-weekly\/#breadcrumb\",\"itemListElement\":[{\"@type\":\"ListItem\",\"position\":1,\"name\":\"Home\",\"item\":\"https:\/\/happyplannerland.com\/\"},{\"@type\":\"ListItem\",\"position\":2,\"name\":\"Izdelki\",\"item\":\"https:\/\/happyplannerland.com\/shop\/\"},{\"@type\":\"ListItem\",\"position\":3,\"name\":\"Namizna bele\u017eka | WEEKLY DESK PAD\"}]},{\"@type\":\"WebSite\",\"@id\":\"https:\/\/happyplannerland.com\/#website\",\"url\":\"https:\/\/happyplannerland.com\/\",\"name\":\"Happy Planner Land\",\"description\":\"Happy Planner Land\",\"publisher\":{\"@id\":\"https:\/\/happyplannerland.com\/#organization\"},\"potentialAction\":[{\"@type\":\"SearchAction\",\"target\":{\"@type\":\"EntryPoint\",\"urlTemplate\":\"https:\/\/happyplannerland.com\/?s={search_term_string}\"},\"query-input\":{\"@type\":\"PropertyValueSpecification\",\"valueRequired\":true,\"valueName\":\"search_term_string\"}}],\"inLanguage\":\"en-GB\"},{\"@type\":\"Organization\",\"@id\":\"https:\/\/happyplannerland.com\/#organization\",\"name\":\"Happy Planner Land\",\"url\":\"https:\/\/happyplannerland.com\/\",\"logo\":{\"@type\":\"ImageObject\",\"inLanguage\":\"en-GB\",\"@id\":\"https:\/\/happyplannerland.com\/#\/schema\/logo\/image\/\",\"url\":\"https:\/\/happyplannerland.com\/wp-content\/uploads\/2022\/06\/cropped-1gtgt.png\",\"contentUrl\":\"https:\/\/happyplannerland.com\/wp-content\/uploads\/2022\/06\/cropped-1gtgt.png\",\"width\":283,\"height\":95,\"caption\":\"Happy Planner Land\"},\"image\":{\"@id\":\"https:\/\/happyplannerland.com\/#\/schema\/logo\/image\/\"}}]}<\/script>\n<!-- \/ Yoast SEO plugin. -->","yoast_head_json":{"title":"Namizna bele\u017eka | WEEKLY DESK PAD - Happy Planner Land","description":"Namizna bele\u017eka A4 izdelana iz kvalitetnega 140 g papirja namenjena planiranju tedna, dneva in opravil. Blok je lepljen na zgornji strani.","robots":{"index":"index","follow":"follow","max-snippet":"max-snippet:-1","max-image-preview":"max-image-preview:large","max-video-preview":"max-video-preview:-1"},"canonical":"https:\/\/happyplannerland.com\/en\/product\/namizna-belezka-weekly\/","og_locale":"en_GB","og_type":"article","og_title":"Namizna bele\u017eka | WEEKLY DESK PAD - Happy Planner Land","og_description":"Namizna bele\u017eka A4 izdelana iz kvalitetnega 140 g papirja namenjena planiranju tedna, dneva in opravil. Blok je lepljen na zgornji strani.","og_url":"https:\/\/happyplannerland.com\/en\/product\/namizna-belezka-weekly\/","og_site_name":"Happy Planner Land","article_modified_time":"2025-06-03T12:09:03+00:00","og_image":[{"width":1417,"height":1417,"url":"https:\/\/happyplannerland.com\/wp-content\/uploads\/2021\/01\/IMG_3862.jpg","type":"image\/jpeg"}],"twitter_card":"summary_large_image","twitter_misc":{"Estimated reading time":"2 minutes"},"schema":{"@context":"https:\/\/schema.org","@graph":[{"@type":"WebPage","@id":"https:\/\/happyplannerland.com\/izdelek\/namizna-belezka-weekly\/","url":"https:\/\/happyplannerland.com\/izdelek\/namizna-belezka-weekly\/","name":"Namizna bele\u017eka | WEEKLY DESK PAD - Happy Planner Land","isPartOf":{"@id":"https:\/\/happyplannerland.com\/#website"},"primaryImageOfPage":{"@id":"https:\/\/happyplannerland.com\/izdelek\/namizna-belezka-weekly\/#primaryimage"},"image":{"@id":"https:\/\/happyplannerland.com\/izdelek\/namizna-belezka-weekly\/#primaryimage"},"thumbnailUrl":"https:\/\/happyplannerland.com\/wp-content\/uploads\/2021\/01\/IMG_3862.jpg","datePublished":"2021-01-22T10:32:22+00:00","dateModified":"2025-06-03T12:09:03+00:00","description":"Namizna bele\u017eka A4 izdelana iz kvalitetnega 140 g papirja namenjena planiranju tedna, dneva in opravil. Blok je lepljen na zgornji strani.","breadcrumb":{"@id":"https:\/\/happyplannerland.com\/izdelek\/namizna-belezka-weekly\/#breadcrumb"},"inLanguage":"en-GB","potentialAction":[{"@type":"ReadAction","target":["https:\/\/happyplannerland.com\/izdelek\/namizna-belezka-weekly\/"]}]},{"@type":"ImageObject","inLanguage":"en-GB","@id":"https:\/\/happyplannerland.com\/izdelek\/namizna-belezka-weekly\/#primaryimage","url":"https:\/\/happyplannerland.com\/wp-content\/uploads\/2021\/01\/IMG_3862.jpg","contentUrl":"https:\/\/happyplannerland.com\/wp-content\/uploads\/2021\/01\/IMG_3862.jpg","width":1417,"height":1417,"caption":"namizna bele\u017eka"},{"@type":"BreadcrumbList","@id":"https:\/\/happyplannerland.com\/izdelek\/namizna-belezka-weekly\/#breadcrumb","itemListElement":[{"@type":"ListItem","position":1,"name":"Home","item":"https:\/\/happyplannerland.com\/"},{"@type":"ListItem","position":2,"name":"Izdelki","item":"https:\/\/happyplannerland.com\/shop\/"},{"@type":"ListItem","position":3,"name":"Namizna bele\u017eka | WEEKLY DESK PAD"}]},{"@type":"WebSite","@id":"https:\/\/happyplannerland.com\/#website","url":"https:\/\/happyplannerland.com\/","name":"Happy Planner Land","description":"Happy Planner Land","publisher":{"@id":"https:\/\/happyplannerland.com\/#organization"},"potentialAction":[{"@type":"SearchAction","target":{"@type":"EntryPoint","urlTemplate":"https:\/\/happyplannerland.com\/?s={search_term_string}"},"query-input":{"@type":"PropertyValueSpecification","valueRequired":true,"valueName":"search_term_string"}}],"inLanguage":"en-GB"},{"@type":"Organization","@id":"https:\/\/happyplannerland.com\/#organization","name":"Happy Planner Land","url":"https:\/\/happyplannerland.com\/","logo":{"@type":"ImageObject","inLanguage":"en-GB","@id":"https:\/\/happyplannerland.com\/#\/schema\/logo\/image\/","url":"https:\/\/happyplannerland.com\/wp-content\/uploads\/2022\/06\/cropped-1gtgt.png","contentUrl":"https:\/\/happyplannerland.com\/wp-content\/uploads\/2022\/06\/cropped-1gtgt.png","width":283,"height":95,"caption":"Happy Planner Land"},"image":{"@id":"https:\/\/happyplannerland.com\/#\/schema\/logo\/image\/"}}]}},"_links":{"self":[{"href":"https:\/\/happyplannerland.com\/en\/wp-json\/wp\/v2\/product\/1954","targetHints":{"allow":["GET"]}}],"collection":[{"href":"https:\/\/happyplannerland.com\/en\/wp-json\/wp\/v2\/product"}],"about":[{"href":"https:\/\/happyplannerland.com\/en\/wp-json\/wp\/v2\/types\/product"}],"replies":[{"embeddable":true,"href":"https:\/\/happyplannerland.com\/en\/wp-json\/wp\/v2\/comments?post=1954"}],"version-history":[{"count":1,"href":"https:\/\/happyplannerland.com\/en\/wp-json\/wp\/v2\/product\/1954\/revisions"}],"predecessor-version":[{"id":7587,"href":"https:\/\/happyplannerland.com\/en\/wp-json\/wp\/v2\/product\/1954\/revisions\/7587"}],"wp:featuredmedia":[{"embeddable":true,"href":"https:\/\/happyplannerland.com\/en\/wp-json\/wp\/v2\/media\/1960"}],"wp:attachment":[{"href":"https:\/\/happyplannerland.com\/en\/wp-json\/wp\/v2\/media?parent=1954"}],"wp:term":[{"taxonomy":"product_brand","embeddable":true,"href":"https:\/\/happyplannerland.com\/en\/wp-json\/wp\/v2\/product_brand?post=1954"},{"taxonomy":"product_cat","embeddable":true,"href":"https:\/\/happyplannerland.com\/en\/wp-json\/wp\/v2\/product_cat?post=1954"},{"taxonomy":"product_tag","embeddable":true,"href":"https:\/\/happyplannerland.com\/en\/wp-json\/wp\/v2\/product_tag?post=1954"}],"curies":[{"name":"wp","href":"https:\/\/api.w.org\/{rel}","templated":true}]}}