{"id":2420,"date":"2021-06-07T10:00:19","date_gmt":"2021-06-07T10:00:19","guid":{"rendered":"https:\/\/happyplannerland.com\/?post_type=product&#038;p=2420"},"modified":"2024-08-04T13:02:04","modified_gmt":"2024-08-04T13:02:04","slug":"printable-daily-pad","status":"publish","type":"product","link":"https:\/\/happyplannerland.com\/en\/product\/printable-daily-pad\/","title":{"rendered":"Printable: Daily PAD"},"content":{"rendered":"<p><em>Keep up to date with your daily tasks with our DAILY PAD notepad printable. Write down your daily tasks, goals and follow up with your habits.<\/em><\/p>\n<p><em>Take a quick look and you will know what you have to do every day, connected to your company \/ work,\u00a0 home and family, health and fitness and your personal life.<\/em><\/p>\n<p><em>The DAILY PAD comes with a schedule from 6 a.m. to 9 p.m. and a section for top priority tasks.<\/em><\/p>\n<p><em>Download your file after purchasing in A4 or A5 size.<\/em><\/p>","protected":false},"excerpt":{"rendered":"<p><span style=\"text-decoration: underline;\">DIGITALNI PRODUKT<\/span><\/p>\n<p>Bodi na teko\u010dem z vsakodnevnimi opravili z na\u0161o DAILY PAD bele\u017eko. Zapi\u0161i svoje dnevne naloge, cilje in sledi svojim navadam.<\/p>\n<p>Take a quick look and you will know what you have to do every day for your business \/ work |\u00a0<span data-language-for-alternatives=\"sl\" data-language-to-translate-into=\"en\" data-phrase-index=\"4\">home and family |<\/span>\u00a0<span data-language-for-alternatives=\"sl\" data-language-to-translate-into=\"en\" data-phrase-index=\"5\">health and fitness |<\/span>\u00a0<span data-language-for-alternatives=\"sl\" data-language-to-translate-into=\"en\" data-phrase-index=\"6\">personal life.<\/span><\/p>\n<p>The DAILY PAD comes with a schedule from 6 a.m. to 9 p.m. and a section for top priorities.<\/p>\n<p>Prenesi pdf datoteko v A4 ali A5 velikosti in jo natisni.<\/p>\n<p><span style=\"text-decoration: underline;\"><em>DIGITAL PRODUCT<\/em><\/span><\/p>\n<p><em>Keep up to date with your daily tasks with our DAILY PAD notepad printable. Write down your daily tasks, goals and follow up with your habits.<\/em><\/p>\n<p><em>Take a quick look and you will know what you have to do every day, connected to your company \/ work,\u00a0 home and family, health and fitness and your personal life.<\/em><\/p>\n<p><em>The DAILY PAD comes with a schedule from 6 a.m. to 9 p.m. and a section for top priority tasks.<\/em><\/p>\n<p><em>Download your file after purchasing in A4 or A5 size.<\/em><\/p>","protected":false},"featured_media":1485,"comment_status":"closed","ping_status":"closed","template":"","meta":{"_monsterinsights_skip_tracking":false,"_monsterinsights_sitenote_active":false,"_monsterinsights_sitenote_note":"","_monsterinsights_sitenote_category":0,"site-sidebar-layout":"default","site-content-layout":"default","ast-site-content-layout":"","site-content-style":"default","site-sidebar-style":"default","ast-global-header-display":"","ast-banner-title-visibility":"","ast-main-header-display":"","ast-hfb-above-header-display":"","ast-hfb-below-header-display":"","ast-hfb-mobile-header-display":"","site-post-title":"","ast-breadcrumbs-content":"","ast-featured-img":"","footer-sml-layout":"","theme-transparent-header-meta":"default","adv-header-id-meta":"","stick-header-meta":"","header-above-stick-meta":"","header-main-stick-meta":"","header-below-stick-meta":"","astra-migrate-meta-layouts":"","_glsr_average":0,"_glsr_ranking":0,"_glsr_reviews":0},"product_brand":[],"product_cat":[74],"product_tag":[],"class_list":{"0":"post-2420","1":"product","2":"type-product","3":"status-publish","4":"has-post-thumbnail","6":"product_cat-natisni-doma","7":"desktop-align-center","8":"tablet-align-left","9":"mobile-align-left","11":"first","12":"instock","13":"sale","14":"shipping-taxable","15":"purchasable","16":"product-type-variable"},"yoast_head":"<!-- This site is optimized with the Yoast SEO plugin v25.2 - https:\/\/yoast.com\/wordpress\/plugins\/seo\/ -->\n<title>Printable: Daily PAD - Happy Planner Land<\/title>\n<meta name=\"robots\" content=\"index, follow, max-snippet:-1, max-image-preview:large, max-video-preview:-1\" \/>\n<link rel=\"canonical\" href=\"https:\/\/happyplannerland.com\/en\/product\/printable-daily-pad\/\" \/>\n<meta property=\"og:locale\" content=\"en_GB\" \/>\n<meta property=\"og:type\" content=\"article\" \/>\n<meta property=\"og:title\" content=\"Printable: Daily PAD - Happy Planner Land\" \/>\n<meta property=\"og:description\" content=\"DIGITALNI PRODUKT  Bodi na teko\u010dem z vsakodnevnimi opravili z na\u0161o DAILY PAD bele\u017eko. Zapi\u0161i svoje dnevne naloge, cilje in sledi svojim navadam.  Hiter pogled in vedela bo\u0161, kaj mora\u0161 opraviti vsak dan, pa naj gre za tvoje podjetje \/ delo |\u00a0dom in dru\u017eino |\u00a0zdravje in fitnes |\u00a0osebno \u017eivljenje.  DAILY PAD prihaja z urnikom od 6. do 21. ure in odsekom za glavne prednostne naloge.  Prenesi pdf datoteko v A4 ali A5 velikosti in jo natisni.  DIGITAL PRODUCT  Keep up to date with your daily tasks with our DAILY PAD notepad printable. Write down your daily tasks, goals and follow up with your habits.  Take a quick look and you will know what you have to do every day, connected to your company \/ work,\u00a0 home and family, health and fitness and your personal life.  The DAILY PAD comes with a schedule from 6 a.m. to 9 p.m. and a section for top priority tasks.  Download your file after purchasing in A4 or A5 size.\" \/>\n<meta property=\"og:url\" content=\"https:\/\/happyplannerland.com\/en\/product\/printable-daily-pad\/\" \/>\n<meta property=\"og:site_name\" content=\"Happy Planner Land\" \/>\n<meta property=\"article:modified_time\" content=\"2024-08-04T13:02:04+00:00\" \/>\n<meta property=\"og:image\" content=\"https:\/\/happyplannerland.com\/wp-content\/uploads\/2020\/11\/8.jpg\" \/>\n\t<meta property=\"og:image:width\" content=\"1484\" \/>\n\t<meta property=\"og:image:height\" content=\"1484\" \/>\n\t<meta property=\"og:image:type\" content=\"image\/jpeg\" \/>\n<meta name=\"twitter:card\" content=\"summary_large_image\" \/>\n<script type=\"application\/ld+json\" class=\"yoast-schema-graph\">{\"@context\":\"https:\/\/schema.org\",\"@graph\":[{\"@type\":\"WebPage\",\"@id\":\"https:\/\/happyplannerland.com\/izdelek\/printable-daily-pad\/\",\"url\":\"https:\/\/happyplannerland.com\/izdelek\/printable-daily-pad\/\",\"name\":\"Printable: Daily PAD - Happy Planner Land\",\"isPartOf\":{\"@id\":\"https:\/\/happyplannerland.com\/#website\"},\"primaryImageOfPage\":{\"@id\":\"https:\/\/happyplannerland.com\/izdelek\/printable-daily-pad\/#primaryimage\"},\"image\":{\"@id\":\"https:\/\/happyplannerland.com\/izdelek\/printable-daily-pad\/#primaryimage\"},\"thumbnailUrl\":\"https:\/\/happyplannerland.com\/wp-content\/uploads\/2020\/11\/8.jpg\",\"datePublished\":\"2021-06-07T10:00:19+00:00\",\"dateModified\":\"2024-08-04T13:02:04+00:00\",\"breadcrumb\":{\"@id\":\"https:\/\/happyplannerland.com\/izdelek\/printable-daily-pad\/#breadcrumb\"},\"inLanguage\":\"en-GB\",\"potentialAction\":[{\"@type\":\"ReadAction\",\"target\":[\"https:\/\/happyplannerland.com\/izdelek\/printable-daily-pad\/\"]}]},{\"@type\":\"ImageObject\",\"inLanguage\":\"en-GB\",\"@id\":\"https:\/\/happyplannerland.com\/izdelek\/printable-daily-pad\/#primaryimage\",\"url\":\"https:\/\/happyplannerland.com\/wp-content\/uploads\/2020\/11\/8.jpg\",\"contentUrl\":\"https:\/\/happyplannerland.com\/wp-content\/uploads\/2020\/11\/8.jpg\",\"width\":1484,\"height\":1484,\"caption\":\"dnevna bele\u017eka\"},{\"@type\":\"BreadcrumbList\",\"@id\":\"https:\/\/happyplannerland.com\/izdelek\/printable-daily-pad\/#breadcrumb\",\"itemListElement\":[{\"@type\":\"ListItem\",\"position\":1,\"name\":\"Home\",\"item\":\"https:\/\/happyplannerland.com\/\"},{\"@type\":\"ListItem\",\"position\":2,\"name\":\"Izdelki\",\"item\":\"https:\/\/happyplannerland.com\/shop\/\"},{\"@type\":\"ListItem\",\"position\":3,\"name\":\"Printable: Daily PAD\"}]},{\"@type\":\"WebSite\",\"@id\":\"https:\/\/happyplannerland.com\/#website\",\"url\":\"https:\/\/happyplannerland.com\/\",\"name\":\"Happy Planner Land\",\"description\":\"Happy Planner Land\",\"publisher\":{\"@id\":\"https:\/\/happyplannerland.com\/#organization\"},\"potentialAction\":[{\"@type\":\"SearchAction\",\"target\":{\"@type\":\"EntryPoint\",\"urlTemplate\":\"https:\/\/happyplannerland.com\/?s={search_term_string}\"},\"query-input\":{\"@type\":\"PropertyValueSpecification\",\"valueRequired\":true,\"valueName\":\"search_term_string\"}}],\"inLanguage\":\"en-GB\"},{\"@type\":\"Organization\",\"@id\":\"https:\/\/happyplannerland.com\/#organization\",\"name\":\"Happy Planner Land\",\"url\":\"https:\/\/happyplannerland.com\/\",\"logo\":{\"@type\":\"ImageObject\",\"inLanguage\":\"en-GB\",\"@id\":\"https:\/\/happyplannerland.com\/#\/schema\/logo\/image\/\",\"url\":\"https:\/\/happyplannerland.com\/wp-content\/uploads\/2022\/06\/cropped-1gtgt.png\",\"contentUrl\":\"https:\/\/happyplannerland.com\/wp-content\/uploads\/2022\/06\/cropped-1gtgt.png\",\"width\":283,\"height\":95,\"caption\":\"Happy Planner Land\"},\"image\":{\"@id\":\"https:\/\/happyplannerland.com\/#\/schema\/logo\/image\/\"}}]}<\/script>\n<!-- \/ Yoast SEO plugin. -->","yoast_head_json":{"title":"Printable: Daily PAD - Happy Planner Land","robots":{"index":"index","follow":"follow","max-snippet":"max-snippet:-1","max-image-preview":"max-image-preview:large","max-video-preview":"max-video-preview:-1"},"canonical":"https:\/\/happyplannerland.com\/en\/product\/printable-daily-pad\/","og_locale":"en_GB","og_type":"article","og_title":"Printable: Daily PAD - Happy Planner Land","og_description":"DIGITALNI PRODUKT  Bodi na teko\u010dem z vsakodnevnimi opravili z na\u0161o DAILY PAD bele\u017eko. Zapi\u0161i svoje dnevne naloge, cilje in sledi svojim navadam.  Hiter pogled in vedela bo\u0161, kaj mora\u0161 opraviti vsak dan, pa naj gre za tvoje podjetje \/ delo |\u00a0dom in dru\u017eino |\u00a0zdravje in fitnes |\u00a0osebno \u017eivljenje.  DAILY PAD prihaja z urnikom od 6. do 21. ure in odsekom za glavne prednostne naloge.  Prenesi pdf datoteko v A4 ali A5 velikosti in jo natisni.  DIGITAL PRODUCT  Keep up to date with your daily tasks with our DAILY PAD notepad printable. Write down your daily tasks, goals and follow up with your habits.  Take a quick look and you will know what you have to do every day, connected to your company \/ work,\u00a0 home and family, health and fitness and your personal life.  The DAILY PAD comes with a schedule from 6 a.m. to 9 p.m. and a section for top priority tasks.  Download your file after purchasing in A4 or A5 size.","og_url":"https:\/\/happyplannerland.com\/en\/product\/printable-daily-pad\/","og_site_name":"Happy Planner Land","article_modified_time":"2024-08-04T13:02:04+00:00","og_image":[{"width":1484,"height":1484,"url":"https:\/\/happyplannerland.com\/wp-content\/uploads\/2020\/11\/8.jpg","type":"image\/jpeg"}],"twitter_card":"summary_large_image","schema":{"@context":"https:\/\/schema.org","@graph":[{"@type":"WebPage","@id":"https:\/\/happyplannerland.com\/izdelek\/printable-daily-pad\/","url":"https:\/\/happyplannerland.com\/izdelek\/printable-daily-pad\/","name":"Printable: Daily PAD - Happy Planner Land","isPartOf":{"@id":"https:\/\/happyplannerland.com\/#website"},"primaryImageOfPage":{"@id":"https:\/\/happyplannerland.com\/izdelek\/printable-daily-pad\/#primaryimage"},"image":{"@id":"https:\/\/happyplannerland.com\/izdelek\/printable-daily-pad\/#primaryimage"},"thumbnailUrl":"https:\/\/happyplannerland.com\/wp-content\/uploads\/2020\/11\/8.jpg","datePublished":"2021-06-07T10:00:19+00:00","dateModified":"2024-08-04T13:02:04+00:00","breadcrumb":{"@id":"https:\/\/happyplannerland.com\/izdelek\/printable-daily-pad\/#breadcrumb"},"inLanguage":"en-GB","potentialAction":[{"@type":"ReadAction","target":["https:\/\/happyplannerland.com\/izdelek\/printable-daily-pad\/"]}]},{"@type":"ImageObject","inLanguage":"en-GB","@id":"https:\/\/happyplannerland.com\/izdelek\/printable-daily-pad\/#primaryimage","url":"https:\/\/happyplannerland.com\/wp-content\/uploads\/2020\/11\/8.jpg","contentUrl":"https:\/\/happyplannerland.com\/wp-content\/uploads\/2020\/11\/8.jpg","width":1484,"height":1484,"caption":"dnevna bele\u017eka"},{"@type":"BreadcrumbList","@id":"https:\/\/happyplannerland.com\/izdelek\/printable-daily-pad\/#breadcrumb","itemListElement":[{"@type":"ListItem","position":1,"name":"Home","item":"https:\/\/happyplannerland.com\/"},{"@type":"ListItem","position":2,"name":"Izdelki","item":"https:\/\/happyplannerland.com\/shop\/"},{"@type":"ListItem","position":3,"name":"Printable: Daily PAD"}]},{"@type":"WebSite","@id":"https:\/\/happyplannerland.com\/#website","url":"https:\/\/happyplannerland.com\/","name":"Happy Planner Land","description":"Happy Planner Land","publisher":{"@id":"https:\/\/happyplannerland.com\/#organization"},"potentialAction":[{"@type":"SearchAction","target":{"@type":"EntryPoint","urlTemplate":"https:\/\/happyplannerland.com\/?s={search_term_string}"},"query-input":{"@type":"PropertyValueSpecification","valueRequired":true,"valueName":"search_term_string"}}],"inLanguage":"en-GB"},{"@type":"Organization","@id":"https:\/\/happyplannerland.com\/#organization","name":"Happy Planner Land","url":"https:\/\/happyplannerland.com\/","logo":{"@type":"ImageObject","inLanguage":"en-GB","@id":"https:\/\/happyplannerland.com\/#\/schema\/logo\/image\/","url":"https:\/\/happyplannerland.com\/wp-content\/uploads\/2022\/06\/cropped-1gtgt.png","contentUrl":"https:\/\/happyplannerland.com\/wp-content\/uploads\/2022\/06\/cropped-1gtgt.png","width":283,"height":95,"caption":"Happy Planner Land"},"image":{"@id":"https:\/\/happyplannerland.com\/#\/schema\/logo\/image\/"}}]}},"_links":{"self":[{"href":"https:\/\/happyplannerland.com\/en\/wp-json\/wp\/v2\/product\/2420","targetHints":{"allow":["GET"]}}],"collection":[{"href":"https:\/\/happyplannerland.com\/en\/wp-json\/wp\/v2\/product"}],"about":[{"href":"https:\/\/happyplannerland.com\/en\/wp-json\/wp\/v2\/types\/product"}],"replies":[{"embeddable":true,"href":"https:\/\/happyplannerland.com\/en\/wp-json\/wp\/v2\/comments?post=2420"}],"version-history":[{"count":1,"href":"https:\/\/happyplannerland.com\/en\/wp-json\/wp\/v2\/product\/2420\/revisions"}],"predecessor-version":[{"id":7584,"href":"https:\/\/happyplannerland.com\/en\/wp-json\/wp\/v2\/product\/2420\/revisions\/7584"}],"wp:featuredmedia":[{"embeddable":true,"href":"https:\/\/happyplannerland.com\/en\/wp-json\/wp\/v2\/media\/1485"}],"wp:attachment":[{"href":"https:\/\/happyplannerland.com\/en\/wp-json\/wp\/v2\/media?parent=2420"}],"wp:term":[{"taxonomy":"product_brand","embeddable":true,"href":"https:\/\/happyplannerland.com\/en\/wp-json\/wp\/v2\/product_brand?post=2420"},{"taxonomy":"product_cat","embeddable":true,"href":"https:\/\/happyplannerland.com\/en\/wp-json\/wp\/v2\/product_cat?post=2420"},{"taxonomy":"product_tag","embeddable":true,"href":"https:\/\/happyplannerland.com\/en\/wp-json\/wp\/v2\/product_tag?post=2420"}],"curies":[{"name":"wp","href":"https:\/\/api.w.org\/{rel}","templated":true}]}}