{"id":2949,"date":"2021-11-16T18:06:50","date_gmt":"2021-11-16T18:06:50","guid":{"rendered":"https:\/\/happyplannerland.com\/?post_type=product&#038;p=2949"},"modified":"2024-08-04T13:01:38","modified_gmt":"2024-08-04T13:01:38","slug":"nalepke-barvni-krogci","status":"publish","type":"product","link":"https:\/\/happyplannerland.com\/en\/product\/nalepke-barvni-krogci\/","title":{"rendered":"Stickers: Coloured Circles"},"content":{"rendered":"","protected":false},"excerpt":{"rendered":"<p>Prioritize your task with colors. Beautiful pastel colors will further beautify the interior of your planner and motivate you to complete them.<\/p>\n<p>The package contains 3 sheets of stickers in all three colors.<\/p>","protected":false},"featured_media":2960,"comment_status":"closed","ping_status":"closed","template":"","meta":{"_monsterinsights_skip_tracking":false,"_monsterinsights_sitenote_active":false,"_monsterinsights_sitenote_note":"","_monsterinsights_sitenote_category":0,"site-sidebar-layout":"default","site-content-layout":"default","ast-site-content-layout":"","site-content-style":"default","site-sidebar-style":"default","ast-global-header-display":"","ast-banner-title-visibility":"","ast-main-header-display":"","ast-hfb-above-header-display":"","ast-hfb-below-header-display":"","ast-hfb-mobile-header-display":"","site-post-title":"","ast-breadcrumbs-content":"","ast-featured-img":"","footer-sml-layout":"","theme-transparent-header-meta":"default","adv-header-id-meta":"","stick-header-meta":"","header-above-stick-meta":"","header-main-stick-meta":"","header-below-stick-meta":"","astra-migrate-meta-layouts":"","_glsr_average":0,"_glsr_ranking":0,"_glsr_reviews":0},"product_brand":[],"product_cat":[78,76],"product_tag":[],"class_list":{"0":"post-2949","1":"product","2":"type-product","3":"status-publish","4":"has-post-thumbnail","6":"product_cat-dodatki","7":"product_cat-nalepke","8":"desktop-align-center","9":"tablet-align-left","10":"mobile-align-left","12":"first","13":"instock","14":"shipping-taxable","15":"purchasable","16":"product-type-simple"},"yoast_head":"<!-- This site is optimized with the Yoast SEO plugin v25.2 - https:\/\/yoast.com\/wordpress\/plugins\/seo\/ -->\n<title>Nalepke: Barvni krogci - Happy Planner Land<\/title>\n<meta name=\"description\" content=\"Pomagaj si priorotizirati svoje nalogo z barvami. \u010cudovite pastelne barve bodo \u0161e polep\u0161ale notranjost tvojega planerja in te motivirale, da jih dokon\u010da\u0161.\" \/>\n<meta name=\"robots\" content=\"index, follow, max-snippet:-1, max-image-preview:large, max-video-preview:-1\" \/>\n<link rel=\"canonical\" href=\"https:\/\/happyplannerland.com\/en\/product\/nalepke-barvni-krogci\/\" \/>\n<meta property=\"og:locale\" content=\"en_GB\" \/>\n<meta property=\"og:type\" content=\"article\" \/>\n<meta property=\"og:title\" content=\"Nalepke: Barvni krogci - Happy Planner Land\" \/>\n<meta property=\"og:description\" content=\"Pomagaj si priorotizirati svoje nalogo z barvami. \u010cudovite pastelne barve bodo \u0161e polep\u0161ale notranjost tvojega planerja in te motivirale, da jih dokon\u010da\u0161.\" \/>\n<meta property=\"og:url\" content=\"https:\/\/happyplannerland.com\/en\/product\/nalepke-barvni-krogci\/\" \/>\n<meta property=\"og:site_name\" content=\"Happy Planner Land\" \/>\n<meta property=\"article:modified_time\" content=\"2024-08-04T13:01:38+00:00\" \/>\n<meta property=\"og:image\" content=\"https:\/\/happyplannerland.com\/wp-content\/uploads\/2021\/11\/82BC96D4-B9EF-4E8C-BE00-D196813F7023.png\" \/>\n\t<meta property=\"og:image:width\" content=\"1080\" \/>\n\t<meta property=\"og:image:height\" content=\"1080\" \/>\n\t<meta property=\"og:image:type\" content=\"image\/png\" \/>\n<meta name=\"twitter:card\" content=\"summary_large_image\" \/>\n<script type=\"application\/ld+json\" class=\"yoast-schema-graph\">{\"@context\":\"https:\/\/schema.org\",\"@graph\":[{\"@type\":\"WebPage\",\"@id\":\"https:\/\/happyplannerland.com\/izdelek\/nalepke-barvni-krogci\/\",\"url\":\"https:\/\/happyplannerland.com\/izdelek\/nalepke-barvni-krogci\/\",\"name\":\"Nalepke: Barvni krogci - Happy Planner Land\",\"isPartOf\":{\"@id\":\"https:\/\/happyplannerland.com\/#website\"},\"primaryImageOfPage\":{\"@id\":\"https:\/\/happyplannerland.com\/izdelek\/nalepke-barvni-krogci\/#primaryimage\"},\"image\":{\"@id\":\"https:\/\/happyplannerland.com\/izdelek\/nalepke-barvni-krogci\/#primaryimage\"},\"thumbnailUrl\":\"https:\/\/happyplannerland.com\/wp-content\/uploads\/2021\/11\/82BC96D4-B9EF-4E8C-BE00-D196813F7023.png\",\"datePublished\":\"2021-11-16T18:06:50+00:00\",\"dateModified\":\"2024-08-04T13:01:38+00:00\",\"description\":\"Pomagaj si priorotizirati svoje nalogo z barvami. \u010cudovite pastelne barve bodo \u0161e polep\u0161ale notranjost tvojega planerja in te motivirale, da jih dokon\u010da\u0161.\",\"breadcrumb\":{\"@id\":\"https:\/\/happyplannerland.com\/izdelek\/nalepke-barvni-krogci\/#breadcrumb\"},\"inLanguage\":\"en-GB\",\"potentialAction\":[{\"@type\":\"ReadAction\",\"target\":[\"https:\/\/happyplannerland.com\/izdelek\/nalepke-barvni-krogci\/\"]}]},{\"@type\":\"ImageObject\",\"inLanguage\":\"en-GB\",\"@id\":\"https:\/\/happyplannerland.com\/izdelek\/nalepke-barvni-krogci\/#primaryimage\",\"url\":\"https:\/\/happyplannerland.com\/wp-content\/uploads\/2021\/11\/82BC96D4-B9EF-4E8C-BE00-D196813F7023.png\",\"contentUrl\":\"https:\/\/happyplannerland.com\/wp-content\/uploads\/2021\/11\/82BC96D4-B9EF-4E8C-BE00-D196813F7023.png\",\"width\":1080,\"height\":1080,\"caption\":\"nalepke\"},{\"@type\":\"BreadcrumbList\",\"@id\":\"https:\/\/happyplannerland.com\/izdelek\/nalepke-barvni-krogci\/#breadcrumb\",\"itemListElement\":[{\"@type\":\"ListItem\",\"position\":1,\"name\":\"Home\",\"item\":\"https:\/\/happyplannerland.com\/\"},{\"@type\":\"ListItem\",\"position\":2,\"name\":\"Izdelki\",\"item\":\"https:\/\/happyplannerland.com\/shop\/\"},{\"@type\":\"ListItem\",\"position\":3,\"name\":\"Nalepke: Barvni krogci\"}]},{\"@type\":\"WebSite\",\"@id\":\"https:\/\/happyplannerland.com\/#website\",\"url\":\"https:\/\/happyplannerland.com\/\",\"name\":\"Happy Planner Land\",\"description\":\"Happy Planner Land\",\"publisher\":{\"@id\":\"https:\/\/happyplannerland.com\/#organization\"},\"potentialAction\":[{\"@type\":\"SearchAction\",\"target\":{\"@type\":\"EntryPoint\",\"urlTemplate\":\"https:\/\/happyplannerland.com\/?s={search_term_string}\"},\"query-input\":{\"@type\":\"PropertyValueSpecification\",\"valueRequired\":true,\"valueName\":\"search_term_string\"}}],\"inLanguage\":\"en-GB\"},{\"@type\":\"Organization\",\"@id\":\"https:\/\/happyplannerland.com\/#organization\",\"name\":\"Happy Planner Land\",\"url\":\"https:\/\/happyplannerland.com\/\",\"logo\":{\"@type\":\"ImageObject\",\"inLanguage\":\"en-GB\",\"@id\":\"https:\/\/happyplannerland.com\/#\/schema\/logo\/image\/\",\"url\":\"https:\/\/happyplannerland.com\/wp-content\/uploads\/2022\/06\/cropped-1gtgt.png\",\"contentUrl\":\"https:\/\/happyplannerland.com\/wp-content\/uploads\/2022\/06\/cropped-1gtgt.png\",\"width\":283,\"height\":95,\"caption\":\"Happy Planner Land\"},\"image\":{\"@id\":\"https:\/\/happyplannerland.com\/#\/schema\/logo\/image\/\"}}]}<\/script>\n<!-- \/ Yoast SEO plugin. -->","yoast_head_json":{"title":"Nalepke: Barvni krogci - Happy Planner Land","description":"Pomagaj si priorotizirati svoje nalogo z barvami. \u010cudovite pastelne barve bodo \u0161e polep\u0161ale notranjost tvojega planerja in te motivirale, da jih dokon\u010da\u0161.","robots":{"index":"index","follow":"follow","max-snippet":"max-snippet:-1","max-image-preview":"max-image-preview:large","max-video-preview":"max-video-preview:-1"},"canonical":"https:\/\/happyplannerland.com\/en\/product\/nalepke-barvni-krogci\/","og_locale":"en_GB","og_type":"article","og_title":"Nalepke: Barvni krogci - Happy Planner Land","og_description":"Pomagaj si priorotizirati svoje nalogo z barvami. \u010cudovite pastelne barve bodo \u0161e polep\u0161ale notranjost tvojega planerja in te motivirale, da jih dokon\u010da\u0161.","og_url":"https:\/\/happyplannerland.com\/en\/product\/nalepke-barvni-krogci\/","og_site_name":"Happy Planner Land","article_modified_time":"2024-08-04T13:01:38+00:00","og_image":[{"width":1080,"height":1080,"url":"https:\/\/happyplannerland.com\/wp-content\/uploads\/2021\/11\/82BC96D4-B9EF-4E8C-BE00-D196813F7023.png","type":"image\/png"}],"twitter_card":"summary_large_image","schema":{"@context":"https:\/\/schema.org","@graph":[{"@type":"WebPage","@id":"https:\/\/happyplannerland.com\/izdelek\/nalepke-barvni-krogci\/","url":"https:\/\/happyplannerland.com\/izdelek\/nalepke-barvni-krogci\/","name":"Nalepke: Barvni krogci - Happy Planner Land","isPartOf":{"@id":"https:\/\/happyplannerland.com\/#website"},"primaryImageOfPage":{"@id":"https:\/\/happyplannerland.com\/izdelek\/nalepke-barvni-krogci\/#primaryimage"},"image":{"@id":"https:\/\/happyplannerland.com\/izdelek\/nalepke-barvni-krogci\/#primaryimage"},"thumbnailUrl":"https:\/\/happyplannerland.com\/wp-content\/uploads\/2021\/11\/82BC96D4-B9EF-4E8C-BE00-D196813F7023.png","datePublished":"2021-11-16T18:06:50+00:00","dateModified":"2024-08-04T13:01:38+00:00","description":"Pomagaj si priorotizirati svoje nalogo z barvami. \u010cudovite pastelne barve bodo \u0161e polep\u0161ale notranjost tvojega planerja in te motivirale, da jih dokon\u010da\u0161.","breadcrumb":{"@id":"https:\/\/happyplannerland.com\/izdelek\/nalepke-barvni-krogci\/#breadcrumb"},"inLanguage":"en-GB","potentialAction":[{"@type":"ReadAction","target":["https:\/\/happyplannerland.com\/izdelek\/nalepke-barvni-krogci\/"]}]},{"@type":"ImageObject","inLanguage":"en-GB","@id":"https:\/\/happyplannerland.com\/izdelek\/nalepke-barvni-krogci\/#primaryimage","url":"https:\/\/happyplannerland.com\/wp-content\/uploads\/2021\/11\/82BC96D4-B9EF-4E8C-BE00-D196813F7023.png","contentUrl":"https:\/\/happyplannerland.com\/wp-content\/uploads\/2021\/11\/82BC96D4-B9EF-4E8C-BE00-D196813F7023.png","width":1080,"height":1080,"caption":"nalepke"},{"@type":"BreadcrumbList","@id":"https:\/\/happyplannerland.com\/izdelek\/nalepke-barvni-krogci\/#breadcrumb","itemListElement":[{"@type":"ListItem","position":1,"name":"Home","item":"https:\/\/happyplannerland.com\/"},{"@type":"ListItem","position":2,"name":"Izdelki","item":"https:\/\/happyplannerland.com\/shop\/"},{"@type":"ListItem","position":3,"name":"Nalepke: Barvni krogci"}]},{"@type":"WebSite","@id":"https:\/\/happyplannerland.com\/#website","url":"https:\/\/happyplannerland.com\/","name":"Happy Planner Land","description":"Happy Planner Land","publisher":{"@id":"https:\/\/happyplannerland.com\/#organization"},"potentialAction":[{"@type":"SearchAction","target":{"@type":"EntryPoint","urlTemplate":"https:\/\/happyplannerland.com\/?s={search_term_string}"},"query-input":{"@type":"PropertyValueSpecification","valueRequired":true,"valueName":"search_term_string"}}],"inLanguage":"en-GB"},{"@type":"Organization","@id":"https:\/\/happyplannerland.com\/#organization","name":"Happy Planner Land","url":"https:\/\/happyplannerland.com\/","logo":{"@type":"ImageObject","inLanguage":"en-GB","@id":"https:\/\/happyplannerland.com\/#\/schema\/logo\/image\/","url":"https:\/\/happyplannerland.com\/wp-content\/uploads\/2022\/06\/cropped-1gtgt.png","contentUrl":"https:\/\/happyplannerland.com\/wp-content\/uploads\/2022\/06\/cropped-1gtgt.png","width":283,"height":95,"caption":"Happy Planner Land"},"image":{"@id":"https:\/\/happyplannerland.com\/#\/schema\/logo\/image\/"}}]}},"_links":{"self":[{"href":"https:\/\/happyplannerland.com\/en\/wp-json\/wp\/v2\/product\/2949","targetHints":{"allow":["GET"]}}],"collection":[{"href":"https:\/\/happyplannerland.com\/en\/wp-json\/wp\/v2\/product"}],"about":[{"href":"https:\/\/happyplannerland.com\/en\/wp-json\/wp\/v2\/types\/product"}],"replies":[{"embeddable":true,"href":"https:\/\/happyplannerland.com\/en\/wp-json\/wp\/v2\/comments?post=2949"}],"version-history":[{"count":1,"href":"https:\/\/happyplannerland.com\/en\/wp-json\/wp\/v2\/product\/2949\/revisions"}],"predecessor-version":[{"id":7583,"href":"https:\/\/happyplannerland.com\/en\/wp-json\/wp\/v2\/product\/2949\/revisions\/7583"}],"wp:featuredmedia":[{"embeddable":true,"href":"https:\/\/happyplannerland.com\/en\/wp-json\/wp\/v2\/media\/2960"}],"wp:attachment":[{"href":"https:\/\/happyplannerland.com\/en\/wp-json\/wp\/v2\/media?parent=2949"}],"wp:term":[{"taxonomy":"product_brand","embeddable":true,"href":"https:\/\/happyplannerland.com\/en\/wp-json\/wp\/v2\/product_brand?post=2949"},{"taxonomy":"product_cat","embeddable":true,"href":"https:\/\/happyplannerland.com\/en\/wp-json\/wp\/v2\/product_cat?post=2949"},{"taxonomy":"product_tag","embeddable":true,"href":"https:\/\/happyplannerland.com\/en\/wp-json\/wp\/v2\/product_tag?post=2949"}],"curies":[{"name":"wp","href":"https:\/\/api.w.org\/{rel}","templated":true}]}}