{"id":2961,"date":"2021-11-16T18:07:01","date_gmt":"2021-11-16T18:07:01","guid":{"rendered":"https:\/\/happyplannerland.com\/?post_type=product&#038;p=2961"},"modified":"2024-08-04T13:01:24","modified_gmt":"2024-08-04T13:01:24","slug":"nalepke-krogci-ikone","status":"publish","type":"product","link":"https:\/\/happyplannerland.com\/en\/product\/nalepke-krogci-ikone\/","title":{"rendered":"Stickers: Circles with icons"},"content":{"rendered":"","protected":false},"excerpt":{"rendered":"<p>Save time and label your chores, obligations, leisure activities, coffees and dinners. Much faster and nicer. Plus you save space \ud83d\ude42<\/p>\n<p>The package contains 2 sheets of stickers with different icons:<\/p>\n<ul>\n<li>Free Time<\/li>\n<li>Self Care<\/li>\n<\/ul>","protected":false},"featured_media":2964,"comment_status":"closed","ping_status":"closed","template":"","meta":{"_monsterinsights_skip_tracking":false,"_monsterinsights_sitenote_active":false,"_monsterinsights_sitenote_note":"","_monsterinsights_sitenote_category":0,"site-sidebar-layout":"default","site-content-layout":"default","ast-site-content-layout":"","site-content-style":"default","site-sidebar-style":"default","ast-global-header-display":"","ast-banner-title-visibility":"","ast-main-header-display":"","ast-hfb-above-header-display":"","ast-hfb-below-header-display":"","ast-hfb-mobile-header-display":"","site-post-title":"","ast-breadcrumbs-content":"","ast-featured-img":"","footer-sml-layout":"","theme-transparent-header-meta":"default","adv-header-id-meta":"","stick-header-meta":"","header-above-stick-meta":"","header-main-stick-meta":"","header-below-stick-meta":"","astra-migrate-meta-layouts":"","_glsr_average":0,"_glsr_ranking":0,"_glsr_reviews":0},"product_brand":[],"product_cat":[78,76],"product_tag":[],"class_list":{"0":"post-2961","1":"product","2":"type-product","3":"status-publish","4":"has-post-thumbnail","6":"product_cat-dodatki","7":"product_cat-nalepke","8":"desktop-align-center","9":"tablet-align-left","10":"mobile-align-left","12":"first","13":"instock","14":"shipping-taxable","15":"purchasable","16":"product-type-simple"},"yoast_head":"<!-- This site is optimized with the Yoast SEO plugin v25.2 - https:\/\/yoast.com\/wordpress\/plugins\/seo\/ -->\n<title>Nalepke: Krogci z ikonami - Happy Planner Land<\/title>\n<meta name=\"description\" content=\"Prihrani \u010das in si opravke, obveznosti, aktivnosti v prostem \u010dasu, kavice in ve\u010derje ozna\u010di kar z nalepkami. Veliko hitreje in lep\u0161e.\" \/>\n<meta name=\"robots\" content=\"index, follow, max-snippet:-1, max-image-preview:large, max-video-preview:-1\" \/>\n<link rel=\"canonical\" href=\"https:\/\/happyplannerland.com\/en\/product\/nalepke-krogci-ikone\/\" \/>\n<meta property=\"og:locale\" content=\"en_GB\" \/>\n<meta property=\"og:type\" content=\"article\" \/>\n<meta property=\"og:title\" content=\"Nalepke: Krogci z ikonami - Happy Planner Land\" \/>\n<meta property=\"og:description\" content=\"Prihrani \u010das in si opravke, obveznosti, aktivnosti v prostem \u010dasu, kavice in ve\u010derje ozna\u010di kar z nalepkami. Veliko hitreje in lep\u0161e.\" \/>\n<meta property=\"og:url\" content=\"https:\/\/happyplannerland.com\/en\/product\/nalepke-krogci-ikone\/\" \/>\n<meta property=\"og:site_name\" content=\"Happy Planner Land\" \/>\n<meta property=\"article:modified_time\" content=\"2024-08-04T13:01:24+00:00\" \/>\n<meta property=\"og:image\" content=\"https:\/\/happyplannerland.com\/wp-content\/uploads\/2021\/11\/3F951402-007D-4954-B37F-AC4902D8EB1D.png\" \/>\n\t<meta property=\"og:image:width\" content=\"1080\" \/>\n\t<meta property=\"og:image:height\" content=\"1080\" \/>\n\t<meta property=\"og:image:type\" content=\"image\/png\" \/>\n<meta name=\"twitter:card\" content=\"summary_large_image\" \/>\n<script type=\"application\/ld+json\" class=\"yoast-schema-graph\">{\"@context\":\"https:\/\/schema.org\",\"@graph\":[{\"@type\":\"WebPage\",\"@id\":\"https:\/\/happyplannerland.com\/izdelek\/nalepke-krogci-ikone\/\",\"url\":\"https:\/\/happyplannerland.com\/izdelek\/nalepke-krogci-ikone\/\",\"name\":\"Nalepke: Krogci z ikonami - Happy Planner Land\",\"isPartOf\":{\"@id\":\"https:\/\/happyplannerland.com\/#website\"},\"primaryImageOfPage\":{\"@id\":\"https:\/\/happyplannerland.com\/izdelek\/nalepke-krogci-ikone\/#primaryimage\"},\"image\":{\"@id\":\"https:\/\/happyplannerland.com\/izdelek\/nalepke-krogci-ikone\/#primaryimage\"},\"thumbnailUrl\":\"https:\/\/happyplannerland.com\/wp-content\/uploads\/2021\/11\/3F951402-007D-4954-B37F-AC4902D8EB1D.png\",\"datePublished\":\"2021-11-16T18:07:01+00:00\",\"dateModified\":\"2024-08-04T13:01:24+00:00\",\"description\":\"Prihrani \u010das in si opravke, obveznosti, aktivnosti v prostem \u010dasu, kavice in ve\u010derje ozna\u010di kar z nalepkami. Veliko hitreje in lep\u0161e.\",\"breadcrumb\":{\"@id\":\"https:\/\/happyplannerland.com\/izdelek\/nalepke-krogci-ikone\/#breadcrumb\"},\"inLanguage\":\"en-GB\",\"potentialAction\":[{\"@type\":\"ReadAction\",\"target\":[\"https:\/\/happyplannerland.com\/izdelek\/nalepke-krogci-ikone\/\"]}]},{\"@type\":\"ImageObject\",\"inLanguage\":\"en-GB\",\"@id\":\"https:\/\/happyplannerland.com\/izdelek\/nalepke-krogci-ikone\/#primaryimage\",\"url\":\"https:\/\/happyplannerland.com\/wp-content\/uploads\/2021\/11\/3F951402-007D-4954-B37F-AC4902D8EB1D.png\",\"contentUrl\":\"https:\/\/happyplannerland.com\/wp-content\/uploads\/2021\/11\/3F951402-007D-4954-B37F-AC4902D8EB1D.png\",\"width\":1080,\"height\":1080,\"caption\":\"nalepka ikone\"},{\"@type\":\"BreadcrumbList\",\"@id\":\"https:\/\/happyplannerland.com\/izdelek\/nalepke-krogci-ikone\/#breadcrumb\",\"itemListElement\":[{\"@type\":\"ListItem\",\"position\":1,\"name\":\"Home\",\"item\":\"https:\/\/happyplannerland.com\/\"},{\"@type\":\"ListItem\",\"position\":2,\"name\":\"Izdelki\",\"item\":\"https:\/\/happyplannerland.com\/shop\/\"},{\"@type\":\"ListItem\",\"position\":3,\"name\":\"Nalepke: Krogci z ikonami\"}]},{\"@type\":\"WebSite\",\"@id\":\"https:\/\/happyplannerland.com\/#website\",\"url\":\"https:\/\/happyplannerland.com\/\",\"name\":\"Happy Planner Land\",\"description\":\"Happy Planner Land\",\"publisher\":{\"@id\":\"https:\/\/happyplannerland.com\/#organization\"},\"potentialAction\":[{\"@type\":\"SearchAction\",\"target\":{\"@type\":\"EntryPoint\",\"urlTemplate\":\"https:\/\/happyplannerland.com\/?s={search_term_string}\"},\"query-input\":{\"@type\":\"PropertyValueSpecification\",\"valueRequired\":true,\"valueName\":\"search_term_string\"}}],\"inLanguage\":\"en-GB\"},{\"@type\":\"Organization\",\"@id\":\"https:\/\/happyplannerland.com\/#organization\",\"name\":\"Happy Planner Land\",\"url\":\"https:\/\/happyplannerland.com\/\",\"logo\":{\"@type\":\"ImageObject\",\"inLanguage\":\"en-GB\",\"@id\":\"https:\/\/happyplannerland.com\/#\/schema\/logo\/image\/\",\"url\":\"https:\/\/happyplannerland.com\/wp-content\/uploads\/2022\/06\/cropped-1gtgt.png\",\"contentUrl\":\"https:\/\/happyplannerland.com\/wp-content\/uploads\/2022\/06\/cropped-1gtgt.png\",\"width\":283,\"height\":95,\"caption\":\"Happy Planner Land\"},\"image\":{\"@id\":\"https:\/\/happyplannerland.com\/#\/schema\/logo\/image\/\"}}]}<\/script>\n<!-- \/ Yoast SEO plugin. -->","yoast_head_json":{"title":"Nalepke: Krogci z ikonami - Happy Planner Land","description":"Prihrani \u010das in si opravke, obveznosti, aktivnosti v prostem \u010dasu, kavice in ve\u010derje ozna\u010di kar z nalepkami. Veliko hitreje in lep\u0161e.","robots":{"index":"index","follow":"follow","max-snippet":"max-snippet:-1","max-image-preview":"max-image-preview:large","max-video-preview":"max-video-preview:-1"},"canonical":"https:\/\/happyplannerland.com\/en\/product\/nalepke-krogci-ikone\/","og_locale":"en_GB","og_type":"article","og_title":"Nalepke: Krogci z ikonami - Happy Planner Land","og_description":"Prihrani \u010das in si opravke, obveznosti, aktivnosti v prostem \u010dasu, kavice in ve\u010derje ozna\u010di kar z nalepkami. Veliko hitreje in lep\u0161e.","og_url":"https:\/\/happyplannerland.com\/en\/product\/nalepke-krogci-ikone\/","og_site_name":"Happy Planner Land","article_modified_time":"2024-08-04T13:01:24+00:00","og_image":[{"width":1080,"height":1080,"url":"https:\/\/happyplannerland.com\/wp-content\/uploads\/2021\/11\/3F951402-007D-4954-B37F-AC4902D8EB1D.png","type":"image\/png"}],"twitter_card":"summary_large_image","schema":{"@context":"https:\/\/schema.org","@graph":[{"@type":"WebPage","@id":"https:\/\/happyplannerland.com\/izdelek\/nalepke-krogci-ikone\/","url":"https:\/\/happyplannerland.com\/izdelek\/nalepke-krogci-ikone\/","name":"Nalepke: Krogci z ikonami - Happy Planner Land","isPartOf":{"@id":"https:\/\/happyplannerland.com\/#website"},"primaryImageOfPage":{"@id":"https:\/\/happyplannerland.com\/izdelek\/nalepke-krogci-ikone\/#primaryimage"},"image":{"@id":"https:\/\/happyplannerland.com\/izdelek\/nalepke-krogci-ikone\/#primaryimage"},"thumbnailUrl":"https:\/\/happyplannerland.com\/wp-content\/uploads\/2021\/11\/3F951402-007D-4954-B37F-AC4902D8EB1D.png","datePublished":"2021-11-16T18:07:01+00:00","dateModified":"2024-08-04T13:01:24+00:00","description":"Prihrani \u010das in si opravke, obveznosti, aktivnosti v prostem \u010dasu, kavice in ve\u010derje ozna\u010di kar z nalepkami. Veliko hitreje in lep\u0161e.","breadcrumb":{"@id":"https:\/\/happyplannerland.com\/izdelek\/nalepke-krogci-ikone\/#breadcrumb"},"inLanguage":"en-GB","potentialAction":[{"@type":"ReadAction","target":["https:\/\/happyplannerland.com\/izdelek\/nalepke-krogci-ikone\/"]}]},{"@type":"ImageObject","inLanguage":"en-GB","@id":"https:\/\/happyplannerland.com\/izdelek\/nalepke-krogci-ikone\/#primaryimage","url":"https:\/\/happyplannerland.com\/wp-content\/uploads\/2021\/11\/3F951402-007D-4954-B37F-AC4902D8EB1D.png","contentUrl":"https:\/\/happyplannerland.com\/wp-content\/uploads\/2021\/11\/3F951402-007D-4954-B37F-AC4902D8EB1D.png","width":1080,"height":1080,"caption":"nalepka ikone"},{"@type":"BreadcrumbList","@id":"https:\/\/happyplannerland.com\/izdelek\/nalepke-krogci-ikone\/#breadcrumb","itemListElement":[{"@type":"ListItem","position":1,"name":"Home","item":"https:\/\/happyplannerland.com\/"},{"@type":"ListItem","position":2,"name":"Izdelki","item":"https:\/\/happyplannerland.com\/shop\/"},{"@type":"ListItem","position":3,"name":"Nalepke: Krogci z ikonami"}]},{"@type":"WebSite","@id":"https:\/\/happyplannerland.com\/#website","url":"https:\/\/happyplannerland.com\/","name":"Happy Planner Land","description":"Happy Planner Land","publisher":{"@id":"https:\/\/happyplannerland.com\/#organization"},"potentialAction":[{"@type":"SearchAction","target":{"@type":"EntryPoint","urlTemplate":"https:\/\/happyplannerland.com\/?s={search_term_string}"},"query-input":{"@type":"PropertyValueSpecification","valueRequired":true,"valueName":"search_term_string"}}],"inLanguage":"en-GB"},{"@type":"Organization","@id":"https:\/\/happyplannerland.com\/#organization","name":"Happy Planner Land","url":"https:\/\/happyplannerland.com\/","logo":{"@type":"ImageObject","inLanguage":"en-GB","@id":"https:\/\/happyplannerland.com\/#\/schema\/logo\/image\/","url":"https:\/\/happyplannerland.com\/wp-content\/uploads\/2022\/06\/cropped-1gtgt.png","contentUrl":"https:\/\/happyplannerland.com\/wp-content\/uploads\/2022\/06\/cropped-1gtgt.png","width":283,"height":95,"caption":"Happy Planner Land"},"image":{"@id":"https:\/\/happyplannerland.com\/#\/schema\/logo\/image\/"}}]}},"_links":{"self":[{"href":"https:\/\/happyplannerland.com\/en\/wp-json\/wp\/v2\/product\/2961","targetHints":{"allow":["GET"]}}],"collection":[{"href":"https:\/\/happyplannerland.com\/en\/wp-json\/wp\/v2\/product"}],"about":[{"href":"https:\/\/happyplannerland.com\/en\/wp-json\/wp\/v2\/types\/product"}],"replies":[{"embeddable":true,"href":"https:\/\/happyplannerland.com\/en\/wp-json\/wp\/v2\/comments?post=2961"}],"version-history":[{"count":1,"href":"https:\/\/happyplannerland.com\/en\/wp-json\/wp\/v2\/product\/2961\/revisions"}],"predecessor-version":[{"id":7582,"href":"https:\/\/happyplannerland.com\/en\/wp-json\/wp\/v2\/product\/2961\/revisions\/7582"}],"wp:featuredmedia":[{"embeddable":true,"href":"https:\/\/happyplannerland.com\/en\/wp-json\/wp\/v2\/media\/2964"}],"wp:attachment":[{"href":"https:\/\/happyplannerland.com\/en\/wp-json\/wp\/v2\/media?parent=2961"}],"wp:term":[{"taxonomy":"product_brand","embeddable":true,"href":"https:\/\/happyplannerland.com\/en\/wp-json\/wp\/v2\/product_brand?post=2961"},{"taxonomy":"product_cat","embeddable":true,"href":"https:\/\/happyplannerland.com\/en\/wp-json\/wp\/v2\/product_cat?post=2961"},{"taxonomy":"product_tag","embeddable":true,"href":"https:\/\/happyplannerland.com\/en\/wp-json\/wp\/v2\/product_tag?post=2961"}],"curies":[{"name":"wp","href":"https:\/\/api.w.org\/{rel}","templated":true}]}}