{"id":2966,"date":"2021-11-16T18:22:31","date_gmt":"2021-11-16T18:22:31","guid":{"rendered":"https:\/\/happyplannerland.com\/?post_type=product&#038;p=2966"},"modified":"2024-08-04T13:01:05","modified_gmt":"2024-08-04T13:01:05","slug":"nalepke-napisi","status":"publish","type":"product","link":"https:\/\/happyplannerland.com\/en\/product\/nalepke-napisi\/","title":{"rendered":"Labels"},"content":{"rendered":"","protected":false},"excerpt":{"rendered":"<p>A mixed selection of labels with captions for your planner or diary. You can choose between leisure and self-care stickers and job and finance stickers. Each sticker is pre-cut on waterproof vinyl with a matte glossy finish.<\/p>\n<p>The price is given for 1 sheet with stickers.<\/p>","protected":false},"featured_media":2975,"comment_status":"closed","ping_status":"closed","template":"","meta":{"_monsterinsights_skip_tracking":false,"_monsterinsights_sitenote_active":false,"_monsterinsights_sitenote_note":"","_monsterinsights_sitenote_category":0,"site-sidebar-layout":"default","site-content-layout":"default","ast-site-content-layout":"","site-content-style":"default","site-sidebar-style":"default","ast-global-header-display":"","ast-banner-title-visibility":"","ast-main-header-display":"","ast-hfb-above-header-display":"","ast-hfb-below-header-display":"","ast-hfb-mobile-header-display":"","site-post-title":"","ast-breadcrumbs-content":"","ast-featured-img":"","footer-sml-layout":"","theme-transparent-header-meta":"default","adv-header-id-meta":"","stick-header-meta":"","header-above-stick-meta":"","header-main-stick-meta":"","header-below-stick-meta":"","astra-migrate-meta-layouts":"","_glsr_average":0,"_glsr_ranking":0,"_glsr_reviews":0},"product_brand":[],"product_cat":[78,76],"product_tag":[],"class_list":{"0":"post-2966","1":"product","2":"type-product","3":"status-publish","4":"has-post-thumbnail","6":"product_cat-dodatki","7":"product_cat-nalepke","8":"desktop-align-center","9":"tablet-align-left","10":"mobile-align-left","12":"first","13":"instock","14":"shipping-taxable","15":"purchasable","16":"product-type-variable"},"yoast_head":"<!-- This site is optimized with the Yoast SEO plugin v25.2 - https:\/\/yoast.com\/wordpress\/plugins\/seo\/ -->\n<title>Nalepke z napisi - Happy Planner Land<\/title>\n<meta name=\"description\" content=\"Me\u0161ana izbira \u0161tiriindvajsetih bo\u017ei\u010dnih nalepk za tvoj planer, dnevnik ali celo bo\u017ei\u010dne vo\u0161\u010dilnice. Vesel bo\u017ei\u010d v planer\u010dku.\" \/>\n<meta name=\"robots\" content=\"index, follow, max-snippet:-1, max-image-preview:large, max-video-preview:-1\" \/>\n<link rel=\"canonical\" href=\"https:\/\/happyplannerland.com\/en\/product\/nalepke-napisi\/\" \/>\n<meta property=\"og:locale\" content=\"en_GB\" \/>\n<meta property=\"og:type\" content=\"article\" \/>\n<meta property=\"og:title\" content=\"Nalepke z napisi - Happy Planner Land\" \/>\n<meta property=\"og:description\" content=\"Me\u0161ana izbira \u0161tiriindvajsetih bo\u017ei\u010dnih nalepk za tvoj planer, dnevnik ali celo bo\u017ei\u010dne vo\u0161\u010dilnice. Vesel bo\u017ei\u010d v planer\u010dku.\" \/>\n<meta property=\"og:url\" content=\"https:\/\/happyplannerland.com\/en\/product\/nalepke-napisi\/\" \/>\n<meta property=\"og:site_name\" content=\"Happy Planner Land\" \/>\n<meta property=\"article:modified_time\" content=\"2024-08-04T13:01:05+00:00\" \/>\n<meta property=\"og:image\" content=\"https:\/\/happyplannerland.com\/wp-content\/uploads\/2021\/11\/EDD3ECEE-D8E0-4B71-89D0-9DD4D326D0A7.png\" \/>\n\t<meta property=\"og:image:width\" content=\"1080\" \/>\n\t<meta property=\"og:image:height\" content=\"1080\" \/>\n\t<meta property=\"og:image:type\" content=\"image\/png\" \/>\n<meta name=\"twitter:card\" content=\"summary_large_image\" \/>\n<script type=\"application\/ld+json\" class=\"yoast-schema-graph\">{\"@context\":\"https:\/\/schema.org\",\"@graph\":[{\"@type\":\"WebPage\",\"@id\":\"https:\/\/happyplannerland.com\/izdelek\/nalepke-napisi\/\",\"url\":\"https:\/\/happyplannerland.com\/izdelek\/nalepke-napisi\/\",\"name\":\"Nalepke z napisi - Happy Planner Land\",\"isPartOf\":{\"@id\":\"https:\/\/happyplannerland.com\/#website\"},\"primaryImageOfPage\":{\"@id\":\"https:\/\/happyplannerland.com\/izdelek\/nalepke-napisi\/#primaryimage\"},\"image\":{\"@id\":\"https:\/\/happyplannerland.com\/izdelek\/nalepke-napisi\/#primaryimage\"},\"thumbnailUrl\":\"https:\/\/happyplannerland.com\/wp-content\/uploads\/2021\/11\/EDD3ECEE-D8E0-4B71-89D0-9DD4D326D0A7.png\",\"datePublished\":\"2021-11-16T18:22:31+00:00\",\"dateModified\":\"2024-08-04T13:01:05+00:00\",\"description\":\"Me\u0161ana izbira \u0161tiriindvajsetih bo\u017ei\u010dnih nalepk za tvoj planer, dnevnik ali celo bo\u017ei\u010dne vo\u0161\u010dilnice. Vesel bo\u017ei\u010d v planer\u010dku.\",\"breadcrumb\":{\"@id\":\"https:\/\/happyplannerland.com\/izdelek\/nalepke-napisi\/#breadcrumb\"},\"inLanguage\":\"en-GB\",\"potentialAction\":[{\"@type\":\"ReadAction\",\"target\":[\"https:\/\/happyplannerland.com\/izdelek\/nalepke-napisi\/\"]}]},{\"@type\":\"ImageObject\",\"inLanguage\":\"en-GB\",\"@id\":\"https:\/\/happyplannerland.com\/izdelek\/nalepke-napisi\/#primaryimage\",\"url\":\"https:\/\/happyplannerland.com\/wp-content\/uploads\/2021\/11\/EDD3ECEE-D8E0-4B71-89D0-9DD4D326D0A7.png\",\"contentUrl\":\"https:\/\/happyplannerland.com\/wp-content\/uploads\/2021\/11\/EDD3ECEE-D8E0-4B71-89D0-9DD4D326D0A7.png\",\"width\":1080,\"height\":1080},{\"@type\":\"BreadcrumbList\",\"@id\":\"https:\/\/happyplannerland.com\/izdelek\/nalepke-napisi\/#breadcrumb\",\"itemListElement\":[{\"@type\":\"ListItem\",\"position\":1,\"name\":\"Home\",\"item\":\"https:\/\/happyplannerland.com\/\"},{\"@type\":\"ListItem\",\"position\":2,\"name\":\"Izdelki\",\"item\":\"https:\/\/happyplannerland.com\/shop\/\"},{\"@type\":\"ListItem\",\"position\":3,\"name\":\"Nalepke z napisi\"}]},{\"@type\":\"WebSite\",\"@id\":\"https:\/\/happyplannerland.com\/#website\",\"url\":\"https:\/\/happyplannerland.com\/\",\"name\":\"Happy Planner Land\",\"description\":\"Happy Planner Land\",\"publisher\":{\"@id\":\"https:\/\/happyplannerland.com\/#organization\"},\"potentialAction\":[{\"@type\":\"SearchAction\",\"target\":{\"@type\":\"EntryPoint\",\"urlTemplate\":\"https:\/\/happyplannerland.com\/?s={search_term_string}\"},\"query-input\":{\"@type\":\"PropertyValueSpecification\",\"valueRequired\":true,\"valueName\":\"search_term_string\"}}],\"inLanguage\":\"en-GB\"},{\"@type\":\"Organization\",\"@id\":\"https:\/\/happyplannerland.com\/#organization\",\"name\":\"Happy Planner Land\",\"url\":\"https:\/\/happyplannerland.com\/\",\"logo\":{\"@type\":\"ImageObject\",\"inLanguage\":\"en-GB\",\"@id\":\"https:\/\/happyplannerland.com\/#\/schema\/logo\/image\/\",\"url\":\"https:\/\/happyplannerland.com\/wp-content\/uploads\/2022\/06\/cropped-1gtgt.png\",\"contentUrl\":\"https:\/\/happyplannerland.com\/wp-content\/uploads\/2022\/06\/cropped-1gtgt.png\",\"width\":283,\"height\":95,\"caption\":\"Happy Planner Land\"},\"image\":{\"@id\":\"https:\/\/happyplannerland.com\/#\/schema\/logo\/image\/\"}}]}<\/script>\n<!-- \/ Yoast SEO plugin. -->","yoast_head_json":{"title":"Nalepke z napisi - Happy Planner Land","description":"Me\u0161ana izbira \u0161tiriindvajsetih bo\u017ei\u010dnih nalepk za tvoj planer, dnevnik ali celo bo\u017ei\u010dne vo\u0161\u010dilnice. Vesel bo\u017ei\u010d v planer\u010dku.","robots":{"index":"index","follow":"follow","max-snippet":"max-snippet:-1","max-image-preview":"max-image-preview:large","max-video-preview":"max-video-preview:-1"},"canonical":"https:\/\/happyplannerland.com\/en\/product\/nalepke-napisi\/","og_locale":"en_GB","og_type":"article","og_title":"Nalepke z napisi - Happy Planner Land","og_description":"Me\u0161ana izbira \u0161tiriindvajsetih bo\u017ei\u010dnih nalepk za tvoj planer, dnevnik ali celo bo\u017ei\u010dne vo\u0161\u010dilnice. Vesel bo\u017ei\u010d v planer\u010dku.","og_url":"https:\/\/happyplannerland.com\/en\/product\/nalepke-napisi\/","og_site_name":"Happy Planner Land","article_modified_time":"2024-08-04T13:01:05+00:00","og_image":[{"width":1080,"height":1080,"url":"https:\/\/happyplannerland.com\/wp-content\/uploads\/2021\/11\/EDD3ECEE-D8E0-4B71-89D0-9DD4D326D0A7.png","type":"image\/png"}],"twitter_card":"summary_large_image","schema":{"@context":"https:\/\/schema.org","@graph":[{"@type":"WebPage","@id":"https:\/\/happyplannerland.com\/izdelek\/nalepke-napisi\/","url":"https:\/\/happyplannerland.com\/izdelek\/nalepke-napisi\/","name":"Nalepke z napisi - Happy Planner Land","isPartOf":{"@id":"https:\/\/happyplannerland.com\/#website"},"primaryImageOfPage":{"@id":"https:\/\/happyplannerland.com\/izdelek\/nalepke-napisi\/#primaryimage"},"image":{"@id":"https:\/\/happyplannerland.com\/izdelek\/nalepke-napisi\/#primaryimage"},"thumbnailUrl":"https:\/\/happyplannerland.com\/wp-content\/uploads\/2021\/11\/EDD3ECEE-D8E0-4B71-89D0-9DD4D326D0A7.png","datePublished":"2021-11-16T18:22:31+00:00","dateModified":"2024-08-04T13:01:05+00:00","description":"Me\u0161ana izbira \u0161tiriindvajsetih bo\u017ei\u010dnih nalepk za tvoj planer, dnevnik ali celo bo\u017ei\u010dne vo\u0161\u010dilnice. Vesel bo\u017ei\u010d v planer\u010dku.","breadcrumb":{"@id":"https:\/\/happyplannerland.com\/izdelek\/nalepke-napisi\/#breadcrumb"},"inLanguage":"en-GB","potentialAction":[{"@type":"ReadAction","target":["https:\/\/happyplannerland.com\/izdelek\/nalepke-napisi\/"]}]},{"@type":"ImageObject","inLanguage":"en-GB","@id":"https:\/\/happyplannerland.com\/izdelek\/nalepke-napisi\/#primaryimage","url":"https:\/\/happyplannerland.com\/wp-content\/uploads\/2021\/11\/EDD3ECEE-D8E0-4B71-89D0-9DD4D326D0A7.png","contentUrl":"https:\/\/happyplannerland.com\/wp-content\/uploads\/2021\/11\/EDD3ECEE-D8E0-4B71-89D0-9DD4D326D0A7.png","width":1080,"height":1080},{"@type":"BreadcrumbList","@id":"https:\/\/happyplannerland.com\/izdelek\/nalepke-napisi\/#breadcrumb","itemListElement":[{"@type":"ListItem","position":1,"name":"Home","item":"https:\/\/happyplannerland.com\/"},{"@type":"ListItem","position":2,"name":"Izdelki","item":"https:\/\/happyplannerland.com\/shop\/"},{"@type":"ListItem","position":3,"name":"Nalepke z napisi"}]},{"@type":"WebSite","@id":"https:\/\/happyplannerland.com\/#website","url":"https:\/\/happyplannerland.com\/","name":"Happy Planner Land","description":"Happy Planner Land","publisher":{"@id":"https:\/\/happyplannerland.com\/#organization"},"potentialAction":[{"@type":"SearchAction","target":{"@type":"EntryPoint","urlTemplate":"https:\/\/happyplannerland.com\/?s={search_term_string}"},"query-input":{"@type":"PropertyValueSpecification","valueRequired":true,"valueName":"search_term_string"}}],"inLanguage":"en-GB"},{"@type":"Organization","@id":"https:\/\/happyplannerland.com\/#organization","name":"Happy Planner Land","url":"https:\/\/happyplannerland.com\/","logo":{"@type":"ImageObject","inLanguage":"en-GB","@id":"https:\/\/happyplannerland.com\/#\/schema\/logo\/image\/","url":"https:\/\/happyplannerland.com\/wp-content\/uploads\/2022\/06\/cropped-1gtgt.png","contentUrl":"https:\/\/happyplannerland.com\/wp-content\/uploads\/2022\/06\/cropped-1gtgt.png","width":283,"height":95,"caption":"Happy Planner Land"},"image":{"@id":"https:\/\/happyplannerland.com\/#\/schema\/logo\/image\/"}}]}},"_links":{"self":[{"href":"https:\/\/happyplannerland.com\/en\/wp-json\/wp\/v2\/product\/2966","targetHints":{"allow":["GET"]}}],"collection":[{"href":"https:\/\/happyplannerland.com\/en\/wp-json\/wp\/v2\/product"}],"about":[{"href":"https:\/\/happyplannerland.com\/en\/wp-json\/wp\/v2\/types\/product"}],"replies":[{"embeddable":true,"href":"https:\/\/happyplannerland.com\/en\/wp-json\/wp\/v2\/comments?post=2966"}],"version-history":[{"count":1,"href":"https:\/\/happyplannerland.com\/en\/wp-json\/wp\/v2\/product\/2966\/revisions"}],"predecessor-version":[{"id":7581,"href":"https:\/\/happyplannerland.com\/en\/wp-json\/wp\/v2\/product\/2966\/revisions\/7581"}],"wp:featuredmedia":[{"embeddable":true,"href":"https:\/\/happyplannerland.com\/en\/wp-json\/wp\/v2\/media\/2975"}],"wp:attachment":[{"href":"https:\/\/happyplannerland.com\/en\/wp-json\/wp\/v2\/media?parent=2966"}],"wp:term":[{"taxonomy":"product_brand","embeddable":true,"href":"https:\/\/happyplannerland.com\/en\/wp-json\/wp\/v2\/product_brand?post=2966"},{"taxonomy":"product_cat","embeddable":true,"href":"https:\/\/happyplannerland.com\/en\/wp-json\/wp\/v2\/product_cat?post=2966"},{"taxonomy":"product_tag","embeddable":true,"href":"https:\/\/happyplannerland.com\/en\/wp-json\/wp\/v2\/product_tag?post=2966"}],"curies":[{"name":"wp","href":"https:\/\/api.w.org\/{rel}","templated":true}]}}