{"id":3042,"date":"2021-11-18T18:01:14","date_gmt":"2021-11-18T18:01:14","guid":{"rendered":"https:\/\/happyplannerland.com\/?post_type=product&#038;p=3042"},"modified":"2024-12-25T20:18:48","modified_gmt":"2024-12-25T20:18:48","slug":"bozicno-darilo-stick-it","status":"publish","type":"product","link":"https:\/\/happyplannerland.com\/en\/product\/bozicno-darilo-stick-it\/","title":{"rendered":"Stick It"},"content":{"rendered":"<p>Bo\u017ei\u010dno darilo planer 2022 novi izdaji ti omogo\u010da, da bo\u0161 dvignila svojo produktivnost in si hitreje, predvsem pa la\u017eje organizirala svoj dan in si kljub natrpanem urniku uspela vzeti tudi \u010das zase.<\/p>\n<p>Poleg standardnih mese\u010dnih strani za na\u010drtovanje, vsebuje prostor za na\u010drtovanje svojih opravil, fitnesa in prehrane, prostor za postavitev letnih in mese\u010dnih ciljev, strain za na\u010drtovanje in sledenje svojim financam in navadam.<\/p>\n<p><a href=\"https:\/\/www.trgovinaika.si\/trgovina\/letni-planer-2021-sparkle\/\">https:\/\/www.trgovinaika.si\/trgovina\/letni-planer-2021-sparkle\/<\/a><\/p>\n<h4>KAJ VSEBUJE?<\/h4>\n<p>&nbsp;<\/p>\n<p>Set your goals for 2022<\/p>\n<p>Organize your tasks<\/p>\n<p>Track your habits<\/p>\n<p>Plan and monitor your finances<\/p>\n<p>Take some time for yourself<\/p>\n<p>Spremljaj vse pomembne datume, praznike in rojstne dneve<\/p>\n<p><a href=\"https:\/\/www.trgovinaika.si\/trgovina\/letni-planer-2021-sparkle\/\">https:\/\/happyplannerland.com\/planer-2021-dnevna-ali-tedenska-izdaja<\/a><\/p>\n<h4>IZDELAVA<\/h4>\n<p>Prav vsak je narejen z Rose Gold spiralno vezavo in vogalniki. Klju\u010dna razlika pa je seveda dizajn platni\u010dk. Zaradi velikega zanimanja smo pri Happy plan obdr\u017eali vsem \u017ee dobro poznane platni\u010dke.<\/p>\n<p>Happy FLUFF, Happy SPARKLE in HAPPY GEM.<\/p>\n<p>Hkrati pa za leto 2021 izbira\u0161 med tremi novimi nekoliko bolj \u017eenstvenimi stili. Happy ART, Happy BLOSSOM in Happy BLUSH. Prav vse platni\u010dke za leto 2021 pa lahko pokombinira\u0161 z dvema razli\u010dnima dizajnoma notranjih strani: z dnevno in tedensko izdajo.<\/p>\n<h4>https:\/\/happyplannerland.com\/izdelek\/planer-20<a href=\"https:\/\/happyplannerland.com\/en\/product\/planer-2022-pocket-bloom\/\">22-pocket-bloom\/<\/a><\/h4>\n<h4><strong>KAJ VSEBUJE TEDENSKA IZDAJA?<\/strong><\/h4>\n<p>Tedenska izdaja ima za vsak teden dodeljeni dve strani z razporeditvijo vsakega dne po urah od 5:00 pa vse do 22:00.<\/p>\n<p>Prav tako kot dnevna izdaja, ima\u0161 tudi v tedenski izdaji poleg mese\u010dnega pregleda z zavihki za la\u017ejo navigacijo po planerju. na voljo tudi stran za pregled in sledenje svojim financam.<\/p>\n<p>Na koncu vsakega meseca lahko najde\u0161 6 \u010drtnih listov z dovolj prostora za zapis vseh nalog. Ki jih je potrebno dokon\u010dati. Na za\u010detku vsakega meseca sta dve strani namenjeni sledenju tvojih navad.<\/p>\n<p>Pitju vode, telovadbi in po\u010dutju in nekaj praznih prostorov. Kjer lahko dopi\u0161e\u0161 svoje dodatne navade in jim sledi\u0161 ter le-te iz meseca v mesec izbolj\u0161uje\u0161.<\/p>\n<p>Tedenska izdaja je namenjen vsem, ki imajo veliko opravkov in sestankov. Ki so omejeni po urah ter potrebujete dovolj praznega prostora. Za zapis vseh misli, da ne uidejo. \u00a0Idealna je tudi za vse tiste, ki si radi \u010dasovno blokirate dneve. In u\u017eivate v na\u010drtovanju celotnega tedna z enim samim zamahom.<\/p>","protected":false},"excerpt":{"rendered":"<p>A wonderful and meaningful gift that she will love all year round. This gift set includes:<\/p>\n<ul>\n<li>Self Care nalepke<\/li>\n<li>Free Time nalepke<\/li>\n<li>Work nalepke<\/li>\n<li>Finance nalepke<\/li>\n<li>Nalepke Dotted v 3 barvah<\/li>\n<\/ul>\n<p>All orders receive FREE Christmas stickers and a Christmas card.<\/p>","protected":false},"featured_media":2990,"comment_status":"closed","ping_status":"closed","template":"","meta":{"_monsterinsights_skip_tracking":false,"_monsterinsights_sitenote_active":false,"_monsterinsights_sitenote_note":"","_monsterinsights_sitenote_category":0,"site-sidebar-layout":"default","site-content-layout":"default","ast-site-content-layout":"","site-content-style":"default","site-sidebar-style":"default","ast-global-header-display":"","ast-banner-title-visibility":"","ast-main-header-display":"","ast-hfb-above-header-display":"","ast-hfb-below-header-display":"","ast-hfb-mobile-header-display":"","site-post-title":"","ast-breadcrumbs-content":"","ast-featured-img":"","footer-sml-layout":"","theme-transparent-header-meta":"default","adv-header-id-meta":"","stick-header-meta":"","header-above-stick-meta":"","header-main-stick-meta":"","header-below-stick-meta":"","astra-migrate-meta-layouts":"","_glsr_average":0,"_glsr_ranking":0,"_glsr_reviews":0},"product_brand":[],"product_cat":[78,76,79],"product_tag":[],"class_list":{"0":"post-3042","1":"product","2":"type-product","3":"status-publish","4":"has-post-thumbnail","6":"product_cat-dodatki","7":"product_cat-nalepke","8":"product_cat-paketi","9":"desktop-align-center","10":"tablet-align-left","11":"mobile-align-left","13":"first","14":"outofstock","15":"sale","16":"shipping-taxable","17":"purchasable","18":"product-type-simple"},"yoast_head":"<!-- This site is optimized with the Yoast SEO plugin v25.2 - https:\/\/yoast.com\/wordpress\/plugins\/seo\/ -->\n<title>Stick It - Happy Planner Land<\/title>\n<meta name=\"description\" content=\"\u010cudovito in pomenljivo bo\u017ei\u010dno darilo, ki ji bo v\u0161e\u010d vse leto. Podari ji nekaj, kar ji bom pomagalo uloviti ravnote\u017eje in uresni\u010diti cilje.\" \/>\n<meta name=\"robots\" content=\"index, follow, max-snippet:-1, max-image-preview:large, max-video-preview:-1\" \/>\n<link rel=\"canonical\" href=\"https:\/\/happyplannerland.com\/en\/product\/bozicno-darilo-stick-it\/\" \/>\n<meta property=\"og:locale\" content=\"en_GB\" \/>\n<meta property=\"og:type\" content=\"article\" \/>\n<meta property=\"og:title\" content=\"Stick It - Happy Planner Land\" \/>\n<meta property=\"og:description\" content=\"\u010cudovito in pomenljivo bo\u017ei\u010dno darilo, ki ji bo v\u0161e\u010d vse leto. Podari ji nekaj, kar ji bom pomagalo uloviti ravnote\u017eje in uresni\u010diti cilje.\" \/>\n<meta property=\"og:url\" content=\"https:\/\/happyplannerland.com\/en\/product\/bozicno-darilo-stick-it\/\" \/>\n<meta property=\"og:site_name\" content=\"Happy Planner Land\" \/>\n<meta property=\"article:modified_time\" content=\"2024-12-25T20:18:48+00:00\" \/>\n<meta property=\"og:image\" content=\"https:\/\/happyplannerland.com\/wp-content\/uploads\/2021\/11\/IMG_3880.jpg\" \/>\n\t<meta property=\"og:image:width\" content=\"1415\" \/>\n\t<meta property=\"og:image:height\" content=\"1415\" \/>\n\t<meta property=\"og:image:type\" content=\"image\/jpeg\" \/>\n<meta name=\"twitter:card\" content=\"summary_large_image\" \/>\n<meta name=\"twitter:label1\" content=\"Estimated reading time\" \/>\n\t<meta name=\"twitter:data1\" content=\"2 minutes\" \/>\n<script type=\"application\/ld+json\" class=\"yoast-schema-graph\">{\"@context\":\"https:\/\/schema.org\",\"@graph\":[{\"@type\":\"WebPage\",\"@id\":\"https:\/\/happyplannerland.com\/izdelek\/bozicno-darilo-stick-it\/\",\"url\":\"https:\/\/happyplannerland.com\/izdelek\/bozicno-darilo-stick-it\/\",\"name\":\"Stick It - Happy Planner Land\",\"isPartOf\":{\"@id\":\"https:\/\/happyplannerland.com\/#website\"},\"primaryImageOfPage\":{\"@id\":\"https:\/\/happyplannerland.com\/izdelek\/bozicno-darilo-stick-it\/#primaryimage\"},\"image\":{\"@id\":\"https:\/\/happyplannerland.com\/izdelek\/bozicno-darilo-stick-it\/#primaryimage\"},\"thumbnailUrl\":\"https:\/\/happyplannerland.com\/wp-content\/uploads\/2021\/11\/IMG_3880.jpg\",\"datePublished\":\"2021-11-18T18:01:14+00:00\",\"dateModified\":\"2024-12-25T20:18:48+00:00\",\"description\":\"\u010cudovito in pomenljivo bo\u017ei\u010dno darilo, ki ji bo v\u0161e\u010d vse leto. Podari ji nekaj, kar ji bom pomagalo uloviti ravnote\u017eje in uresni\u010diti cilje.\",\"breadcrumb\":{\"@id\":\"https:\/\/happyplannerland.com\/izdelek\/bozicno-darilo-stick-it\/#breadcrumb\"},\"inLanguage\":\"en-GB\",\"potentialAction\":[{\"@type\":\"ReadAction\",\"target\":[\"https:\/\/happyplannerland.com\/izdelek\/bozicno-darilo-stick-it\/\"]}]},{\"@type\":\"ImageObject\",\"inLanguage\":\"en-GB\",\"@id\":\"https:\/\/happyplannerland.com\/izdelek\/bozicno-darilo-stick-it\/#primaryimage\",\"url\":\"https:\/\/happyplannerland.com\/wp-content\/uploads\/2021\/11\/IMG_3880.jpg\",\"contentUrl\":\"https:\/\/happyplannerland.com\/wp-content\/uploads\/2021\/11\/IMG_3880.jpg\",\"width\":1415,\"height\":1415},{\"@type\":\"BreadcrumbList\",\"@id\":\"https:\/\/happyplannerland.com\/izdelek\/bozicno-darilo-stick-it\/#breadcrumb\",\"itemListElement\":[{\"@type\":\"ListItem\",\"position\":1,\"name\":\"Home\",\"item\":\"https:\/\/happyplannerland.com\/\"},{\"@type\":\"ListItem\",\"position\":2,\"name\":\"Izdelki\",\"item\":\"https:\/\/happyplannerland.com\/shop\/\"},{\"@type\":\"ListItem\",\"position\":3,\"name\":\"Stick It\"}]},{\"@type\":\"WebSite\",\"@id\":\"https:\/\/happyplannerland.com\/#website\",\"url\":\"https:\/\/happyplannerland.com\/\",\"name\":\"Happy Planner Land\",\"description\":\"Happy Planner Land\",\"publisher\":{\"@id\":\"https:\/\/happyplannerland.com\/#organization\"},\"potentialAction\":[{\"@type\":\"SearchAction\",\"target\":{\"@type\":\"EntryPoint\",\"urlTemplate\":\"https:\/\/happyplannerland.com\/?s={search_term_string}\"},\"query-input\":{\"@type\":\"PropertyValueSpecification\",\"valueRequired\":true,\"valueName\":\"search_term_string\"}}],\"inLanguage\":\"en-GB\"},{\"@type\":\"Organization\",\"@id\":\"https:\/\/happyplannerland.com\/#organization\",\"name\":\"Happy Planner Land\",\"url\":\"https:\/\/happyplannerland.com\/\",\"logo\":{\"@type\":\"ImageObject\",\"inLanguage\":\"en-GB\",\"@id\":\"https:\/\/happyplannerland.com\/#\/schema\/logo\/image\/\",\"url\":\"https:\/\/happyplannerland.com\/wp-content\/uploads\/2022\/06\/cropped-1gtgt.png\",\"contentUrl\":\"https:\/\/happyplannerland.com\/wp-content\/uploads\/2022\/06\/cropped-1gtgt.png\",\"width\":283,\"height\":95,\"caption\":\"Happy Planner Land\"},\"image\":{\"@id\":\"https:\/\/happyplannerland.com\/#\/schema\/logo\/image\/\"}}]}<\/script>\n<!-- \/ Yoast SEO plugin. -->","yoast_head_json":{"title":"Stick It - Happy Planner Land","description":"\u010cudovito in pomenljivo bo\u017ei\u010dno darilo, ki ji bo v\u0161e\u010d vse leto. Podari ji nekaj, kar ji bom pomagalo uloviti ravnote\u017eje in uresni\u010diti cilje.","robots":{"index":"index","follow":"follow","max-snippet":"max-snippet:-1","max-image-preview":"max-image-preview:large","max-video-preview":"max-video-preview:-1"},"canonical":"https:\/\/happyplannerland.com\/en\/product\/bozicno-darilo-stick-it\/","og_locale":"en_GB","og_type":"article","og_title":"Stick It - Happy Planner Land","og_description":"\u010cudovito in pomenljivo bo\u017ei\u010dno darilo, ki ji bo v\u0161e\u010d vse leto. Podari ji nekaj, kar ji bom pomagalo uloviti ravnote\u017eje in uresni\u010diti cilje.","og_url":"https:\/\/happyplannerland.com\/en\/product\/bozicno-darilo-stick-it\/","og_site_name":"Happy Planner Land","article_modified_time":"2024-12-25T20:18:48+00:00","og_image":[{"width":1415,"height":1415,"url":"https:\/\/happyplannerland.com\/wp-content\/uploads\/2021\/11\/IMG_3880.jpg","type":"image\/jpeg"}],"twitter_card":"summary_large_image","twitter_misc":{"Estimated reading time":"2 minutes"},"schema":{"@context":"https:\/\/schema.org","@graph":[{"@type":"WebPage","@id":"https:\/\/happyplannerland.com\/izdelek\/bozicno-darilo-stick-it\/","url":"https:\/\/happyplannerland.com\/izdelek\/bozicno-darilo-stick-it\/","name":"Stick It - Happy Planner Land","isPartOf":{"@id":"https:\/\/happyplannerland.com\/#website"},"primaryImageOfPage":{"@id":"https:\/\/happyplannerland.com\/izdelek\/bozicno-darilo-stick-it\/#primaryimage"},"image":{"@id":"https:\/\/happyplannerland.com\/izdelek\/bozicno-darilo-stick-it\/#primaryimage"},"thumbnailUrl":"https:\/\/happyplannerland.com\/wp-content\/uploads\/2021\/11\/IMG_3880.jpg","datePublished":"2021-11-18T18:01:14+00:00","dateModified":"2024-12-25T20:18:48+00:00","description":"\u010cudovito in pomenljivo bo\u017ei\u010dno darilo, ki ji bo v\u0161e\u010d vse leto. Podari ji nekaj, kar ji bom pomagalo uloviti ravnote\u017eje in uresni\u010diti cilje.","breadcrumb":{"@id":"https:\/\/happyplannerland.com\/izdelek\/bozicno-darilo-stick-it\/#breadcrumb"},"inLanguage":"en-GB","potentialAction":[{"@type":"ReadAction","target":["https:\/\/happyplannerland.com\/izdelek\/bozicno-darilo-stick-it\/"]}]},{"@type":"ImageObject","inLanguage":"en-GB","@id":"https:\/\/happyplannerland.com\/izdelek\/bozicno-darilo-stick-it\/#primaryimage","url":"https:\/\/happyplannerland.com\/wp-content\/uploads\/2021\/11\/IMG_3880.jpg","contentUrl":"https:\/\/happyplannerland.com\/wp-content\/uploads\/2021\/11\/IMG_3880.jpg","width":1415,"height":1415},{"@type":"BreadcrumbList","@id":"https:\/\/happyplannerland.com\/izdelek\/bozicno-darilo-stick-it\/#breadcrumb","itemListElement":[{"@type":"ListItem","position":1,"name":"Home","item":"https:\/\/happyplannerland.com\/"},{"@type":"ListItem","position":2,"name":"Izdelki","item":"https:\/\/happyplannerland.com\/shop\/"},{"@type":"ListItem","position":3,"name":"Stick It"}]},{"@type":"WebSite","@id":"https:\/\/happyplannerland.com\/#website","url":"https:\/\/happyplannerland.com\/","name":"Happy Planner Land","description":"Happy Planner Land","publisher":{"@id":"https:\/\/happyplannerland.com\/#organization"},"potentialAction":[{"@type":"SearchAction","target":{"@type":"EntryPoint","urlTemplate":"https:\/\/happyplannerland.com\/?s={search_term_string}"},"query-input":{"@type":"PropertyValueSpecification","valueRequired":true,"valueName":"search_term_string"}}],"inLanguage":"en-GB"},{"@type":"Organization","@id":"https:\/\/happyplannerland.com\/#organization","name":"Happy Planner Land","url":"https:\/\/happyplannerland.com\/","logo":{"@type":"ImageObject","inLanguage":"en-GB","@id":"https:\/\/happyplannerland.com\/#\/schema\/logo\/image\/","url":"https:\/\/happyplannerland.com\/wp-content\/uploads\/2022\/06\/cropped-1gtgt.png","contentUrl":"https:\/\/happyplannerland.com\/wp-content\/uploads\/2022\/06\/cropped-1gtgt.png","width":283,"height":95,"caption":"Happy Planner Land"},"image":{"@id":"https:\/\/happyplannerland.com\/#\/schema\/logo\/image\/"}}]}},"_links":{"self":[{"href":"https:\/\/happyplannerland.com\/en\/wp-json\/wp\/v2\/product\/3042","targetHints":{"allow":["GET"]}}],"collection":[{"href":"https:\/\/happyplannerland.com\/en\/wp-json\/wp\/v2\/product"}],"about":[{"href":"https:\/\/happyplannerland.com\/en\/wp-json\/wp\/v2\/types\/product"}],"replies":[{"embeddable":true,"href":"https:\/\/happyplannerland.com\/en\/wp-json\/wp\/v2\/comments?post=3042"}],"version-history":[{"count":1,"href":"https:\/\/happyplannerland.com\/en\/wp-json\/wp\/v2\/product\/3042\/revisions"}],"predecessor-version":[{"id":5904,"href":"https:\/\/happyplannerland.com\/en\/wp-json\/wp\/v2\/product\/3042\/revisions\/5904"}],"wp:featuredmedia":[{"embeddable":true,"href":"https:\/\/happyplannerland.com\/en\/wp-json\/wp\/v2\/media\/2990"}],"wp:attachment":[{"href":"https:\/\/happyplannerland.com\/en\/wp-json\/wp\/v2\/media?parent=3042"}],"wp:term":[{"taxonomy":"product_brand","embeddable":true,"href":"https:\/\/happyplannerland.com\/en\/wp-json\/wp\/v2\/product_brand?post=3042"},{"taxonomy":"product_cat","embeddable":true,"href":"https:\/\/happyplannerland.com\/en\/wp-json\/wp\/v2\/product_cat?post=3042"},{"taxonomy":"product_tag","embeddable":true,"href":"https:\/\/happyplannerland.com\/en\/wp-json\/wp\/v2\/product_tag?post=3042"}],"curies":[{"name":"wp","href":"https:\/\/api.w.org\/{rel}","templated":true}]}}