{"id":4283,"date":"2022-09-25T13:39:54","date_gmt":"2022-09-25T13:39:54","guid":{"rendered":"https:\/\/happyplannerland.com\/?post_type=product&#038;p=4283"},"modified":"2025-06-03T12:06:07","modified_gmt":"2025-06-03T12:06:07","slug":"agenda-iz-veganska-usnja-a5-black","status":"publish","type":"product","link":"https:\/\/happyplannerland.com\/en\/product\/agenda-iz-veganska-usnja-a5-black\/","title":{"rendered":"Agenda iz veganskega usnja A5 \u2022 BLACK"},"content":{"rendered":"<h2><strong>agenda: Organiziraj svoj dan v stilu!<\/strong><\/h2>\n<p>agenda v novi izdaji ti omogo\u010da, da bo\u0161 dvignila svojo produktivnost in si hitreje, predvsem pa la\u017eje organizirala svoj dan in si kljub natrpanem urniku uspela vzeti tudi \u010das zase.<\/p>\n<p>Poleg standardnih mese\u010dnih strani za na\u010drtovanje, vsebuje prostor za na\u010drtovanje svojih opravil, fitnesa in prehrane, prostor za postavitev letnih in mese\u010dnih ciljev, strain za na\u010drtovanje in sledenje svojim financam in navadam.<\/p>\n<p><a href=\"https:\/\/www.trgovinaika.si\/trgovina\/letni-planer-2021-sparkle\/\">https:\/\/www.trgovinaika.si\/trgovina\/letni-planer-2021-sparkle\/<\/a><\/p>\n<h4>KAJ VSEBUJE?<\/h4>\n<p>Set your goals for 2022<\/p>\n<p>Organize your tasks<\/p>\n<p>Track your habits<\/p>\n<p>Plan and monitor your finances<\/p>\n<p>Take some time for yourself<\/p>\n<p>Spremljaj vse pomembne datume, praznike in rojstne dneve<\/p>\n<p><a href=\"https:\/\/www.trgovinaika.si\/trgovina\/letni-planer-2021-sparkle\/\">https:\/\/happyplannerland.com\/planer-2021-dnevna-ali-tedenska-izdaja<\/a><\/p>\n<h4>IZDELAVA<\/h4>\n<p>Prav vsak je narejen z Rose Gold spiralno vezavo in vogalniki. Klju\u010dna razlika pa je seveda dizajn platni\u010dk. Zaradi velikega zanimanja smo pri Happy plan obdr\u017eali vsem \u017ee dobro poznane platni\u010dke.<\/p>\n<p>Happy FLUFF, Happy SPARKLE in HAPPY GEM.<\/p>\n<p>Hkrati pa za leto 2021 izbira\u0161 med tremi novimi nekoliko bolj \u017eenstvenimi stili. Happy ART, Happy BLOSSOM in Happy BLUSH. Prav vse platni\u010dke za leto 2021 pa lahko pokombinira\u0161 z dvema razli\u010dnima dizajnoma notranjih strani: z dnevno in tedensko izdajo.<\/p>\n<h4><strong>KAJ VSEBUJE TEDENSKA IZDAJA?<\/strong><\/h4>\n<p>Tedenska izdaja ima za vsak teden dodeljeni dve strani z razporeditvijo vsakega dne po urah od 5:00 pa vse do 22:00.<\/p>\n<p>Prav tako kot dnevna izdaja, ima\u0161 tudi v tedenski izdaji poleg mese\u010dnega pregleda z zavihki za la\u017ejo navigacijo po planerju. na voljo tudi stran za pregled in sledenje svojim financam.<\/p>\n<p>Na koncu vsakega meseca lahko najde\u0161 6 \u010drtnih listov z dovolj prostora za zapis vseh nalog. Ki jih je potrebno dokon\u010dati. Na za\u010detku vsakega meseca sta dve strani namenjeni sledenju tvojih navad.<\/p>\n<p>Pitju vode, telovadbi in po\u010dutju in nekaj praznih prostorov. Kjer lahko dopi\u0161e\u0161 svoje dodatne navade in jim sledi\u0161 ter le-te iz meseca v mesec izbolj\u0161uje\u0161.<\/p>\n<p>Tedenska izdaja je namenjen vsem, ki imajo veliko opravkov in sestankov. Ki so omejeni po urah ter potrebujete dovolj praznega prostora. Za zapis vseh misli, da ne uidejo. \u00a0Idealna je tudi za vse tiste, ki si radi \u010dasovno blokirate dneve. In u\u017eivate v na\u010drtovanju celotnega tedna z enim samim zamahom.<\/p>","protected":false},"excerpt":{"rendered":"<p style=\"text-align: left;\">Dodaj pridih razko\u0161ja svojemu vsakdanu z elegantno agendo iz veganskega usnja. Okolju prijazno, saj vsako leto menja\u0161 samo inserte. Ustvari videz, ki je popolnoma tvoj. Izberi in me\u0161aj inserte, razdelilnike in ostale dodatke, da ustvari\u0161 popolno postavitev planerja za organizacijo svojega \u017eivljenja.<\/p>\n<p>\u010crna mat \u0161pirala, \u010drni \u0161ivi<\/p>","protected":false},"featured_media":4383,"comment_status":"closed","ping_status":"closed","template":"","meta":{"_monsterinsights_skip_tracking":false,"_monsterinsights_sitenote_active":false,"_monsterinsights_sitenote_note":"","_monsterinsights_sitenote_category":0,"site-sidebar-layout":"default","site-content-layout":"default","ast-site-content-layout":"default","site-content-style":"default","site-sidebar-style":"default","ast-global-header-display":"","ast-banner-title-visibility":"","ast-main-header-display":"","ast-hfb-above-header-display":"","ast-hfb-below-header-display":"","ast-hfb-mobile-header-display":"","site-post-title":"","ast-breadcrumbs-content":"","ast-featured-img":"","footer-sml-layout":"","theme-transparent-header-meta":"default","adv-header-id-meta":"","stick-header-meta":"","header-above-stick-meta":"","header-main-stick-meta":"","header-below-stick-meta":"","astra-migrate-meta-layouts":"set","_glsr_average":0,"_glsr_ranking":0,"_glsr_reviews":0},"product_brand":[],"product_cat":[65,84],"product_tag":[],"class_list":{"0":"post-4283","1":"product","2":"type-product","3":"status-publish","4":"has-post-thumbnail","6":"product_cat-agenda","7":"product_cat-odprodaja","8":"desktop-align-center","9":"tablet-align-left","10":"mobile-align-left","12":"first","13":"instock","14":"shipping-taxable","15":"purchasable","16":"product-type-simple"},"yoast_head":"<!-- This site is optimized with the Yoast SEO plugin v25.2 - https:\/\/yoast.com\/wordpress\/plugins\/seo\/ -->\n<title>Agenda iz veganskega usnja A5 \u2022 BLACK - Happy Planner Land<\/title>\n<meta name=\"description\" content=\"Dodaj pridih razko\u0161ja svojemu vsakdanu z elegantno agendo iz veganskega usnja. Okolju prijazno, saj vsako leto menja\u0161 samo inserte.\" \/>\n<meta name=\"robots\" content=\"index, follow, max-snippet:-1, max-image-preview:large, max-video-preview:-1\" \/>\n<link rel=\"canonical\" href=\"https:\/\/happyplannerland.com\/en\/product\/agenda-iz-veganska-usnja-a5-black\/\" \/>\n<meta property=\"og:locale\" content=\"en_GB\" \/>\n<meta property=\"og:type\" content=\"article\" \/>\n<meta property=\"og:title\" content=\"Agenda iz veganskega usnja A5 \u2022 BLACK - Happy Planner Land\" \/>\n<meta property=\"og:description\" content=\"Dodaj pridih razko\u0161ja svojemu vsakdanu z elegantno agendo iz veganskega usnja. Okolju prijazno, saj vsako leto menja\u0161 samo inserte.\" \/>\n<meta property=\"og:url\" content=\"https:\/\/happyplannerland.com\/en\/product\/agenda-iz-veganska-usnja-a5-black\/\" \/>\n<meta property=\"og:site_name\" content=\"Happy Planner Land\" \/>\n<meta property=\"article:modified_time\" content=\"2025-06-03T12:06:07+00:00\" \/>\n<meta property=\"og:image\" content=\"https:\/\/happyplannerland.com\/wp-content\/uploads\/2022\/10\/IMG_9602-2.jpg\" \/>\n\t<meta property=\"og:image:width\" content=\"1375\" \/>\n\t<meta property=\"og:image:height\" content=\"1375\" \/>\n\t<meta property=\"og:image:type\" content=\"image\/jpeg\" \/>\n<meta name=\"twitter:card\" content=\"summary_large_image\" \/>\n<meta name=\"twitter:label1\" content=\"Estimated reading time\" \/>\n\t<meta name=\"twitter:data1\" content=\"2 minutes\" \/>\n<script type=\"application\/ld+json\" class=\"yoast-schema-graph\">{\"@context\":\"https:\/\/schema.org\",\"@graph\":[{\"@type\":\"WebPage\",\"@id\":\"https:\/\/happyplannerland.com\/izdelek\/agenda-iz-veganska-usnja-a5-black\/\",\"url\":\"https:\/\/happyplannerland.com\/izdelek\/agenda-iz-veganska-usnja-a5-black\/\",\"name\":\"Agenda iz veganskega usnja A5 \u2022 BLACK - Happy Planner Land\",\"isPartOf\":{\"@id\":\"https:\/\/happyplannerland.com\/#website\"},\"primaryImageOfPage\":{\"@id\":\"https:\/\/happyplannerland.com\/izdelek\/agenda-iz-veganska-usnja-a5-black\/#primaryimage\"},\"image\":{\"@id\":\"https:\/\/happyplannerland.com\/izdelek\/agenda-iz-veganska-usnja-a5-black\/#primaryimage\"},\"thumbnailUrl\":\"https:\/\/happyplannerland.com\/wp-content\/uploads\/2022\/10\/IMG_9602-2.jpg\",\"datePublished\":\"2022-09-25T13:39:54+00:00\",\"dateModified\":\"2025-06-03T12:06:07+00:00\",\"description\":\"Dodaj pridih razko\u0161ja svojemu vsakdanu z elegantno agendo iz veganskega usnja. Okolju prijazno, saj vsako leto menja\u0161 samo inserte.\",\"breadcrumb\":{\"@id\":\"https:\/\/happyplannerland.com\/izdelek\/agenda-iz-veganska-usnja-a5-black\/#breadcrumb\"},\"inLanguage\":\"en-GB\",\"potentialAction\":[{\"@type\":\"ReadAction\",\"target\":[\"https:\/\/happyplannerland.com\/izdelek\/agenda-iz-veganska-usnja-a5-black\/\"]}]},{\"@type\":\"ImageObject\",\"inLanguage\":\"en-GB\",\"@id\":\"https:\/\/happyplannerland.com\/izdelek\/agenda-iz-veganska-usnja-a5-black\/#primaryimage\",\"url\":\"https:\/\/happyplannerland.com\/wp-content\/uploads\/2022\/10\/IMG_9602-2.jpg\",\"contentUrl\":\"https:\/\/happyplannerland.com\/wp-content\/uploads\/2022\/10\/IMG_9602-2.jpg\",\"width\":1375,\"height\":1375},{\"@type\":\"BreadcrumbList\",\"@id\":\"https:\/\/happyplannerland.com\/izdelek\/agenda-iz-veganska-usnja-a5-black\/#breadcrumb\",\"itemListElement\":[{\"@type\":\"ListItem\",\"position\":1,\"name\":\"Home\",\"item\":\"https:\/\/happyplannerland.com\/\"},{\"@type\":\"ListItem\",\"position\":2,\"name\":\"Izdelki\",\"item\":\"https:\/\/happyplannerland.com\/shop\/\"},{\"@type\":\"ListItem\",\"position\":3,\"name\":\"Agenda iz veganskega usnja A5 \u2022 BLACK\"}]},{\"@type\":\"WebSite\",\"@id\":\"https:\/\/happyplannerland.com\/#website\",\"url\":\"https:\/\/happyplannerland.com\/\",\"name\":\"Happy Planner Land\",\"description\":\"Happy Planner Land\",\"publisher\":{\"@id\":\"https:\/\/happyplannerland.com\/#organization\"},\"potentialAction\":[{\"@type\":\"SearchAction\",\"target\":{\"@type\":\"EntryPoint\",\"urlTemplate\":\"https:\/\/happyplannerland.com\/?s={search_term_string}\"},\"query-input\":{\"@type\":\"PropertyValueSpecification\",\"valueRequired\":true,\"valueName\":\"search_term_string\"}}],\"inLanguage\":\"en-GB\"},{\"@type\":\"Organization\",\"@id\":\"https:\/\/happyplannerland.com\/#organization\",\"name\":\"Happy Planner Land\",\"url\":\"https:\/\/happyplannerland.com\/\",\"logo\":{\"@type\":\"ImageObject\",\"inLanguage\":\"en-GB\",\"@id\":\"https:\/\/happyplannerland.com\/#\/schema\/logo\/image\/\",\"url\":\"https:\/\/happyplannerland.com\/wp-content\/uploads\/2022\/06\/cropped-1gtgt.png\",\"contentUrl\":\"https:\/\/happyplannerland.com\/wp-content\/uploads\/2022\/06\/cropped-1gtgt.png\",\"width\":283,\"height\":95,\"caption\":\"Happy Planner Land\"},\"image\":{\"@id\":\"https:\/\/happyplannerland.com\/#\/schema\/logo\/image\/\"}}]}<\/script>\n<!-- \/ Yoast SEO plugin. -->","yoast_head_json":{"title":"Agenda iz veganskega usnja A5 \u2022 BLACK - Happy Planner Land","description":"Dodaj pridih razko\u0161ja svojemu vsakdanu z elegantno agendo iz veganskega usnja. Okolju prijazno, saj vsako leto menja\u0161 samo inserte.","robots":{"index":"index","follow":"follow","max-snippet":"max-snippet:-1","max-image-preview":"max-image-preview:large","max-video-preview":"max-video-preview:-1"},"canonical":"https:\/\/happyplannerland.com\/en\/product\/agenda-iz-veganska-usnja-a5-black\/","og_locale":"en_GB","og_type":"article","og_title":"Agenda iz veganskega usnja A5 \u2022 BLACK - Happy Planner Land","og_description":"Dodaj pridih razko\u0161ja svojemu vsakdanu z elegantno agendo iz veganskega usnja. Okolju prijazno, saj vsako leto menja\u0161 samo inserte.","og_url":"https:\/\/happyplannerland.com\/en\/product\/agenda-iz-veganska-usnja-a5-black\/","og_site_name":"Happy Planner Land","article_modified_time":"2025-06-03T12:06:07+00:00","og_image":[{"width":1375,"height":1375,"url":"https:\/\/happyplannerland.com\/wp-content\/uploads\/2022\/10\/IMG_9602-2.jpg","type":"image\/jpeg"}],"twitter_card":"summary_large_image","twitter_misc":{"Estimated reading time":"2 minutes"},"schema":{"@context":"https:\/\/schema.org","@graph":[{"@type":"WebPage","@id":"https:\/\/happyplannerland.com\/izdelek\/agenda-iz-veganska-usnja-a5-black\/","url":"https:\/\/happyplannerland.com\/izdelek\/agenda-iz-veganska-usnja-a5-black\/","name":"Agenda iz veganskega usnja A5 \u2022 BLACK - Happy Planner Land","isPartOf":{"@id":"https:\/\/happyplannerland.com\/#website"},"primaryImageOfPage":{"@id":"https:\/\/happyplannerland.com\/izdelek\/agenda-iz-veganska-usnja-a5-black\/#primaryimage"},"image":{"@id":"https:\/\/happyplannerland.com\/izdelek\/agenda-iz-veganska-usnja-a5-black\/#primaryimage"},"thumbnailUrl":"https:\/\/happyplannerland.com\/wp-content\/uploads\/2022\/10\/IMG_9602-2.jpg","datePublished":"2022-09-25T13:39:54+00:00","dateModified":"2025-06-03T12:06:07+00:00","description":"Dodaj pridih razko\u0161ja svojemu vsakdanu z elegantno agendo iz veganskega usnja. Okolju prijazno, saj vsako leto menja\u0161 samo inserte.","breadcrumb":{"@id":"https:\/\/happyplannerland.com\/izdelek\/agenda-iz-veganska-usnja-a5-black\/#breadcrumb"},"inLanguage":"en-GB","potentialAction":[{"@type":"ReadAction","target":["https:\/\/happyplannerland.com\/izdelek\/agenda-iz-veganska-usnja-a5-black\/"]}]},{"@type":"ImageObject","inLanguage":"en-GB","@id":"https:\/\/happyplannerland.com\/izdelek\/agenda-iz-veganska-usnja-a5-black\/#primaryimage","url":"https:\/\/happyplannerland.com\/wp-content\/uploads\/2022\/10\/IMG_9602-2.jpg","contentUrl":"https:\/\/happyplannerland.com\/wp-content\/uploads\/2022\/10\/IMG_9602-2.jpg","width":1375,"height":1375},{"@type":"BreadcrumbList","@id":"https:\/\/happyplannerland.com\/izdelek\/agenda-iz-veganska-usnja-a5-black\/#breadcrumb","itemListElement":[{"@type":"ListItem","position":1,"name":"Home","item":"https:\/\/happyplannerland.com\/"},{"@type":"ListItem","position":2,"name":"Izdelki","item":"https:\/\/happyplannerland.com\/shop\/"},{"@type":"ListItem","position":3,"name":"Agenda iz veganskega usnja A5 \u2022 BLACK"}]},{"@type":"WebSite","@id":"https:\/\/happyplannerland.com\/#website","url":"https:\/\/happyplannerland.com\/","name":"Happy Planner Land","description":"Happy Planner Land","publisher":{"@id":"https:\/\/happyplannerland.com\/#organization"},"potentialAction":[{"@type":"SearchAction","target":{"@type":"EntryPoint","urlTemplate":"https:\/\/happyplannerland.com\/?s={search_term_string}"},"query-input":{"@type":"PropertyValueSpecification","valueRequired":true,"valueName":"search_term_string"}}],"inLanguage":"en-GB"},{"@type":"Organization","@id":"https:\/\/happyplannerland.com\/#organization","name":"Happy Planner Land","url":"https:\/\/happyplannerland.com\/","logo":{"@type":"ImageObject","inLanguage":"en-GB","@id":"https:\/\/happyplannerland.com\/#\/schema\/logo\/image\/","url":"https:\/\/happyplannerland.com\/wp-content\/uploads\/2022\/06\/cropped-1gtgt.png","contentUrl":"https:\/\/happyplannerland.com\/wp-content\/uploads\/2022\/06\/cropped-1gtgt.png","width":283,"height":95,"caption":"Happy Planner Land"},"image":{"@id":"https:\/\/happyplannerland.com\/#\/schema\/logo\/image\/"}}]}},"_links":{"self":[{"href":"https:\/\/happyplannerland.com\/en\/wp-json\/wp\/v2\/product\/4283","targetHints":{"allow":["GET"]}}],"collection":[{"href":"https:\/\/happyplannerland.com\/en\/wp-json\/wp\/v2\/product"}],"about":[{"href":"https:\/\/happyplannerland.com\/en\/wp-json\/wp\/v2\/types\/product"}],"replies":[{"embeddable":true,"href":"https:\/\/happyplannerland.com\/en\/wp-json\/wp\/v2\/comments?post=4283"}],"version-history":[{"count":6,"href":"https:\/\/happyplannerland.com\/en\/wp-json\/wp\/v2\/product\/4283\/revisions"}],"predecessor-version":[{"id":5459,"href":"https:\/\/happyplannerland.com\/en\/wp-json\/wp\/v2\/product\/4283\/revisions\/5459"}],"wp:featuredmedia":[{"embeddable":true,"href":"https:\/\/happyplannerland.com\/en\/wp-json\/wp\/v2\/media\/4383"}],"wp:attachment":[{"href":"https:\/\/happyplannerland.com\/en\/wp-json\/wp\/v2\/media?parent=4283"}],"wp:term":[{"taxonomy":"product_brand","embeddable":true,"href":"https:\/\/happyplannerland.com\/en\/wp-json\/wp\/v2\/product_brand?post=4283"},{"taxonomy":"product_cat","embeddable":true,"href":"https:\/\/happyplannerland.com\/en\/wp-json\/wp\/v2\/product_cat?post=4283"},{"taxonomy":"product_tag","embeddable":true,"href":"https:\/\/happyplannerland.com\/en\/wp-json\/wp\/v2\/product_tag?post=4283"}],"curies":[{"name":"wp","href":"https:\/\/api.w.org\/{rel}","templated":true}]}}