{"id":494,"date":"2020-06-28T07:45:10","date_gmt":"2020-06-28T07:45:10","guid":{"rendered":"https:\/\/happyplannerland.com\/?post_type=product&#038;p=494"},"modified":"2025-11-05T17:35:35","modified_gmt":"2025-11-05T17:35:35","slug":"porocni-planer","status":"publish","type":"product","link":"https:\/\/happyplannerland.com\/en\/product\/porocni-planer\/","title":{"rendered":"PORO\u010cNI PLANER | Fizi\u010dni planer"},"content":{"rendered":"<p>Poro\u010dni planer &#8211; na\u010drtuj svojo poroko v parih korakih.<\/p>\n<p>TO je nekaj, kar potrebuje \u010disto vsaka nevesta v trenutku, ko se zaro\u010di. Nekako ironi\u010dno je, da je lahko eden izmed najbolj vznemirljivih trenutkov vajinega zaljubljenega \u017eivljenja tudi eden izmed najbolj stresnih \u010dasov. \u010ceprav si v\u010dasih \u017eelimo, da bi bilo tako preprosto kot rezervacija ve\u010derje v restavraciji, se stvari za\u010dnejo precej zapletati, ko za\u010dneta sestaljati sede\u017eni red in izbirati poro\u010dne obleke.<\/p>\n<p><a href=\"https:\/\/www.porocna-trgovina.com\/porocni-dodatki\/porocne-revije\/porocni-planer-happy-plan\">https:\/\/www.porocna-trgovina.com\/porocni-dodatki\/porocne-revije\/porocni-planer-happy-plan<\/a><\/p>\n<h4>NA\u010cRTOVANJE<\/h4>\n<p>Na\u010drtovanje poroke je vaja v organizaciji, logistiki in upravljanju prora\u010duna, hkrati pa vklju\u010duje neskon\u010dne podrobnosti. roke, dru\u017einsko dramo in prepogosto dovolj stresa, da bosta \u017eelela kar pobegniti. Uporabita sezname za na\u010drtovanje, preberita na\u0161e nasvete za na\u010drtovanje prora\u010duna. Pojdita po nasvete do ponudnikov, ki vama bodo skupaj s poro\u010dnim planerjem pomagali sestaviti poroko vajinih sanj.<\/p>\n<p>Ne glede na to, ali i\u0161\u010deta iz\u010drpen vodnik za na\u010drtovanje vajinega dne ali seznam poro\u010dnih opravil. Osebno darilo za zaroko ali preprosto bele\u017eko, v katero bosta zapisala svoje ideje. To je Happy Wedding Plan poro\u010dni planer popolna izbira za vaju.<\/p>\n<h4>KAJ VSEBUJE?<\/h4>\n<p>Happy Wedding Plan je eleganten pomo\u010dnik, ki vaju vodi skozi 12+ mesecev postopka na\u010drtovanja vajine sanjske poroke in vama pomaga upravljati svoj \u010das in seznam opravkov &#8211; vse do velikega dne in tudi pozneje; od majhnih podrobnosti do velikih stvari.<\/p>\n<p>Zasnovan je tako, da skupaj z vama od\u0161teva mesece, tedne in dneve do glavnega dogodka in ima v vsakem poglavju navedeno popolnoma vse, kar je potrebno postoriti, da vama ne zmanjka \u010dasa in se na koncu vse odvije po planu.<\/p>\n<p>Ozna\u010dita svoje naloge in vpi\u0161ita svoje ideje v poro\u010dni planer. \u010ce bosta sledila vsem navodilom, bosta zagotovo imela ve\u010d \u010dasa, da u\u017eivata v samem procesu na\u010drtovanja poroke in najpomembneje, u\u017eivata v dru\u017ebi drug z drugim!<\/p>\n<p><a href=\"https:\/\/happyplannerland.com\/en\/porocni-planer-prihrani-denar\/\">https:\/\/happyplannerland.com\/porocni-planer-prihrani-denar\/<\/a><\/p>\n<h4>KUPONI<\/h4>\n<p>Za \u0161e dodatno motivacijo in pomo\u010d vsebuje vrsto izjemnih ponudnikov in njihovih ekskluzivnih poro\u010dnih ponudb. V poro\u010dni \u0161katli je prilo\u017eenih 8 kuponov ugodnosti. S katerimi lahko vnov\u010dita popuste na njihove storitve in izdelke in s tem prihranita do 500 evrov.<\/p>\n<h4>VE\u010cEN SPOMIN<\/h4>\n<p>&nbsp;<\/p>\n<p>Skupaj s kuponi in drugimi dodatki pakiran v prefinjeni poro\u010dni \u0161katli. Ta vama omogo\u010da, da ga po koncu poroke shranita na varno in tako ohranita \u010dudovit spomin na edinstven dogodek v vajinem \u017eivljenju.<\/p>\n<p>Vsi \u0161e predobro vemo, da spomini zbledijo, kar pa zapi\u0161emo na papir. In shranimo na posebno mesto, ostane za ve\u010dno. Za vsakim zapisom na papir se namre\u010d skriva zgodba. Usklajevanje, kako sta se se odlo\u010dila za to posebno lokacijo. Kako lepo je bilo, ko sta se tja skupaj odpeljala na izlet, za\u010dutila lokacijo in jo na koncu tudi rezervirala.<\/p>\n<p>&nbsp;<\/p>","protected":false},"excerpt":{"rendered":"<p><span class=\"S1PPyQ\">Ultimativni poro\u010dni vodnik, ki vklju\u010duje 250 strani priporo\u010dil in nasvetov, vaju bo vodil skozi 12+ mese\u010dni postopek na\u010drtovanja vajine sanjske poroke<\/span><span style=\"font-size: 16px;\">\u00a0in vama pomagal upravljati svoj c\u030cas in seznam opravkov &#8211; vse do velikega dne in tudi pozneje; od majhnih podrobnosti do velikih stvari. Oznac\u030cita svoje naloge in vpis\u030cita svoje ideje. C\u030ce bosta sledila planerju, bosta zagotovo imela vec\u030c c\u030casa, da uz\u030civata v samem procesu nac\u030crtovanja poroke in najpomembneje, uz\u030civata v druz\u030cbi drug z drugim!<\/span><\/p>\n<p>Poro\u010dni planer je v slovenskem jeziku.<\/p>\n<p>*Za prilo\u017eene kupone in njihovo unov\u010denje si preberi na\u0161e <a href=\"https:\/\/happyplannerland.com\/en\/splosni-pogoji\/\">splo\u0161ne pogoje<\/a>.<\/p>","protected":false},"featured_media":4084,"comment_status":"closed","ping_status":"closed","template":"","meta":{"_monsterinsights_skip_tracking":false,"_monsterinsights_sitenote_active":false,"_monsterinsights_sitenote_note":"","_monsterinsights_sitenote_category":0,"site-sidebar-layout":"default","site-content-layout":"default","ast-site-content-layout":"default","site-content-style":"default","site-sidebar-style":"default","ast-global-header-display":"","ast-banner-title-visibility":"","ast-main-header-display":"","ast-hfb-above-header-display":"","ast-hfb-below-header-display":"","ast-hfb-mobile-header-display":"","site-post-title":"","ast-breadcrumbs-content":"","ast-featured-img":"","footer-sml-layout":"","theme-transparent-header-meta":"default","adv-header-id-meta":"","stick-header-meta":"","header-above-stick-meta":"","header-main-stick-meta":"","header-below-stick-meta":"","astra-migrate-meta-layouts":"set","_glsr_average":5,"_glsr_ranking":3.846153846153800071050454789656214416027069091796875,"_glsr_reviews":3},"product_brand":[],"product_cat":[85,35],"product_tag":[],"class_list":{"0":"post-494","1":"product","2":"type-product","3":"status-publish","4":"has-post-thumbnail","6":"product_cat-porocni-planer-vsi","7":"product_cat-porocni-planer","8":"desktop-align-center","9":"tablet-align-left","10":"mobile-align-left","12":"first","13":"outofstock","14":"shipping-taxable","15":"purchasable","16":"product-type-variable"},"yoast_head":"<!-- This site is optimized with the Yoast SEO plugin v25.2 - https:\/\/yoast.com\/wordpress\/plugins\/seo\/ -->\n<title>PORO\u010cNI PLANER | Fizi\u010dni planer - Happy Planner Land<\/title>\n<meta name=\"description\" content=\"Eleganten poro\u010dni planer, ki te po korakih vodi do poroke tvojih sanj in ti pomaga ustvariti ve\u010dni spomin na vajin najlep\u0161i dan.\" \/>\n<meta name=\"robots\" content=\"index, follow, max-snippet:-1, max-image-preview:large, max-video-preview:-1\" \/>\n<link rel=\"canonical\" href=\"https:\/\/happyplannerland.com\/en\/product\/porocni-planer\/\" \/>\n<meta property=\"og:locale\" content=\"en_GB\" \/>\n<meta property=\"og:type\" content=\"article\" \/>\n<meta property=\"og:title\" content=\"PORO\u010cNI PLANER | Fizi\u010dni planer - Happy Planner Land\" \/>\n<meta property=\"og:description\" content=\"Eleganten poro\u010dni planer, ki te po korakih vodi do poroke tvojih sanj in ti pomaga ustvariti ve\u010dni spomin na vajin najlep\u0161i dan.\" \/>\n<meta property=\"og:url\" content=\"https:\/\/happyplannerland.com\/en\/product\/porocni-planer\/\" \/>\n<meta property=\"og:site_name\" content=\"Happy Planner Land\" \/>\n<meta property=\"article:modified_time\" content=\"2025-11-05T17:35:35+00:00\" \/>\n<meta property=\"og:image\" content=\"https:\/\/happyplannerland.com\/wp-content\/uploads\/2022\/08\/Poroc\u030cni-planer.png\" \/>\n\t<meta property=\"og:image:width\" content=\"540\" \/>\n\t<meta property=\"og:image:height\" content=\"540\" \/>\n\t<meta property=\"og:image:type\" content=\"image\/png\" \/>\n<meta name=\"twitter:card\" content=\"summary_large_image\" \/>\n<meta name=\"twitter:label1\" content=\"Estimated reading time\" \/>\n\t<meta name=\"twitter:data1\" content=\"2 minutes\" \/>\n<script type=\"application\/ld+json\" class=\"yoast-schema-graph\">{\"@context\":\"https:\/\/schema.org\",\"@graph\":[{\"@type\":\"WebPage\",\"@id\":\"https:\/\/happyplannerland.com\/izdelek\/porocni-planer\/\",\"url\":\"https:\/\/happyplannerland.com\/izdelek\/porocni-planer\/\",\"name\":\"PORO\u010cNI PLANER | Fizi\u010dni planer - Happy Planner Land\",\"isPartOf\":{\"@id\":\"https:\/\/happyplannerland.com\/#website\"},\"primaryImageOfPage\":{\"@id\":\"https:\/\/happyplannerland.com\/izdelek\/porocni-planer\/#primaryimage\"},\"image\":{\"@id\":\"https:\/\/happyplannerland.com\/izdelek\/porocni-planer\/#primaryimage\"},\"thumbnailUrl\":\"https:\/\/happyplannerland.com\/wp-content\/uploads\/2022\/08\/Poroc\u030cni-planer.png\",\"datePublished\":\"2020-06-28T07:45:10+00:00\",\"dateModified\":\"2025-11-05T17:35:35+00:00\",\"description\":\"Eleganten poro\u010dni planer, ki te po korakih vodi do poroke tvojih sanj in ti pomaga ustvariti ve\u010dni spomin na vajin najlep\u0161i dan.\",\"breadcrumb\":{\"@id\":\"https:\/\/happyplannerland.com\/izdelek\/porocni-planer\/#breadcrumb\"},\"inLanguage\":\"en-GB\",\"potentialAction\":[{\"@type\":\"ReadAction\",\"target\":[\"https:\/\/happyplannerland.com\/izdelek\/porocni-planer\/\"]}]},{\"@type\":\"ImageObject\",\"inLanguage\":\"en-GB\",\"@id\":\"https:\/\/happyplannerland.com\/izdelek\/porocni-planer\/#primaryimage\",\"url\":\"https:\/\/happyplannerland.com\/wp-content\/uploads\/2022\/08\/Poroc\u030cni-planer.png\",\"contentUrl\":\"https:\/\/happyplannerland.com\/wp-content\/uploads\/2022\/08\/Poroc\u030cni-planer.png\",\"width\":540,\"height\":540,\"caption\":\"poro\u010dni planer\"},{\"@type\":\"BreadcrumbList\",\"@id\":\"https:\/\/happyplannerland.com\/izdelek\/porocni-planer\/#breadcrumb\",\"itemListElement\":[{\"@type\":\"ListItem\",\"position\":1,\"name\":\"Home\",\"item\":\"https:\/\/happyplannerland.com\/\"},{\"@type\":\"ListItem\",\"position\":2,\"name\":\"Izdelki\",\"item\":\"https:\/\/happyplannerland.com\/shop\/\"},{\"@type\":\"ListItem\",\"position\":3,\"name\":\"PORO\u010cNI PLANER | Fizi\u010dni planer\"}]},{\"@type\":\"WebSite\",\"@id\":\"https:\/\/happyplannerland.com\/#website\",\"url\":\"https:\/\/happyplannerland.com\/\",\"name\":\"Happy Planner Land\",\"description\":\"Happy Planner Land\",\"publisher\":{\"@id\":\"https:\/\/happyplannerland.com\/#organization\"},\"potentialAction\":[{\"@type\":\"SearchAction\",\"target\":{\"@type\":\"EntryPoint\",\"urlTemplate\":\"https:\/\/happyplannerland.com\/?s={search_term_string}\"},\"query-input\":{\"@type\":\"PropertyValueSpecification\",\"valueRequired\":true,\"valueName\":\"search_term_string\"}}],\"inLanguage\":\"en-GB\"},{\"@type\":\"Organization\",\"@id\":\"https:\/\/happyplannerland.com\/#organization\",\"name\":\"Happy Planner Land\",\"url\":\"https:\/\/happyplannerland.com\/\",\"logo\":{\"@type\":\"ImageObject\",\"inLanguage\":\"en-GB\",\"@id\":\"https:\/\/happyplannerland.com\/#\/schema\/logo\/image\/\",\"url\":\"https:\/\/happyplannerland.com\/wp-content\/uploads\/2022\/06\/cropped-1gtgt.png\",\"contentUrl\":\"https:\/\/happyplannerland.com\/wp-content\/uploads\/2022\/06\/cropped-1gtgt.png\",\"width\":283,\"height\":95,\"caption\":\"Happy Planner Land\"},\"image\":{\"@id\":\"https:\/\/happyplannerland.com\/#\/schema\/logo\/image\/\"}}]}<\/script>\n<!-- \/ Yoast SEO plugin. -->","yoast_head_json":{"title":"PORO\u010cNI PLANER | Fizi\u010dni planer - Happy Planner Land","description":"Eleganten poro\u010dni planer, ki te po korakih vodi do poroke tvojih sanj in ti pomaga ustvariti ve\u010dni spomin na vajin najlep\u0161i dan.","robots":{"index":"index","follow":"follow","max-snippet":"max-snippet:-1","max-image-preview":"max-image-preview:large","max-video-preview":"max-video-preview:-1"},"canonical":"https:\/\/happyplannerland.com\/en\/product\/porocni-planer\/","og_locale":"en_GB","og_type":"article","og_title":"PORO\u010cNI PLANER | Fizi\u010dni planer - Happy Planner Land","og_description":"Eleganten poro\u010dni planer, ki te po korakih vodi do poroke tvojih sanj in ti pomaga ustvariti ve\u010dni spomin na vajin najlep\u0161i dan.","og_url":"https:\/\/happyplannerland.com\/en\/product\/porocni-planer\/","og_site_name":"Happy Planner Land","article_modified_time":"2025-11-05T17:35:35+00:00","og_image":[{"width":540,"height":540,"url":"https:\/\/happyplannerland.com\/wp-content\/uploads\/2022\/08\/Poroc\u030cni-planer.png","type":"image\/png"}],"twitter_card":"summary_large_image","twitter_misc":{"Estimated reading time":"2 minutes"},"schema":{"@context":"https:\/\/schema.org","@graph":[{"@type":"WebPage","@id":"https:\/\/happyplannerland.com\/izdelek\/porocni-planer\/","url":"https:\/\/happyplannerland.com\/izdelek\/porocni-planer\/","name":"PORO\u010cNI PLANER | Fizi\u010dni planer - Happy Planner Land","isPartOf":{"@id":"https:\/\/happyplannerland.com\/#website"},"primaryImageOfPage":{"@id":"https:\/\/happyplannerland.com\/izdelek\/porocni-planer\/#primaryimage"},"image":{"@id":"https:\/\/happyplannerland.com\/izdelek\/porocni-planer\/#primaryimage"},"thumbnailUrl":"https:\/\/happyplannerland.com\/wp-content\/uploads\/2022\/08\/Poroc\u030cni-planer.png","datePublished":"2020-06-28T07:45:10+00:00","dateModified":"2025-11-05T17:35:35+00:00","description":"Eleganten poro\u010dni planer, ki te po korakih vodi do poroke tvojih sanj in ti pomaga ustvariti ve\u010dni spomin na vajin najlep\u0161i dan.","breadcrumb":{"@id":"https:\/\/happyplannerland.com\/izdelek\/porocni-planer\/#breadcrumb"},"inLanguage":"en-GB","potentialAction":[{"@type":"ReadAction","target":["https:\/\/happyplannerland.com\/izdelek\/porocni-planer\/"]}]},{"@type":"ImageObject","inLanguage":"en-GB","@id":"https:\/\/happyplannerland.com\/izdelek\/porocni-planer\/#primaryimage","url":"https:\/\/happyplannerland.com\/wp-content\/uploads\/2022\/08\/Poroc\u030cni-planer.png","contentUrl":"https:\/\/happyplannerland.com\/wp-content\/uploads\/2022\/08\/Poroc\u030cni-planer.png","width":540,"height":540,"caption":"poro\u010dni planer"},{"@type":"BreadcrumbList","@id":"https:\/\/happyplannerland.com\/izdelek\/porocni-planer\/#breadcrumb","itemListElement":[{"@type":"ListItem","position":1,"name":"Home","item":"https:\/\/happyplannerland.com\/"},{"@type":"ListItem","position":2,"name":"Izdelki","item":"https:\/\/happyplannerland.com\/shop\/"},{"@type":"ListItem","position":3,"name":"PORO\u010cNI PLANER | Fizi\u010dni planer"}]},{"@type":"WebSite","@id":"https:\/\/happyplannerland.com\/#website","url":"https:\/\/happyplannerland.com\/","name":"Happy Planner Land","description":"Happy Planner Land","publisher":{"@id":"https:\/\/happyplannerland.com\/#organization"},"potentialAction":[{"@type":"SearchAction","target":{"@type":"EntryPoint","urlTemplate":"https:\/\/happyplannerland.com\/?s={search_term_string}"},"query-input":{"@type":"PropertyValueSpecification","valueRequired":true,"valueName":"search_term_string"}}],"inLanguage":"en-GB"},{"@type":"Organization","@id":"https:\/\/happyplannerland.com\/#organization","name":"Happy Planner Land","url":"https:\/\/happyplannerland.com\/","logo":{"@type":"ImageObject","inLanguage":"en-GB","@id":"https:\/\/happyplannerland.com\/#\/schema\/logo\/image\/","url":"https:\/\/happyplannerland.com\/wp-content\/uploads\/2022\/06\/cropped-1gtgt.png","contentUrl":"https:\/\/happyplannerland.com\/wp-content\/uploads\/2022\/06\/cropped-1gtgt.png","width":283,"height":95,"caption":"Happy Planner Land"},"image":{"@id":"https:\/\/happyplannerland.com\/#\/schema\/logo\/image\/"}}]}},"_links":{"self":[{"href":"https:\/\/happyplannerland.com\/en\/wp-json\/wp\/v2\/product\/494","targetHints":{"allow":["GET"]}}],"collection":[{"href":"https:\/\/happyplannerland.com\/en\/wp-json\/wp\/v2\/product"}],"about":[{"href":"https:\/\/happyplannerland.com\/en\/wp-json\/wp\/v2\/types\/product"}],"replies":[{"embeddable":true,"href":"https:\/\/happyplannerland.com\/en\/wp-json\/wp\/v2\/comments?post=494"}],"version-history":[{"count":11,"href":"https:\/\/happyplannerland.com\/en\/wp-json\/wp\/v2\/product\/494\/revisions"}],"predecessor-version":[{"id":6970,"href":"https:\/\/happyplannerland.com\/en\/wp-json\/wp\/v2\/product\/494\/revisions\/6970"}],"wp:featuredmedia":[{"embeddable":true,"href":"https:\/\/happyplannerland.com\/en\/wp-json\/wp\/v2\/media\/4084"}],"wp:attachment":[{"href":"https:\/\/happyplannerland.com\/en\/wp-json\/wp\/v2\/media?parent=494"}],"wp:term":[{"taxonomy":"product_brand","embeddable":true,"href":"https:\/\/happyplannerland.com\/en\/wp-json\/wp\/v2\/product_brand?post=494"},{"taxonomy":"product_cat","embeddable":true,"href":"https:\/\/happyplannerland.com\/en\/wp-json\/wp\/v2\/product_cat?post=494"},{"taxonomy":"product_tag","embeddable":true,"href":"https:\/\/happyplannerland.com\/en\/wp-json\/wp\/v2\/product_tag?post=494"}],"curies":[{"name":"wp","href":"https:\/\/api.w.org\/{rel}","templated":true}]}}