{"id":5463,"date":"2023-05-28T09:35:10","date_gmt":"2023-05-28T09:35:10","guid":{"rendered":"https:\/\/happyplannerland.com\/?post_type=product&#038;p=5463"},"modified":"2024-10-17T09:07:47","modified_gmt":"2024-10-17T09:07:47","slug":"porocni-planer-digital","status":"publish","type":"product","link":"https:\/\/happyplannerland.com\/en\/product\/porocni-planer-digital\/","title":{"rendered":"PORO\u010cNI PLANER | Digital"},"content":{"rendered":"<h1>digitalni poro\u010dni planer<\/h1>\n<p>notes ne glede na to, ali pripelje\u0161 domov novega ku\u017eka, ga posvoji\u0161 ali si \u017ee dobro podkovan lastnik psa, ti ta planer oskrbe psov pomagati organizirati, na\u010drtovati in spremljati vse potrebe tvojega psa!<\/p>\n<p>Pasji planer ti z 144 stranmi pomaga pri sledenju veterinarskih terminov, stro\u0161kov, usposabljanja, vedenja, zdravja, dejavnosti in \u0161e veliko, veliko ve\u010d! Hkrati pa je v pasjem planerju ogromno prostora za vse slike in zapise va\u0161ih skupnih dogodiv\u0161\u010din.<\/p>\n<p>&nbsp;<\/p>\n<p>This Dog Care Planner includes everything you need to keep your dog&#8217;s records organized. You will be able to track their health (weight, vaccines, medications), their feeding and walk schedule, next vet appointments and much more!<\/p>\n<p>It comes in 2 colors so you can choose your favorite or mix &amp; match!<\/p>\n<p>&nbsp;<\/p>\n<p>Ne skrbi za potrebe tvojega pasjea mladi\u010dka je poskrbljeno.<\/p>\n<p>Poleg standardnih mese\u010dnih strani za na\u010drtovanje, vsebuje prostor za na\u010drtovanje svojih opravil, fitnesa in prehrane, prostor za postavitev letnih in mese\u010dnih ciljev, strain za na\u010drtovanje in sledenje svojim financam in navadam.<\/p>\n<p><a href=\"https:\/\/www.trgovinaika.si\/trgovina\/letni-planer-2021-sparkle\/\">https:\/\/www.trgovinaika.si\/trgovina\/letni-planer-2021-sparkle\/<\/a><\/p>\n<h4>KAJ VSEBUJE?<\/h4>\n<p>&nbsp;<\/p>\n<p>Set your goals for 2022<\/p>\n<p>Organize your tasks<\/p>\n<p>Track your habits<\/p>\n<p>Plan and monitor your finances<\/p>\n<p>Take some time for yourself<\/p>\n<p>Spremljaj vse pomembne datume, praznike in rojstne dneve<\/p>\n<p><a href=\"https:\/\/www.trgovinaika.si\/trgovina\/letni-planer-2021-sparkle\/\">https:\/\/happyplannerland.com\/planer-2021-dnevna-ali-tedenska-izdaja<\/a><\/p>\n<h4>IZDELAVA<\/h4>\n<p>Prav vsak je narejen z Rose Gold spiralno vezavo in vogalniki. Klju\u010dna razlika pa je seveda dizajn platni\u010dk. Zaradi velikega zanimanja smo pri Happy plan obdr\u017eali vsem \u017ee dobro poznane platni\u010dke.<\/p>\n<p>Happy FLUFF, Happy SPARKLE in HAPPY GEM.<\/p>\n<p>Hkrati pa za leto 2021 izbira\u0161 med tremi novimi nekoliko bolj \u017eenstvenimi stili. Happy ART, Happy BLOSSOM in Happy BLUSH. Prav vse platni\u010dke za leto 2021 pa lahko pokombinira\u0161 z dvema razli\u010dnima dizajnoma notranjih strani: z dnevno in tedensko izdajo.<\/p>\n<p>&#8221;Hvale\u017enost odklene polnost \u017eivljenja. To, kar imamo, spremeni v dovolj in \u0161e ve\u010d.&#8221; &#8211; Melody Beattie<\/p>\n<p>S tem nakupom bo\u0161 prejela 1 digitalni dnevnik hvale\u017enosti za en teden, ki ga je mogo\u010de natisniti ve\u010dkrat. Dnevnik ti bo pomagal premakniti tvojo miselnost v stanje ve\u010djega optimizma. Raziskave ka\u017eejo, da lahko vsakodnevno prakticiranje hvale\u017enosti izbolj\u0161a splo\u0161no po\u010dutje, pove\u010da odpornost, okrepi odnose ter zmanj\u0161a stres in depresijo.<\/p>\n<p>Dnevnik je razdeljen na jutro in ve\u010der, na koncu tedna, ter na tedenski pregled napredka in po\u010dutja. Na za\u010detku vsakega tedna ima\u0161 vision board, da si bo\u0161 la\u017eje vizualizirala, kaj si \u017eeli\u0161 ta teden.<\/p>\n<p>Ob nakupu prejme\u0161 pdf datoteko za prenos, ki jo lahko natisne\u0161 tolikokrat, kot \u017eeli\u0161. Noben fizi\u010dni izdelek ne bo poslan.<\/p>\n<p>&nbsp;<\/p>\n<p>Vrhunski digitalni poro\u010dni planer, ki vklju\u010duje 200 digitalnih strani seznamov, delovnih listov in checklist s 500+ hiperpovezavami, ki vam bodo v pomo\u010d pri krmarjenju po planerju in na\u010drtovanju popolne poroke od za\u010detka do sre\u010dno do konca!<\/p>\n<p>Kaj je vklju\u010deno?<\/p>\n<p>200 strani koristnih virov za na\u010drtovanje porok s 500+ hiperpovezavami, ki vam bodo v pomo\u010d pri krmarjenju po na\u010drtovalcu<br \/>\n12 poglavij s kontrolnim seznamom: od zaroke do poroke<br \/>\n15 kategorij na\u010drtovanja poroke<br \/>\nMese\u010dni koledarji brez datuma in sledilci aktivnosti za 12 mesecev<br \/>\nPreprosto dodajte fotografije, da boste ves svoj poro\u010dni navdih obdr\u017eali na enem mestu.<\/p>\n<p>Ne glede na to, ali i\u0161\u010dete obse\u017een vodnik za na\u010drtovanje dneva, samo poro\u010dni kontrolni seznam ali preprost zvezek za zapisovanje svojih zamisli, je digitalni planer popolna izbira za vas. Planner vas bo vodil skozi 12+ mese\u010dni proces na\u010drtovanja va\u0161e sanjske poroke in vam pomagal upravljati svoj \u010das in naloge \u2013 vse do velikega dne in \u0161e naprej; od majhnih podrobnosti do velikih stvari. Ozna\u010dite svoje naloge in zapi\u0161ite svoje ideje. \u010ce bosta sledila planerju, bosta zagotovo imela ve\u010d \u010dasa za u\u017eivanje v samem procesu na\u010drtovanja poroke in kar je najpomembneje, za u\u017eivanje v dru\u017ebi drug drugega!<\/p>\n<p>Planer vas bo vodil skozi vse potrebne aktivnosti, ki jih je treba opraviti to\u010dno pred poroko. Od izbire popolnega prizori\u0161\u010da in prodajalcev, tort in cvetli\u010dnih aran\u017emajev do prora\u010duna in na\u010drtovanja medenih tednov, oblikovanja vabil, poro\u010dnih obla\u010dil in prevoza, daril, poro\u010dnih zaobljub in \u0161e veliko ve\u010d. Popelje vaju sre\u010dno do konca vajinih dni. Popolna digitalna spominska knjiga, ki bo trajala vse \u017eivljenje, opremljena s fotografijami in zgodbami, da razmislite o vsaki najmanj\u0161i podrobnosti iz va\u0161ega popolnega dne. Intuitiven in uporabniku prijazen dizajn je zdru\u017een s 500+ hiperpovezavami, vodniki in kontrolnimi seznami, zaradi \u010desar je zelo u\u010dinkovit planer, ki vam pomaga na\u010drtovati sanjsko poroko brez stresa.<\/p>\n<p>Ta digitalni planer porok vas bo organiziral in poskrbel, da ne boste nikoli zamudili nobene podrobnosti.<\/p>","protected":false},"excerpt":{"rendered":"<p>Vrhunski poro\u010dni planer, ki vklju\u010duje 200 digitalnih strani seznamov, delovnih listov in checklist s 500+ hiperpovezavami, ki vam bodo v pomo\u010d pri krmarjenju po planerju in na\u010drtovanju popolne poroke od za\u010detka do sre\u010dno do konca!<\/p>\n<p>200 strani koristnih virov za na\u010drtovanje porok s 500+ hiperpovezavami, ki vam bodo v pomo\u010d pri krmarjenju po na\u010drtovalcu<br \/>\n12 poglavij s kontrolnim seznamom: od zaroke do poroke<br \/>\n15 kategorij na\u010drtovanja poroke<br \/>\nMese\u010dni koledarji brez datumov in sledilci aktivnosti za 12 mesecev<\/p>\n<p>Digitalni poro\u010dni planer je v angle\u0161kem jeziku.<\/p>","protected":false},"featured_media":5421,"comment_status":"closed","ping_status":"closed","template":"","meta":{"_monsterinsights_skip_tracking":false,"_monsterinsights_sitenote_active":false,"_monsterinsights_sitenote_note":"","_monsterinsights_sitenote_category":0,"site-sidebar-layout":"default","site-content-layout":"default","ast-site-content-layout":"default","site-content-style":"default","site-sidebar-style":"default","ast-global-header-display":"","ast-banner-title-visibility":"","ast-main-header-display":"","ast-hfb-above-header-display":"","ast-hfb-below-header-display":"","ast-hfb-mobile-header-display":"","site-post-title":"","ast-breadcrumbs-content":"","ast-featured-img":"","footer-sml-layout":"","theme-transparent-header-meta":"default","adv-header-id-meta":"","stick-header-meta":"","header-above-stick-meta":"","header-main-stick-meta":"","header-below-stick-meta":"","astra-migrate-meta-layouts":"set","_glsr_average":0,"_glsr_ranking":0,"_glsr_reviews":0},"product_brand":[],"product_cat":[67,85],"product_tag":[],"class_list":{"0":"post-5463","1":"product","2":"type-product","3":"status-publish","4":"has-post-thumbnail","6":"product_cat-porocni-digital","7":"product_cat-porocni-planer-vsi","8":"desktop-align-center","9":"tablet-align-left","10":"mobile-align-left","12":"first","13":"instock","14":"downloadable","15":"virtual","16":"purchasable","17":"product-type-simple"},"yoast_head":"<!-- This site is optimized with the Yoast SEO plugin v25.2 - https:\/\/yoast.com\/wordpress\/plugins\/seo\/ -->\n<title>PORO\u010cNI PLANER | Digital - Happy Planner Land<\/title>\n<meta name=\"description\" content=\"Digitalni poro\u010dni planer - vsi poro\u010dni detajli na dlani. Za \u0161e bolj organizirano in \u010dudovito poroko, z osupljivimi detajli.\" \/>\n<meta name=\"robots\" content=\"index, follow, max-snippet:-1, max-image-preview:large, max-video-preview:-1\" \/>\n<link rel=\"canonical\" href=\"https:\/\/happyplannerland.com\/en\/product\/porocni-planer-digital\/\" \/>\n<meta property=\"og:locale\" content=\"en_GB\" \/>\n<meta property=\"og:type\" content=\"article\" \/>\n<meta property=\"og:title\" content=\"PORO\u010cNI PLANER | Digital - Happy Planner Land\" \/>\n<meta property=\"og:description\" content=\"Digitalni poro\u010dni planer - vsi poro\u010dni detajli na dlani. Za \u0161e bolj organizirano in \u010dudovito poroko, z osupljivimi detajli.\" \/>\n<meta property=\"og:url\" content=\"https:\/\/happyplannerland.com\/en\/product\/porocni-planer-digital\/\" \/>\n<meta property=\"og:site_name\" content=\"Happy Planner Land\" \/>\n<meta property=\"article:modified_time\" content=\"2024-10-17T09:07:47+00:00\" \/>\n<meta property=\"og:image\" content=\"https:\/\/happyplannerland.com\/wp-content\/uploads\/2023\/05\/Square-Product-description.png\" \/>\n\t<meta property=\"og:image:width\" content=\"2160\" \/>\n\t<meta property=\"og:image:height\" content=\"2160\" \/>\n\t<meta property=\"og:image:type\" content=\"image\/png\" \/>\n<meta name=\"twitter:card\" content=\"summary_large_image\" \/>\n<meta name=\"twitter:label1\" content=\"Estimated reading time\" \/>\n\t<meta name=\"twitter:data1\" content=\"4 minutes\" \/>\n<script type=\"application\/ld+json\" class=\"yoast-schema-graph\">{\"@context\":\"https:\/\/schema.org\",\"@graph\":[{\"@type\":\"WebPage\",\"@id\":\"https:\/\/happyplannerland.com\/izdelek\/porocni-planer-digital\/\",\"url\":\"https:\/\/happyplannerland.com\/izdelek\/porocni-planer-digital\/\",\"name\":\"PORO\u010cNI PLANER | Digital - Happy Planner Land\",\"isPartOf\":{\"@id\":\"https:\/\/happyplannerland.com\/#website\"},\"primaryImageOfPage\":{\"@id\":\"https:\/\/happyplannerland.com\/izdelek\/porocni-planer-digital\/#primaryimage\"},\"image\":{\"@id\":\"https:\/\/happyplannerland.com\/izdelek\/porocni-planer-digital\/#primaryimage\"},\"thumbnailUrl\":\"https:\/\/happyplannerland.com\/wp-content\/uploads\/2023\/05\/Square-Product-description.png\",\"datePublished\":\"2023-05-28T09:35:10+00:00\",\"dateModified\":\"2024-10-17T09:07:47+00:00\",\"description\":\"Digitalni poro\u010dni planer - vsi poro\u010dni detajli na dlani. Za \u0161e bolj organizirano in \u010dudovito poroko, z osupljivimi detajli.\",\"breadcrumb\":{\"@id\":\"https:\/\/happyplannerland.com\/izdelek\/porocni-planer-digital\/#breadcrumb\"},\"inLanguage\":\"en-GB\",\"potentialAction\":[{\"@type\":\"ReadAction\",\"target\":[\"https:\/\/happyplannerland.com\/izdelek\/porocni-planer-digital\/\"]}]},{\"@type\":\"ImageObject\",\"inLanguage\":\"en-GB\",\"@id\":\"https:\/\/happyplannerland.com\/izdelek\/porocni-planer-digital\/#primaryimage\",\"url\":\"https:\/\/happyplannerland.com\/wp-content\/uploads\/2023\/05\/Square-Product-description.png\",\"contentUrl\":\"https:\/\/happyplannerland.com\/wp-content\/uploads\/2023\/05\/Square-Product-description.png\",\"width\":2160,\"height\":2160},{\"@type\":\"BreadcrumbList\",\"@id\":\"https:\/\/happyplannerland.com\/izdelek\/porocni-planer-digital\/#breadcrumb\",\"itemListElement\":[{\"@type\":\"ListItem\",\"position\":1,\"name\":\"Home\",\"item\":\"https:\/\/happyplannerland.com\/\"},{\"@type\":\"ListItem\",\"position\":2,\"name\":\"Izdelki\",\"item\":\"https:\/\/happyplannerland.com\/shop\/\"},{\"@type\":\"ListItem\",\"position\":3,\"name\":\"PORO\u010cNI PLANER | Digital\"}]},{\"@type\":\"WebSite\",\"@id\":\"https:\/\/happyplannerland.com\/#website\",\"url\":\"https:\/\/happyplannerland.com\/\",\"name\":\"Happy Planner Land\",\"description\":\"Happy Planner Land\",\"publisher\":{\"@id\":\"https:\/\/happyplannerland.com\/#organization\"},\"potentialAction\":[{\"@type\":\"SearchAction\",\"target\":{\"@type\":\"EntryPoint\",\"urlTemplate\":\"https:\/\/happyplannerland.com\/?s={search_term_string}\"},\"query-input\":{\"@type\":\"PropertyValueSpecification\",\"valueRequired\":true,\"valueName\":\"search_term_string\"}}],\"inLanguage\":\"en-GB\"},{\"@type\":\"Organization\",\"@id\":\"https:\/\/happyplannerland.com\/#organization\",\"name\":\"Happy Planner Land\",\"url\":\"https:\/\/happyplannerland.com\/\",\"logo\":{\"@type\":\"ImageObject\",\"inLanguage\":\"en-GB\",\"@id\":\"https:\/\/happyplannerland.com\/#\/schema\/logo\/image\/\",\"url\":\"https:\/\/happyplannerland.com\/wp-content\/uploads\/2022\/06\/cropped-1gtgt.png\",\"contentUrl\":\"https:\/\/happyplannerland.com\/wp-content\/uploads\/2022\/06\/cropped-1gtgt.png\",\"width\":283,\"height\":95,\"caption\":\"Happy Planner Land\"},\"image\":{\"@id\":\"https:\/\/happyplannerland.com\/#\/schema\/logo\/image\/\"}}]}<\/script>\n<!-- \/ Yoast SEO plugin. -->","yoast_head_json":{"title":"PORO\u010cNI PLANER | Digital - Happy Planner Land","description":"Digitalni poro\u010dni planer - vsi poro\u010dni detajli na dlani. Za \u0161e bolj organizirano in \u010dudovito poroko, z osupljivimi detajli.","robots":{"index":"index","follow":"follow","max-snippet":"max-snippet:-1","max-image-preview":"max-image-preview:large","max-video-preview":"max-video-preview:-1"},"canonical":"https:\/\/happyplannerland.com\/en\/product\/porocni-planer-digital\/","og_locale":"en_GB","og_type":"article","og_title":"PORO\u010cNI PLANER | Digital - Happy Planner Land","og_description":"Digitalni poro\u010dni planer - vsi poro\u010dni detajli na dlani. Za \u0161e bolj organizirano in \u010dudovito poroko, z osupljivimi detajli.","og_url":"https:\/\/happyplannerland.com\/en\/product\/porocni-planer-digital\/","og_site_name":"Happy Planner Land","article_modified_time":"2024-10-17T09:07:47+00:00","og_image":[{"width":2160,"height":2160,"url":"https:\/\/happyplannerland.com\/wp-content\/uploads\/2023\/05\/Square-Product-description.png","type":"image\/png"}],"twitter_card":"summary_large_image","twitter_misc":{"Estimated reading time":"4 minutes"},"schema":{"@context":"https:\/\/schema.org","@graph":[{"@type":"WebPage","@id":"https:\/\/happyplannerland.com\/izdelek\/porocni-planer-digital\/","url":"https:\/\/happyplannerland.com\/izdelek\/porocni-planer-digital\/","name":"PORO\u010cNI PLANER | Digital - Happy Planner Land","isPartOf":{"@id":"https:\/\/happyplannerland.com\/#website"},"primaryImageOfPage":{"@id":"https:\/\/happyplannerland.com\/izdelek\/porocni-planer-digital\/#primaryimage"},"image":{"@id":"https:\/\/happyplannerland.com\/izdelek\/porocni-planer-digital\/#primaryimage"},"thumbnailUrl":"https:\/\/happyplannerland.com\/wp-content\/uploads\/2023\/05\/Square-Product-description.png","datePublished":"2023-05-28T09:35:10+00:00","dateModified":"2024-10-17T09:07:47+00:00","description":"Digitalni poro\u010dni planer - vsi poro\u010dni detajli na dlani. Za \u0161e bolj organizirano in \u010dudovito poroko, z osupljivimi detajli.","breadcrumb":{"@id":"https:\/\/happyplannerland.com\/izdelek\/porocni-planer-digital\/#breadcrumb"},"inLanguage":"en-GB","potentialAction":[{"@type":"ReadAction","target":["https:\/\/happyplannerland.com\/izdelek\/porocni-planer-digital\/"]}]},{"@type":"ImageObject","inLanguage":"en-GB","@id":"https:\/\/happyplannerland.com\/izdelek\/porocni-planer-digital\/#primaryimage","url":"https:\/\/happyplannerland.com\/wp-content\/uploads\/2023\/05\/Square-Product-description.png","contentUrl":"https:\/\/happyplannerland.com\/wp-content\/uploads\/2023\/05\/Square-Product-description.png","width":2160,"height":2160},{"@type":"BreadcrumbList","@id":"https:\/\/happyplannerland.com\/izdelek\/porocni-planer-digital\/#breadcrumb","itemListElement":[{"@type":"ListItem","position":1,"name":"Home","item":"https:\/\/happyplannerland.com\/"},{"@type":"ListItem","position":2,"name":"Izdelki","item":"https:\/\/happyplannerland.com\/shop\/"},{"@type":"ListItem","position":3,"name":"PORO\u010cNI PLANER | Digital"}]},{"@type":"WebSite","@id":"https:\/\/happyplannerland.com\/#website","url":"https:\/\/happyplannerland.com\/","name":"Happy Planner Land","description":"Happy Planner Land","publisher":{"@id":"https:\/\/happyplannerland.com\/#organization"},"potentialAction":[{"@type":"SearchAction","target":{"@type":"EntryPoint","urlTemplate":"https:\/\/happyplannerland.com\/?s={search_term_string}"},"query-input":{"@type":"PropertyValueSpecification","valueRequired":true,"valueName":"search_term_string"}}],"inLanguage":"en-GB"},{"@type":"Organization","@id":"https:\/\/happyplannerland.com\/#organization","name":"Happy Planner Land","url":"https:\/\/happyplannerland.com\/","logo":{"@type":"ImageObject","inLanguage":"en-GB","@id":"https:\/\/happyplannerland.com\/#\/schema\/logo\/image\/","url":"https:\/\/happyplannerland.com\/wp-content\/uploads\/2022\/06\/cropped-1gtgt.png","contentUrl":"https:\/\/happyplannerland.com\/wp-content\/uploads\/2022\/06\/cropped-1gtgt.png","width":283,"height":95,"caption":"Happy Planner Land"},"image":{"@id":"https:\/\/happyplannerland.com\/#\/schema\/logo\/image\/"}}]}},"_links":{"self":[{"href":"https:\/\/happyplannerland.com\/en\/wp-json\/wp\/v2\/product\/5463","targetHints":{"allow":["GET"]}}],"collection":[{"href":"https:\/\/happyplannerland.com\/en\/wp-json\/wp\/v2\/product"}],"about":[{"href":"https:\/\/happyplannerland.com\/en\/wp-json\/wp\/v2\/types\/product"}],"replies":[{"embeddable":true,"href":"https:\/\/happyplannerland.com\/en\/wp-json\/wp\/v2\/comments?post=5463"}],"version-history":[{"count":6,"href":"https:\/\/happyplannerland.com\/en\/wp-json\/wp\/v2\/product\/5463\/revisions"}],"predecessor-version":[{"id":6971,"href":"https:\/\/happyplannerland.com\/en\/wp-json\/wp\/v2\/product\/5463\/revisions\/6971"}],"wp:featuredmedia":[{"embeddable":true,"href":"https:\/\/happyplannerland.com\/en\/wp-json\/wp\/v2\/media\/5421"}],"wp:attachment":[{"href":"https:\/\/happyplannerland.com\/en\/wp-json\/wp\/v2\/media?parent=5463"}],"wp:term":[{"taxonomy":"product_brand","embeddable":true,"href":"https:\/\/happyplannerland.com\/en\/wp-json\/wp\/v2\/product_brand?post=5463"},{"taxonomy":"product_cat","embeddable":true,"href":"https:\/\/happyplannerland.com\/en\/wp-json\/wp\/v2\/product_cat?post=5463"},{"taxonomy":"product_tag","embeddable":true,"href":"https:\/\/happyplannerland.com\/en\/wp-json\/wp\/v2\/product_tag?post=5463"}],"curies":[{"name":"wp","href":"https:\/\/api.w.org\/{rel}","templated":true}]}}