{"id":5703,"date":"2023-05-29T12:26:46","date_gmt":"2023-05-29T12:26:46","guid":{"rendered":"https:\/\/happyplannerland.com\/?post_type=product&#038;p=5703"},"modified":"2025-10-05T15:03:00","modified_gmt":"2025-10-05T15:03:00","slug":"quote-dashboards","status":"publish","type":"product","link":"https:\/\/happyplannerland.com\/en\/product\/quote-dashboards\/","title":{"rendered":"Quote Dashboards (5 kos)"},"content":{"rendered":"<p>dashboard<\/p>\n<p>Bele\u017eka ali dnevnik\u00a0 Happy Plan te opominja, da je vsak dan prilo\u017enost, da obrne\u0161 nov list. Za\u010dne\u0161 znova in naredi\u0161 korak bli\u017eje svojim sanjam in ciljem. Zasnovan je za elegantno \u017eensko in punco, ki \u017eeli biti na teko\u010dem s svojimi dnevnimi nalogami. Bolj\u0161e jesti in telovaditi ter hkrati imeti pod kontrolo svoje finance in \u0161olo. Izberi svojo najljub\u0161o platnico in za\u010dni uresni\u010devati svoje sanje.<\/p>\n<h4><strong>12 mesecev: September 2020 &#8211; Avgust 2021<\/strong><\/h4>\n<p>301 stran<\/p>\n<p>Rose Gold \u0161piralna vezava<\/p>\n<p>Rose Gold vogalniki<\/p>\n<p>Mese\u010dni zavihki<\/p>\n<h4><strong>Kaj najde\u0161 v planerju?<\/strong><\/h4>\n<ul>\n<li>Mese\u010dni razpored<\/li>\n<li>Mese\u010dni cilji<\/li>\n<li>Mese\u010dni stro\u0161ki<\/li>\n<li>Izpiti in testi<\/li>\n<li>Tedenski fitnes in prehrana<\/li>\n<li>Tedenske naloge<\/li>\n<li>Dnevne naloge<\/li>\n<li>Dnevno sledenje navadam<\/li>\n<li>Na\u010drtovalec po\u010ditnic<\/li>\n<li>Seznam bo\u017ei\u010dnih daril<\/li>\n<li><span style=\"font-size: 16px;\">Notepads<\/span><\/li>\n<\/ul>\n<p>22 cm x 19 cm x 3 cm<\/p>\n<h4>IZDELAVA<\/h4>\n<p>Prav vsak je narejen z Rose Gold spiralno vezavo in vogalniki. Klju\u010dna razlika pa je seveda dizajn platni\u010dk. Zaradi velikega zanimanja smo pri Happy plan obdr\u017eali vsem \u017ee dobro poznane platni\u010dke.<\/p>\n<p>Happy FLUFF, Happy SPARKLE in HAPPY GEM.<\/p>\n<p>Hkrati pa za leto 2021 izbira\u0161 med tremi novimi nekoliko bolj \u017eenstvenimi stili. Happy ART, Happy BLOSSOM in Happy BLUSH. Prav vse platni\u010dke za leto 2021 pa lahko pokombinira\u0161 z dvema razli\u010dnima dizajnoma notranjih strani: z dnevno in tedensko izdajo.<\/p>\n<h4><a href=\"https:\/\/www.trgovinaika.si\/trgovina\/planer-brez-datumov-fluff\/\"><strong>KAJ VSEBUJE TEDENSKA IZDAJA?<\/strong><\/a><\/h4>\n<p>Tedenska izdaja ima za vsak teden dodeljeni dve strani z razporeditvijo vsakega dne po urah od 5:00 pa vse do 22:00.<\/p>\n<p>Prav tako kot dnevna izdaja, ima\u0161 tudi v tedenski izdaji poleg mese\u010dnega pregleda z zavihki za la\u017ejo navigacijo po planerju. na voljo tudi stran za pregled in sledenje svojim financam.<\/p>\n<p>Na koncu vsakega meseca lahko najde\u0161 6 \u010drtnih listov z dovolj prostora za zapis vseh nalog. Ki jih je potrebno dokon\u010dati. Na za\u010detku vsakega meseca sta dve strani namenjeni sledenju t<a href=\"https:\/\/happyplannerland.com\/en\/akcijski-paketi\/\">vojih navad.<\/a><\/p>\n<p>Pitju vode, telovadbi in po\u010dutju in nekaj praznih prostorov. Kjer lahko dopi\u0161e\u0161 svoje dodatne navade in jim sledi\u0161 ter le-te iz meseca v mesec izbolj\u0161uje\u0161.<\/p>\n<p>Tedenska izdaja je namenjen vsem, ki imajo veliko opravkov in sestankov. Ki so omejeni po urah ter potrebujete dovolj praznega prostora. Za zapis vseh misli, da ne uidejo. \u00a0Idealna je tudi za vse tiste, ki si radi \u010dasovno blokirate dneve. In u\u017eivate v na\u010drtovanju celotnega tedna z enim samim zamahom.<\/p>\n<p>&nbsp;<\/p>\n<p>Poglej na\u0161e dodatke:\u00a0<a href=\"https:\/\/happyplannerland.com\/en\/sestavi-svoj-planer-brez-datumov\/\">https:\/\/happyplannerland.com\/sestavi-svoj-planer-brez-datumov\/<\/a><\/p>\n<p><a href=\"https:\/\/happyplannerland.com\/en\/akcijski-paketi\/\">https:\/\/happyplannerland.com\/akcijski-paketi\/<\/a><\/p>\n<p>&nbsp;<\/p>","protected":false},"excerpt":{"rendered":"<p>Poglobi se v svet navdiha z na\u0161o izjemno kolekcijo DASHBOARD-ov z motivacijskimi citati za agende. Vsak dashboard vsebuje vzpodbuden in motivacijski citat in pomirjajo\u010do sliko, ki so skrbno izbrane za pove\u010danje samozavesti in ohranjanje osredoto\u010denosti na tvoje cilje.<\/p>\n<p>SPECIFIKACIJE: Enostranska zasnova z \u017ee narejenimi luknjami za na\u0161e A5 agende<br \/>\nKAKOVOST IZDELKA: Debel 350 g karton<\/p>\n<p>Barve se lahko nekoliko razlikujejo od fotografij.<\/p>\n<p>5 kos<\/p>","protected":false},"featured_media":5696,"comment_status":"closed","ping_status":"closed","template":"","meta":{"_monsterinsights_skip_tracking":false,"_monsterinsights_sitenote_active":false,"_monsterinsights_sitenote_note":"","_monsterinsights_sitenote_category":0,"site-sidebar-layout":"default","site-content-layout":"default","ast-site-content-layout":"default","site-content-style":"default","site-sidebar-style":"default","ast-global-header-display":"","ast-banner-title-visibility":"","ast-main-header-display":"","ast-hfb-above-header-display":"","ast-hfb-below-header-display":"","ast-hfb-mobile-header-display":"","site-post-title":"","ast-breadcrumbs-content":"","ast-featured-img":"","footer-sml-layout":"","theme-transparent-header-meta":"default","adv-header-id-meta":"","stick-header-meta":"","header-above-stick-meta":"","header-main-stick-meta":"","header-below-stick-meta":"","astra-migrate-meta-layouts":"set","_glsr_average":0,"_glsr_ranking":0,"_glsr_reviews":0},"product_brand":[],"product_cat":[21,65,84],"product_tag":[],"class_list":{"0":"post-5703","1":"product","2":"type-product","3":"status-publish","4":"has-post-thumbnail","6":"product_cat-nekategorizirano","7":"product_cat-agenda","8":"product_cat-odprodaja","9":"desktop-align-center","10":"tablet-align-left","11":"mobile-align-left","13":"first","14":"instock","15":"shipping-taxable","16":"purchasable","17":"product-type-simple"},"yoast_head":"<!-- This site is optimized with the Yoast SEO plugin v25.2 - https:\/\/yoast.com\/wordpress\/plugins\/seo\/ -->\n<title>Quote Dashboards (5 kos) - Happy Planner Land<\/title>\n<meta name=\"description\" content=\"Dashboard prina\u0161a edinstven in privla\u010den estetski pridih v tvojo vsakodnevno rutino. Kot priro\u010dni lo\u010devalci \u010dudovito vklju\u010dijo v tvoj planer.\" \/>\n<meta name=\"robots\" content=\"index, follow, max-snippet:-1, max-image-preview:large, max-video-preview:-1\" \/>\n<link rel=\"canonical\" href=\"https:\/\/happyplannerland.com\/en\/product\/quote-dashboards\/\" \/>\n<meta property=\"og:locale\" content=\"en_GB\" \/>\n<meta property=\"og:type\" content=\"article\" \/>\n<meta property=\"og:title\" content=\"Quote Dashboards (5 kos) - Happy Planner Land\" \/>\n<meta property=\"og:description\" content=\"Dashboard prina\u0161a edinstven in privla\u010den estetski pridih v tvojo vsakodnevno rutino. Kot priro\u010dni lo\u010devalci \u010dudovito vklju\u010dijo v tvoj planer.\" \/>\n<meta property=\"og:url\" content=\"https:\/\/happyplannerland.com\/en\/product\/quote-dashboards\/\" \/>\n<meta property=\"og:site_name\" content=\"Happy Planner Land\" \/>\n<meta property=\"article:modified_time\" content=\"2025-10-05T15:03:00+00:00\" \/>\n<meta property=\"og:image\" content=\"https:\/\/happyplannerland.com\/wp-content\/uploads\/2023\/05\/10.png\" \/>\n\t<meta property=\"og:image:width\" content=\"1485\" \/>\n\t<meta property=\"og:image:height\" content=\"1485\" \/>\n\t<meta property=\"og:image:type\" content=\"image\/png\" \/>\n<meta name=\"twitter:card\" content=\"summary_large_image\" \/>\n<meta name=\"twitter:label1\" content=\"Estimated reading time\" \/>\n\t<meta name=\"twitter:data1\" content=\"2 minutes\" \/>\n<script type=\"application\/ld+json\" class=\"yoast-schema-graph\">{\"@context\":\"https:\/\/schema.org\",\"@graph\":[{\"@type\":\"WebPage\",\"@id\":\"https:\/\/happyplannerland.com\/izdelek\/quote-dashboards\/\",\"url\":\"https:\/\/happyplannerland.com\/izdelek\/quote-dashboards\/\",\"name\":\"Quote Dashboards (5 kos) - Happy Planner Land\",\"isPartOf\":{\"@id\":\"https:\/\/happyplannerland.com\/#website\"},\"primaryImageOfPage\":{\"@id\":\"https:\/\/happyplannerland.com\/izdelek\/quote-dashboards\/#primaryimage\"},\"image\":{\"@id\":\"https:\/\/happyplannerland.com\/izdelek\/quote-dashboards\/#primaryimage\"},\"thumbnailUrl\":\"https:\/\/happyplannerland.com\/wp-content\/uploads\/2023\/05\/10.png\",\"datePublished\":\"2023-05-29T12:26:46+00:00\",\"dateModified\":\"2025-10-05T15:03:00+00:00\",\"description\":\"Dashboard prina\u0161a edinstven in privla\u010den estetski pridih v tvojo vsakodnevno rutino. Kot priro\u010dni lo\u010devalci \u010dudovito vklju\u010dijo v tvoj planer.\",\"breadcrumb\":{\"@id\":\"https:\/\/happyplannerland.com\/izdelek\/quote-dashboards\/#breadcrumb\"},\"inLanguage\":\"en-GB\",\"potentialAction\":[{\"@type\":\"ReadAction\",\"target\":[\"https:\/\/happyplannerland.com\/izdelek\/quote-dashboards\/\"]}]},{\"@type\":\"ImageObject\",\"inLanguage\":\"en-GB\",\"@id\":\"https:\/\/happyplannerland.com\/izdelek\/quote-dashboards\/#primaryimage\",\"url\":\"https:\/\/happyplannerland.com\/wp-content\/uploads\/2023\/05\/10.png\",\"contentUrl\":\"https:\/\/happyplannerland.com\/wp-content\/uploads\/2023\/05\/10.png\",\"width\":1485,\"height\":1485},{\"@type\":\"BreadcrumbList\",\"@id\":\"https:\/\/happyplannerland.com\/izdelek\/quote-dashboards\/#breadcrumb\",\"itemListElement\":[{\"@type\":\"ListItem\",\"position\":1,\"name\":\"Home\",\"item\":\"https:\/\/happyplannerland.com\/\"},{\"@type\":\"ListItem\",\"position\":2,\"name\":\"Izdelki\",\"item\":\"https:\/\/happyplannerland.com\/shop\/\"},{\"@type\":\"ListItem\",\"position\":3,\"name\":\"Quote Dashboards (5 kos)\"}]},{\"@type\":\"WebSite\",\"@id\":\"https:\/\/happyplannerland.com\/#website\",\"url\":\"https:\/\/happyplannerland.com\/\",\"name\":\"Happy Planner Land\",\"description\":\"Happy Planner Land\",\"publisher\":{\"@id\":\"https:\/\/happyplannerland.com\/#organization\"},\"potentialAction\":[{\"@type\":\"SearchAction\",\"target\":{\"@type\":\"EntryPoint\",\"urlTemplate\":\"https:\/\/happyplannerland.com\/?s={search_term_string}\"},\"query-input\":{\"@type\":\"PropertyValueSpecification\",\"valueRequired\":true,\"valueName\":\"search_term_string\"}}],\"inLanguage\":\"en-GB\"},{\"@type\":\"Organization\",\"@id\":\"https:\/\/happyplannerland.com\/#organization\",\"name\":\"Happy Planner Land\",\"url\":\"https:\/\/happyplannerland.com\/\",\"logo\":{\"@type\":\"ImageObject\",\"inLanguage\":\"en-GB\",\"@id\":\"https:\/\/happyplannerland.com\/#\/schema\/logo\/image\/\",\"url\":\"https:\/\/happyplannerland.com\/wp-content\/uploads\/2022\/06\/cropped-1gtgt.png\",\"contentUrl\":\"https:\/\/happyplannerland.com\/wp-content\/uploads\/2022\/06\/cropped-1gtgt.png\",\"width\":283,\"height\":95,\"caption\":\"Happy Planner Land\"},\"image\":{\"@id\":\"https:\/\/happyplannerland.com\/#\/schema\/logo\/image\/\"}}]}<\/script>\n<!-- \/ Yoast SEO plugin. -->","yoast_head_json":{"title":"Quote Dashboards (5 kos) - Happy Planner Land","description":"Dashboard prina\u0161a edinstven in privla\u010den estetski pridih v tvojo vsakodnevno rutino. Kot priro\u010dni lo\u010devalci \u010dudovito vklju\u010dijo v tvoj planer.","robots":{"index":"index","follow":"follow","max-snippet":"max-snippet:-1","max-image-preview":"max-image-preview:large","max-video-preview":"max-video-preview:-1"},"canonical":"https:\/\/happyplannerland.com\/en\/product\/quote-dashboards\/","og_locale":"en_GB","og_type":"article","og_title":"Quote Dashboards (5 kos) - Happy Planner Land","og_description":"Dashboard prina\u0161a edinstven in privla\u010den estetski pridih v tvojo vsakodnevno rutino. Kot priro\u010dni lo\u010devalci \u010dudovito vklju\u010dijo v tvoj planer.","og_url":"https:\/\/happyplannerland.com\/en\/product\/quote-dashboards\/","og_site_name":"Happy Planner Land","article_modified_time":"2025-10-05T15:03:00+00:00","og_image":[{"width":1485,"height":1485,"url":"https:\/\/happyplannerland.com\/wp-content\/uploads\/2023\/05\/10.png","type":"image\/png"}],"twitter_card":"summary_large_image","twitter_misc":{"Estimated reading time":"2 minutes"},"schema":{"@context":"https:\/\/schema.org","@graph":[{"@type":"WebPage","@id":"https:\/\/happyplannerland.com\/izdelek\/quote-dashboards\/","url":"https:\/\/happyplannerland.com\/izdelek\/quote-dashboards\/","name":"Quote Dashboards (5 kos) - Happy Planner Land","isPartOf":{"@id":"https:\/\/happyplannerland.com\/#website"},"primaryImageOfPage":{"@id":"https:\/\/happyplannerland.com\/izdelek\/quote-dashboards\/#primaryimage"},"image":{"@id":"https:\/\/happyplannerland.com\/izdelek\/quote-dashboards\/#primaryimage"},"thumbnailUrl":"https:\/\/happyplannerland.com\/wp-content\/uploads\/2023\/05\/10.png","datePublished":"2023-05-29T12:26:46+00:00","dateModified":"2025-10-05T15:03:00+00:00","description":"Dashboard prina\u0161a edinstven in privla\u010den estetski pridih v tvojo vsakodnevno rutino. Kot priro\u010dni lo\u010devalci \u010dudovito vklju\u010dijo v tvoj planer.","breadcrumb":{"@id":"https:\/\/happyplannerland.com\/izdelek\/quote-dashboards\/#breadcrumb"},"inLanguage":"en-GB","potentialAction":[{"@type":"ReadAction","target":["https:\/\/happyplannerland.com\/izdelek\/quote-dashboards\/"]}]},{"@type":"ImageObject","inLanguage":"en-GB","@id":"https:\/\/happyplannerland.com\/izdelek\/quote-dashboards\/#primaryimage","url":"https:\/\/happyplannerland.com\/wp-content\/uploads\/2023\/05\/10.png","contentUrl":"https:\/\/happyplannerland.com\/wp-content\/uploads\/2023\/05\/10.png","width":1485,"height":1485},{"@type":"BreadcrumbList","@id":"https:\/\/happyplannerland.com\/izdelek\/quote-dashboards\/#breadcrumb","itemListElement":[{"@type":"ListItem","position":1,"name":"Home","item":"https:\/\/happyplannerland.com\/"},{"@type":"ListItem","position":2,"name":"Izdelki","item":"https:\/\/happyplannerland.com\/shop\/"},{"@type":"ListItem","position":3,"name":"Quote Dashboards (5 kos)"}]},{"@type":"WebSite","@id":"https:\/\/happyplannerland.com\/#website","url":"https:\/\/happyplannerland.com\/","name":"Happy Planner Land","description":"Happy Planner Land","publisher":{"@id":"https:\/\/happyplannerland.com\/#organization"},"potentialAction":[{"@type":"SearchAction","target":{"@type":"EntryPoint","urlTemplate":"https:\/\/happyplannerland.com\/?s={search_term_string}"},"query-input":{"@type":"PropertyValueSpecification","valueRequired":true,"valueName":"search_term_string"}}],"inLanguage":"en-GB"},{"@type":"Organization","@id":"https:\/\/happyplannerland.com\/#organization","name":"Happy Planner Land","url":"https:\/\/happyplannerland.com\/","logo":{"@type":"ImageObject","inLanguage":"en-GB","@id":"https:\/\/happyplannerland.com\/#\/schema\/logo\/image\/","url":"https:\/\/happyplannerland.com\/wp-content\/uploads\/2022\/06\/cropped-1gtgt.png","contentUrl":"https:\/\/happyplannerland.com\/wp-content\/uploads\/2022\/06\/cropped-1gtgt.png","width":283,"height":95,"caption":"Happy Planner Land"},"image":{"@id":"https:\/\/happyplannerland.com\/#\/schema\/logo\/image\/"}}]}},"_links":{"self":[{"href":"https:\/\/happyplannerland.com\/en\/wp-json\/wp\/v2\/product\/5703","targetHints":{"allow":["GET"]}}],"collection":[{"href":"https:\/\/happyplannerland.com\/en\/wp-json\/wp\/v2\/product"}],"about":[{"href":"https:\/\/happyplannerland.com\/en\/wp-json\/wp\/v2\/types\/product"}],"replies":[{"embeddable":true,"href":"https:\/\/happyplannerland.com\/en\/wp-json\/wp\/v2\/comments?post=5703"}],"version-history":[{"count":7,"href":"https:\/\/happyplannerland.com\/en\/wp-json\/wp\/v2\/product\/5703\/revisions"}],"predecessor-version":[{"id":8731,"href":"https:\/\/happyplannerland.com\/en\/wp-json\/wp\/v2\/product\/5703\/revisions\/8731"}],"wp:featuredmedia":[{"embeddable":true,"href":"https:\/\/happyplannerland.com\/en\/wp-json\/wp\/v2\/media\/5696"}],"wp:attachment":[{"href":"https:\/\/happyplannerland.com\/en\/wp-json\/wp\/v2\/media?parent=5703"}],"wp:term":[{"taxonomy":"product_brand","embeddable":true,"href":"https:\/\/happyplannerland.com\/en\/wp-json\/wp\/v2\/product_brand?post=5703"},{"taxonomy":"product_cat","embeddable":true,"href":"https:\/\/happyplannerland.com\/en\/wp-json\/wp\/v2\/product_cat?post=5703"},{"taxonomy":"product_tag","embeddable":true,"href":"https:\/\/happyplannerland.com\/en\/wp-json\/wp\/v2\/product_tag?post=5703"}],"curies":[{"name":"wp","href":"https:\/\/api.w.org\/{rel}","templated":true}]}}