{"id":5862,"date":"2023-06-25T12:40:33","date_gmt":"2023-06-25T12:40:33","guid":{"rendered":"https:\/\/happyplannerland.com\/?post_type=product&#038;p=5862"},"modified":"2025-06-03T12:03:21","modified_gmt":"2025-06-03T12:03:21","slug":"get-in-shape-inserti","status":"publish","type":"product","link":"https:\/\/happyplannerland.com\/en\/product\/get-in-shape-inserti\/","title":{"rendered":"Get in shape \u2022 INSERTI"},"content":{"rendered":"","protected":false},"excerpt":{"rendered":"<div class=\"flex-1 overflow-hidden\">\n<div class=\"react-scroll-to-bottom--css-womem-79elbk h-full dark:bg-gray-800\">\n<div class=\"react-scroll-to-bottom--css-womem-1n7m0yu\">\n<div class=\"flex flex-col text-sm dark:bg-gray-800\">\n<div class=\"group w-full text-gray-800 dark:text-gray-100 border-b border-black\/10 dark:border-gray-900\/50 bg-gray-50 dark:bg-[#444654]\">\n<div class=\"flex p-4 gap-4 text-base md:gap-6 md:max-w-2xl lg:max-w-[38rem] xl:max-w-3xl md:py-6 lg:px-0 m-auto\">\n<div class=\"relative flex w-[calc(100%-50px)] flex-col gap-1 md:gap-3 lg:w-[calc(100%-115px)]\">\n<div class=\"flex flex-grow flex-col gap-3\">\n<div class=\"min-h-[20px] flex items-start overflow-x-auto whitespace-pre-wrap break-words flex-col gap-4\">\n<div class=\"markdown prose w-full break-words dark:prose-invert light\">\n<p>Na\u0161i inserti za agendo &#8220;Get in shape&#8221; so popoln dodatek, ki ti bo pomagal ostati zvesta tvojim gibalnim ciljem. Z 52 listi v kompletu za celotno leto, posebej oblikovanimi za sledenje obrokom, vadbi skupaj s priro\u010dnim nakupovalnim seznamom, so nepogre\u0161ljivi za tiste, ki \u017eelijo svoje dobro po\u010dutje postaviti na prvo mesto.<\/p>\n<p>Vsak list je skrbno oblikovan, da zagotavlja dovolj prostora za bele\u017eenje tvojih dnevnih obrokov, vklju\u010dno z zajtrkom, kosilom, ve\u010derjo in prigrizki. Podrobno bele\u017ei kalori\u010dni vnos, da zagotovite uravnote\u017eeno in zdravo prehrano.<\/p>\n<p>Spremljaj svojo telesno aktivnost in se motiviraj s svojimi dose\u017eki ter izbolj\u0161avami skozi \u010das.<\/p>\n<p>Da ti olaj\u0161amo \u017eivljenje, inserti vklju\u010dujejo tudi priro\u010den nakupovalni seznam. Zapi\u0161i kaj ti manjka v hladilniku in na\u010drtuj obroke vnaprej, da si zagotovi\u0161 vse potrebne sestavine za pripravo hranljivih in okusnih obrokov.<\/p>\n<p>Inserti so oblikovani tako, da se s svojimi 6 luknjami popolnoma prilegajo vsaki A5 agendi. Preprosto jih dodaj svoji obstoje\u010di agendi in u\u017eivaj v priro\u010dnosti. Prevzemi nadzor nad svojim dobrom po\u010dutjem in napreduj proti svojim kondicijskim ciljem. Ostani organizirana, motivirana in enostavno prevzemi zdrav \u017eivljenjski slog.<\/p>\n<p>Opomba: Inserti so namenjeni uporabi s A5 agendami in ne vklju\u010dujejo same agende.<\/p>\n<\/div>\n<\/div>\n<\/div>\n<\/div>\n<\/div>\n<\/div>\n<\/div>\n<\/div>\n<\/div>\n<\/div>\n","protected":false},"featured_media":7178,"comment_status":"closed","ping_status":"closed","template":"","meta":{"_monsterinsights_skip_tracking":false,"_monsterinsights_sitenote_active":false,"_monsterinsights_sitenote_note":"","_monsterinsights_sitenote_category":0,"site-sidebar-layout":"default","site-content-layout":"default","ast-site-content-layout":"default","site-content-style":"default","site-sidebar-style":"default","ast-global-header-display":"","ast-banner-title-visibility":"","ast-main-header-display":"","ast-hfb-above-header-display":"","ast-hfb-below-header-display":"","ast-hfb-mobile-header-display":"","site-post-title":"","ast-breadcrumbs-content":"","ast-featured-img":"","footer-sml-layout":"","theme-transparent-header-meta":"default","adv-header-id-meta":"","stick-header-meta":"","header-above-stick-meta":"","header-main-stick-meta":"","header-below-stick-meta":"","astra-migrate-meta-layouts":"set","_glsr_average":0,"_glsr_ranking":0,"_glsr_reviews":0},"product_brand":[],"product_cat":[21,65,84],"product_tag":[],"class_list":{"0":"post-5862","1":"product","2":"type-product","3":"status-publish","4":"has-post-thumbnail","6":"product_cat-nekategorizirano","7":"product_cat-agenda","8":"product_cat-odprodaja","9":"desktop-align-center","10":"tablet-align-left","11":"mobile-align-left","13":"first","14":"instock","15":"shipping-taxable","16":"purchasable","17":"product-type-simple"},"yoast_head":"<!-- This site is optimized with the Yoast SEO plugin v25.2 - https:\/\/yoast.com\/wordpress\/plugins\/seo\/ -->\n<title>Get in shape \u2022 INSERTI - Happy Planner Land<\/title>\n<meta name=\"robots\" content=\"index, follow, max-snippet:-1, max-image-preview:large, max-video-preview:-1\" \/>\n<link rel=\"canonical\" href=\"https:\/\/happyplannerland.com\/en\/product\/get-in-shape-inserti\/\" \/>\n<meta property=\"og:locale\" content=\"en_GB\" \/>\n<meta property=\"og:type\" content=\"article\" \/>\n<meta property=\"og:title\" content=\"Get in shape \u2022 INSERTI - Happy Planner Land\" \/>\n<meta property=\"og:description\" content=\"Na\u0161i inserti za agendo &quot;Get in shape&quot; so popoln dodatek, ki ti bo pomagal ostati zvesta tvojim gibalnim ciljem. Z 52 listi v kompletu za celotno leto, posebej oblikovanimi za sledenje obrokom, vadbi skupaj s priro\u010dnim nakupovalnim seznamom, so nepogre\u0161ljivi za tiste, ki \u017eelijo svoje dobro po\u010dutje postaviti na prvo mesto.  Vsak list je skrbno oblikovan, da zagotavlja dovolj prostora za bele\u017eenje tvojih dnevnih obrokov, vklju\u010dno z zajtrkom, kosilom, ve\u010derjo in prigrizki. Podrobno bele\u017ei kalori\u010dni vnos, da zagotovite uravnote\u017eeno in zdravo prehrano.  Spremljaj svojo telesno aktivnost in se motiviraj s svojimi dose\u017eki ter izbolj\u0161avami skozi \u010das.  Da ti olaj\u0161amo \u017eivljenje, inserti vklju\u010dujejo tudi priro\u010den nakupovalni seznam. Zapi\u0161i kaj ti manjka v hladilniku in na\u010drtuj obroke vnaprej, da si zagotovi\u0161 vse potrebne sestavine za pripravo hranljivih in okusnih obrokov.  Inserti so oblikovani tako, da se s svojimi 6 luknjami popolnoma prilegajo vsaki A5 agendi. Preprosto jih dodaj svoji obstoje\u010di agendi in u\u017eivaj v priro\u010dnosti. Prevzemi nadzor nad svojim dobrom po\u010dutjem in napreduj proti svojim kondicijskim ciljem. Ostani organizirana, motivirana in enostavno prevzemi zdrav \u017eivljenjski slog.  Opomba: Inserti so namenjeni uporabi s A5 agendami in ne vklju\u010dujejo same agende.\" \/>\n<meta property=\"og:url\" content=\"https:\/\/happyplannerland.com\/en\/product\/get-in-shape-inserti\/\" \/>\n<meta property=\"og:site_name\" content=\"Happy Planner Land\" \/>\n<meta property=\"article:modified_time\" content=\"2025-06-03T12:03:21+00:00\" \/>\n<meta property=\"og:image\" content=\"https:\/\/happyplannerland.com\/wp-content\/uploads\/2023\/06\/AGENDA-A5-PHOTOS-2.png\" \/>\n\t<meta property=\"og:image:width\" content=\"1080\" \/>\n\t<meta property=\"og:image:height\" content=\"1080\" \/>\n\t<meta property=\"og:image:type\" content=\"image\/png\" \/>\n<meta name=\"twitter:card\" content=\"summary_large_image\" \/>\n<script type=\"application\/ld+json\" class=\"yoast-schema-graph\">{\"@context\":\"https:\/\/schema.org\",\"@graph\":[{\"@type\":\"WebPage\",\"@id\":\"https:\/\/happyplannerland.com\/izdelek\/get-in-shape-inserti\/\",\"url\":\"https:\/\/happyplannerland.com\/izdelek\/get-in-shape-inserti\/\",\"name\":\"Get in shape \u2022 INSERTI - Happy Planner Land\",\"isPartOf\":{\"@id\":\"https:\/\/happyplannerland.com\/#website\"},\"primaryImageOfPage\":{\"@id\":\"https:\/\/happyplannerland.com\/izdelek\/get-in-shape-inserti\/#primaryimage\"},\"image\":{\"@id\":\"https:\/\/happyplannerland.com\/izdelek\/get-in-shape-inserti\/#primaryimage\"},\"thumbnailUrl\":\"https:\/\/happyplannerland.com\/wp-content\/uploads\/2023\/06\/AGENDA-A5-PHOTOS-2.png\",\"datePublished\":\"2023-06-25T12:40:33+00:00\",\"dateModified\":\"2025-06-03T12:03:21+00:00\",\"breadcrumb\":{\"@id\":\"https:\/\/happyplannerland.com\/izdelek\/get-in-shape-inserti\/#breadcrumb\"},\"inLanguage\":\"en-GB\",\"potentialAction\":[{\"@type\":\"ReadAction\",\"target\":[\"https:\/\/happyplannerland.com\/izdelek\/get-in-shape-inserti\/\"]}]},{\"@type\":\"ImageObject\",\"inLanguage\":\"en-GB\",\"@id\":\"https:\/\/happyplannerland.com\/izdelek\/get-in-shape-inserti\/#primaryimage\",\"url\":\"https:\/\/happyplannerland.com\/wp-content\/uploads\/2023\/06\/AGENDA-A5-PHOTOS-2.png\",\"contentUrl\":\"https:\/\/happyplannerland.com\/wp-content\/uploads\/2023\/06\/AGENDA-A5-PHOTOS-2.png\",\"width\":1080,\"height\":1080},{\"@type\":\"BreadcrumbList\",\"@id\":\"https:\/\/happyplannerland.com\/izdelek\/get-in-shape-inserti\/#breadcrumb\",\"itemListElement\":[{\"@type\":\"ListItem\",\"position\":1,\"name\":\"Home\",\"item\":\"https:\/\/happyplannerland.com\/\"},{\"@type\":\"ListItem\",\"position\":2,\"name\":\"Izdelki\",\"item\":\"https:\/\/happyplannerland.com\/shop\/\"},{\"@type\":\"ListItem\",\"position\":3,\"name\":\"Get in shape \u2022 INSERTI\"}]},{\"@type\":\"WebSite\",\"@id\":\"https:\/\/happyplannerland.com\/#website\",\"url\":\"https:\/\/happyplannerland.com\/\",\"name\":\"Happy Planner Land\",\"description\":\"Happy Planner Land\",\"publisher\":{\"@id\":\"https:\/\/happyplannerland.com\/#organization\"},\"potentialAction\":[{\"@type\":\"SearchAction\",\"target\":{\"@type\":\"EntryPoint\",\"urlTemplate\":\"https:\/\/happyplannerland.com\/?s={search_term_string}\"},\"query-input\":{\"@type\":\"PropertyValueSpecification\",\"valueRequired\":true,\"valueName\":\"search_term_string\"}}],\"inLanguage\":\"en-GB\"},{\"@type\":\"Organization\",\"@id\":\"https:\/\/happyplannerland.com\/#organization\",\"name\":\"Happy Planner Land\",\"url\":\"https:\/\/happyplannerland.com\/\",\"logo\":{\"@type\":\"ImageObject\",\"inLanguage\":\"en-GB\",\"@id\":\"https:\/\/happyplannerland.com\/#\/schema\/logo\/image\/\",\"url\":\"https:\/\/happyplannerland.com\/wp-content\/uploads\/2022\/06\/cropped-1gtgt.png\",\"contentUrl\":\"https:\/\/happyplannerland.com\/wp-content\/uploads\/2022\/06\/cropped-1gtgt.png\",\"width\":283,\"height\":95,\"caption\":\"Happy Planner Land\"},\"image\":{\"@id\":\"https:\/\/happyplannerland.com\/#\/schema\/logo\/image\/\"}}]}<\/script>\n<!-- \/ Yoast SEO plugin. -->","yoast_head_json":{"title":"Get in shape \u2022 INSERTI - Happy Planner Land","robots":{"index":"index","follow":"follow","max-snippet":"max-snippet:-1","max-image-preview":"max-image-preview:large","max-video-preview":"max-video-preview:-1"},"canonical":"https:\/\/happyplannerland.com\/en\/product\/get-in-shape-inserti\/","og_locale":"en_GB","og_type":"article","og_title":"Get in shape \u2022 INSERTI - Happy Planner Land","og_description":"Na\u0161i inserti za agendo \"Get in shape\" so popoln dodatek, ki ti bo pomagal ostati zvesta tvojim gibalnim ciljem. Z 52 listi v kompletu za celotno leto, posebej oblikovanimi za sledenje obrokom, vadbi skupaj s priro\u010dnim nakupovalnim seznamom, so nepogre\u0161ljivi za tiste, ki \u017eelijo svoje dobro po\u010dutje postaviti na prvo mesto.  Vsak list je skrbno oblikovan, da zagotavlja dovolj prostora za bele\u017eenje tvojih dnevnih obrokov, vklju\u010dno z zajtrkom, kosilom, ve\u010derjo in prigrizki. Podrobno bele\u017ei kalori\u010dni vnos, da zagotovite uravnote\u017eeno in zdravo prehrano.  Spremljaj svojo telesno aktivnost in se motiviraj s svojimi dose\u017eki ter izbolj\u0161avami skozi \u010das.  Da ti olaj\u0161amo \u017eivljenje, inserti vklju\u010dujejo tudi priro\u010den nakupovalni seznam. Zapi\u0161i kaj ti manjka v hladilniku in na\u010drtuj obroke vnaprej, da si zagotovi\u0161 vse potrebne sestavine za pripravo hranljivih in okusnih obrokov.  Inserti so oblikovani tako, da se s svojimi 6 luknjami popolnoma prilegajo vsaki A5 agendi. Preprosto jih dodaj svoji obstoje\u010di agendi in u\u017eivaj v priro\u010dnosti. Prevzemi nadzor nad svojim dobrom po\u010dutjem in napreduj proti svojim kondicijskim ciljem. Ostani organizirana, motivirana in enostavno prevzemi zdrav \u017eivljenjski slog.  Opomba: Inserti so namenjeni uporabi s A5 agendami in ne vklju\u010dujejo same agende.","og_url":"https:\/\/happyplannerland.com\/en\/product\/get-in-shape-inserti\/","og_site_name":"Happy Planner Land","article_modified_time":"2025-06-03T12:03:21+00:00","og_image":[{"width":1080,"height":1080,"url":"https:\/\/happyplannerland.com\/wp-content\/uploads\/2023\/06\/AGENDA-A5-PHOTOS-2.png","type":"image\/png"}],"twitter_card":"summary_large_image","schema":{"@context":"https:\/\/schema.org","@graph":[{"@type":"WebPage","@id":"https:\/\/happyplannerland.com\/izdelek\/get-in-shape-inserti\/","url":"https:\/\/happyplannerland.com\/izdelek\/get-in-shape-inserti\/","name":"Get in shape \u2022 INSERTI - Happy Planner Land","isPartOf":{"@id":"https:\/\/happyplannerland.com\/#website"},"primaryImageOfPage":{"@id":"https:\/\/happyplannerland.com\/izdelek\/get-in-shape-inserti\/#primaryimage"},"image":{"@id":"https:\/\/happyplannerland.com\/izdelek\/get-in-shape-inserti\/#primaryimage"},"thumbnailUrl":"https:\/\/happyplannerland.com\/wp-content\/uploads\/2023\/06\/AGENDA-A5-PHOTOS-2.png","datePublished":"2023-06-25T12:40:33+00:00","dateModified":"2025-06-03T12:03:21+00:00","breadcrumb":{"@id":"https:\/\/happyplannerland.com\/izdelek\/get-in-shape-inserti\/#breadcrumb"},"inLanguage":"en-GB","potentialAction":[{"@type":"ReadAction","target":["https:\/\/happyplannerland.com\/izdelek\/get-in-shape-inserti\/"]}]},{"@type":"ImageObject","inLanguage":"en-GB","@id":"https:\/\/happyplannerland.com\/izdelek\/get-in-shape-inserti\/#primaryimage","url":"https:\/\/happyplannerland.com\/wp-content\/uploads\/2023\/06\/AGENDA-A5-PHOTOS-2.png","contentUrl":"https:\/\/happyplannerland.com\/wp-content\/uploads\/2023\/06\/AGENDA-A5-PHOTOS-2.png","width":1080,"height":1080},{"@type":"BreadcrumbList","@id":"https:\/\/happyplannerland.com\/izdelek\/get-in-shape-inserti\/#breadcrumb","itemListElement":[{"@type":"ListItem","position":1,"name":"Home","item":"https:\/\/happyplannerland.com\/"},{"@type":"ListItem","position":2,"name":"Izdelki","item":"https:\/\/happyplannerland.com\/shop\/"},{"@type":"ListItem","position":3,"name":"Get in shape \u2022 INSERTI"}]},{"@type":"WebSite","@id":"https:\/\/happyplannerland.com\/#website","url":"https:\/\/happyplannerland.com\/","name":"Happy Planner Land","description":"Happy Planner Land","publisher":{"@id":"https:\/\/happyplannerland.com\/#organization"},"potentialAction":[{"@type":"SearchAction","target":{"@type":"EntryPoint","urlTemplate":"https:\/\/happyplannerland.com\/?s={search_term_string}"},"query-input":{"@type":"PropertyValueSpecification","valueRequired":true,"valueName":"search_term_string"}}],"inLanguage":"en-GB"},{"@type":"Organization","@id":"https:\/\/happyplannerland.com\/#organization","name":"Happy Planner Land","url":"https:\/\/happyplannerland.com\/","logo":{"@type":"ImageObject","inLanguage":"en-GB","@id":"https:\/\/happyplannerland.com\/#\/schema\/logo\/image\/","url":"https:\/\/happyplannerland.com\/wp-content\/uploads\/2022\/06\/cropped-1gtgt.png","contentUrl":"https:\/\/happyplannerland.com\/wp-content\/uploads\/2022\/06\/cropped-1gtgt.png","width":283,"height":95,"caption":"Happy Planner Land"},"image":{"@id":"https:\/\/happyplannerland.com\/#\/schema\/logo\/image\/"}}]}},"_links":{"self":[{"href":"https:\/\/happyplannerland.com\/en\/wp-json\/wp\/v2\/product\/5862","targetHints":{"allow":["GET"]}}],"collection":[{"href":"https:\/\/happyplannerland.com\/en\/wp-json\/wp\/v2\/product"}],"about":[{"href":"https:\/\/happyplannerland.com\/en\/wp-json\/wp\/v2\/types\/product"}],"replies":[{"embeddable":true,"href":"https:\/\/happyplannerland.com\/en\/wp-json\/wp\/v2\/comments?post=5862"}],"version-history":[{"count":1,"href":"https:\/\/happyplannerland.com\/en\/wp-json\/wp\/v2\/product\/5862\/revisions"}],"predecessor-version":[{"id":5863,"href":"https:\/\/happyplannerland.com\/en\/wp-json\/wp\/v2\/product\/5862\/revisions\/5863"}],"wp:featuredmedia":[{"embeddable":true,"href":"https:\/\/happyplannerland.com\/en\/wp-json\/wp\/v2\/media\/7178"}],"wp:attachment":[{"href":"https:\/\/happyplannerland.com\/en\/wp-json\/wp\/v2\/media?parent=5862"}],"wp:term":[{"taxonomy":"product_brand","embeddable":true,"href":"https:\/\/happyplannerland.com\/en\/wp-json\/wp\/v2\/product_brand?post=5862"},{"taxonomy":"product_cat","embeddable":true,"href":"https:\/\/happyplannerland.com\/en\/wp-json\/wp\/v2\/product_cat?post=5862"},{"taxonomy":"product_tag","embeddable":true,"href":"https:\/\/happyplannerland.com\/en\/wp-json\/wp\/v2\/product_tag?post=5862"}],"curies":[{"name":"wp","href":"https:\/\/api.w.org\/{rel}","templated":true}]}}