{"id":5864,"date":"2023-06-25T12:49:38","date_gmt":"2023-06-25T12:49:38","guid":{"rendered":"https:\/\/happyplannerland.com\/?post_type=product&#038;p=5864"},"modified":"2025-10-12T18:19:11","modified_gmt":"2025-10-12T18:19:11","slug":"tedenski-pregled-po-urah-inserti","status":"publish","type":"product","link":"https:\/\/happyplannerland.com\/en\/product\/tedenski-pregled-po-urah-inserti\/","title":{"rendered":"Tedenski pregled po urah \u2022 INSERTI"},"content":{"rendered":"","protected":false},"excerpt":{"rendered":"<div class=\"flex-1 overflow-hidden\">\n<div class=\"react-scroll-to-bottom--css-womem-79elbk h-full dark:bg-gray-800\">\n<div class=\"react-scroll-to-bottom--css-womem-1n7m0yu\">\n<div class=\"flex flex-col text-sm dark:bg-gray-800\">\n<div class=\"group w-full text-gray-800 dark:text-gray-100 border-b border-black\/10 dark:border-gray-900\/50 bg-gray-50 dark:bg-[#444654]\">\n<div class=\"flex p-4 gap-4 text-base md:gap-6 md:max-w-2xl lg:max-w-[38rem] xl:max-w-3xl md:py-6 lg:px-0 m-auto\">\n<div class=\"relative flex w-[calc(100%-50px)] flex-col gap-1 md:gap-3 lg:w-[calc(100%-115px)]\">\n<div class=\"flex flex-grow flex-col gap-3\">\n<div class=\"min-h-[20px] flex items-start overflow-x-auto whitespace-pre-wrap break-words flex-col gap-4\">\n<div class=\"markdown prose w-full break-words dark:prose-invert light\">\n<p>Popestri svoje na\u010drtovanje z na\u0161imi tedenskimi nedatiranimi listi s urnikom na urah, posebej zasnovanimi za tvojo A5 agendo. Vsak komplet vsebuje 50 listov, ki ti omogo\u010dajo obilico prostora za organiziranje tvojega tedenskega urnika, sestankov in opravkov na podroben in u\u010dinkovit na\u010din.<\/p>\n<p>Klju\u010dne zna\u010dilnosti:<\/p>\n<ol>\n<li>Nedatirana oblika: Ti listi niso datirani, kar ti omogo\u010da, da jih za\u010dne\u0161 uporabljati kadarkoli v letu. Prilagodljivost je na dosegu tvojih rok!<\/li>\n<li>Urnik na urah: Na\u010drtuj svoje dneve po urah s pomo\u010djo priro\u010dnih urnih odsekov od 6:00 &#8211; 22:00. Spremljaj svoje sestanke in pomembne dogodke skozi celoten teden.<\/li>\n<li>Teden na dveh straneh: Omogo\u010da celovit pregled celotnega tedna. Na en pogled si lahko enostavno predstavlja\u0161\u00a0svoj urnik.<\/li>\n<li>Premium kakovost: Listi so izdelani iz visokokakovostnega papirja, ki je trden in vzdr\u017eljiv. Zdr\u017eijo vsakodnevno uporabo in zagotavljajo, da va\u0161i na\u010drti ostanejo nedotaknjeni.<\/li>\n<li>Preluknjani s 6 luknjami: Listi imajo \u0161est lukenj, ki popolnoma ustrezajo katerikoli A5 agendi. Preprosto jih vstavi\u0161 in u\u017eiva\u0161 v brezhibni integraciji v tvoj sistem na\u010drtovanja.<\/li>\n<\/ol>\n<p>Ostani organiziran, izkoristi svoj \u010das in dose\u017ei svoje cilje brez napora z na\u0161imi tedenskimi nedatiranimi listi s urnikom po urah. Ne glede na to, ali si \u0161tudentka, lastnica svojega podjetja ali polno zaposlena mamica, je ta paket popolni sopotnik za izbolj\u0161anje tvoje produktivnosti in u\u010dinkovitosti. Investirajte v svoje na\u010drtovanje \u017ee danes in do\u017eivite razliko, ki jo lahko na\u0161i tedenski nedatirani listi s urnikom na urah naredijo pri ohranjanju va\u0161ega urnika pod nadzorom!<\/p>\n<p>Opomba: Ta izdelek vklju\u010duje 50 posameznih listov. Agenda in vsi drugi dodatki, prikazani na slikah, so zgolj za ilustrativne namene in niso vklju\u010deni.<\/p>\n<\/div>\n<\/div>\n<\/div>\n<\/div>\n<\/div>\n<\/div>\n<\/div>\n<\/div>\n<\/div>\n<\/div>\n","protected":false},"featured_media":7183,"comment_status":"closed","ping_status":"closed","template":"","meta":{"_monsterinsights_skip_tracking":false,"_monsterinsights_sitenote_active":false,"_monsterinsights_sitenote_note":"","_monsterinsights_sitenote_category":0,"site-sidebar-layout":"default","site-content-layout":"default","ast-site-content-layout":"default","site-content-style":"default","site-sidebar-style":"default","ast-global-header-display":"","ast-banner-title-visibility":"","ast-main-header-display":"","ast-hfb-above-header-display":"","ast-hfb-below-header-display":"","ast-hfb-mobile-header-display":"","site-post-title":"","ast-breadcrumbs-content":"","ast-featured-img":"","footer-sml-layout":"","theme-transparent-header-meta":"default","adv-header-id-meta":"","stick-header-meta":"","header-above-stick-meta":"","header-main-stick-meta":"","header-below-stick-meta":"","astra-migrate-meta-layouts":"set","_glsr_average":0,"_glsr_ranking":0,"_glsr_reviews":0},"product_brand":[],"product_cat":[21,65,84],"product_tag":[],"class_list":{"0":"post-5864","1":"product","2":"type-product","3":"status-publish","4":"has-post-thumbnail","6":"product_cat-nekategorizirano","7":"product_cat-agenda","8":"product_cat-odprodaja","9":"desktop-align-center","10":"tablet-align-left","11":"mobile-align-left","13":"first","14":"instock","15":"shipping-taxable","16":"purchasable","17":"product-type-simple"},"yoast_head":"<!-- This site is optimized with the Yoast SEO plugin v25.2 - https:\/\/yoast.com\/wordpress\/plugins\/seo\/ -->\n<title>Tedenski pregled po urah \u2022 INSERTI - Happy Planner Land<\/title>\n<meta name=\"robots\" content=\"index, follow, max-snippet:-1, max-image-preview:large, max-video-preview:-1\" \/>\n<link rel=\"canonical\" href=\"https:\/\/happyplannerland.com\/en\/product\/tedenski-pregled-po-urah-inserti\/\" \/>\n<meta property=\"og:locale\" content=\"en_GB\" \/>\n<meta property=\"og:type\" content=\"article\" \/>\n<meta property=\"og:title\" content=\"Tedenski pregled po urah \u2022 INSERTI - Happy Planner Land\" \/>\n<meta property=\"og:description\" content=\"Popestri svoje na\u010drtovanje z na\u0161imi tedenskimi nedatiranimi listi s urnikom na urah, posebej zasnovanimi za tvojo A5 agendo. Vsak komplet vsebuje 50 listov, ki ti omogo\u010dajo obilico prostora za organiziranje tvojega tedenskega urnika, sestankov in opravkov na podroben in u\u010dinkovit na\u010din.  Klju\u010dne zna\u010dilnosti:   Nedatirana oblika: Ti listi niso datirani, kar ti omogo\u010da, da jih za\u010dne\u0161 uporabljati kadarkoli v letu. Prilagodljivost je na dosegu tvojih rok!  Urnik na urah: Na\u010drtuj svoje dneve po urah s pomo\u010djo priro\u010dnih urnih odsekov od 6:00 - 22:00. Spremljaj svoje sestanke in pomembne dogodke skozi celoten teden.  Teden na dveh straneh: Omogo\u010da celovit pregled celotnega tedna. Na en pogled si lahko enostavno predstavlja\u0161\u00a0svoj urnik.  Premium kakovost: Listi so izdelani iz visokokakovostnega papirja, ki je trden in vzdr\u017eljiv. Zdr\u017eijo vsakodnevno uporabo in zagotavljajo, da va\u0161i na\u010drti ostanejo nedotaknjeni.  Preluknjani s 6 luknjami: Listi imajo \u0161est lukenj, ki popolnoma ustrezajo katerikoli A5 agendi. Preprosto jih vstavi\u0161 in u\u017eiva\u0161 v brezhibni integraciji v tvoj sistem na\u010drtovanja.  Ostani organiziran, izkoristi svoj \u010das in dose\u017ei svoje cilje brez napora z na\u0161imi tedenskimi nedatiranimi listi s urnikom po urah. Ne glede na to, ali si \u0161tudentka, lastnica svojega podjetja ali polno zaposlena mamica, je ta paket popolni sopotnik za izbolj\u0161anje tvoje produktivnosti in u\u010dinkovitosti. Investirajte v svoje na\u010drtovanje \u017ee danes in do\u017eivite razliko, ki jo lahko na\u0161i tedenski nedatirani listi s urnikom na urah naredijo pri ohranjanju va\u0161ega urnika pod nadzorom!  Opomba: Ta izdelek vklju\u010duje 50 posameznih listov. Agenda in vsi drugi dodatki, prikazani na slikah, so zgolj za ilustrativne namene in niso vklju\u010deni.\" \/>\n<meta property=\"og:url\" content=\"https:\/\/happyplannerland.com\/en\/product\/tedenski-pregled-po-urah-inserti\/\" \/>\n<meta property=\"og:site_name\" content=\"Happy Planner Land\" \/>\n<meta property=\"article:modified_time\" content=\"2025-10-12T18:19:11+00:00\" \/>\n<meta property=\"og:image\" content=\"https:\/\/happyplannerland.com\/wp-content\/uploads\/2023\/06\/AGENDA-A5-PHOTOS-1.png\" \/>\n\t<meta property=\"og:image:width\" content=\"1080\" \/>\n\t<meta property=\"og:image:height\" content=\"1080\" \/>\n\t<meta property=\"og:image:type\" content=\"image\/png\" \/>\n<meta name=\"twitter:card\" content=\"summary_large_image\" \/>\n<script type=\"application\/ld+json\" class=\"yoast-schema-graph\">{\"@context\":\"https:\/\/schema.org\",\"@graph\":[{\"@type\":\"WebPage\",\"@id\":\"https:\/\/happyplannerland.com\/izdelek\/tedenski-pregled-po-urah-inserti\/\",\"url\":\"https:\/\/happyplannerland.com\/izdelek\/tedenski-pregled-po-urah-inserti\/\",\"name\":\"Tedenski pregled po urah \u2022 INSERTI - Happy Planner Land\",\"isPartOf\":{\"@id\":\"https:\/\/happyplannerland.com\/#website\"},\"primaryImageOfPage\":{\"@id\":\"https:\/\/happyplannerland.com\/izdelek\/tedenski-pregled-po-urah-inserti\/#primaryimage\"},\"image\":{\"@id\":\"https:\/\/happyplannerland.com\/izdelek\/tedenski-pregled-po-urah-inserti\/#primaryimage\"},\"thumbnailUrl\":\"https:\/\/happyplannerland.com\/wp-content\/uploads\/2023\/06\/AGENDA-A5-PHOTOS-1.png\",\"datePublished\":\"2023-06-25T12:49:38+00:00\",\"dateModified\":\"2025-10-12T18:19:11+00:00\",\"breadcrumb\":{\"@id\":\"https:\/\/happyplannerland.com\/izdelek\/tedenski-pregled-po-urah-inserti\/#breadcrumb\"},\"inLanguage\":\"en-GB\",\"potentialAction\":[{\"@type\":\"ReadAction\",\"target\":[\"https:\/\/happyplannerland.com\/izdelek\/tedenski-pregled-po-urah-inserti\/\"]}]},{\"@type\":\"ImageObject\",\"inLanguage\":\"en-GB\",\"@id\":\"https:\/\/happyplannerland.com\/izdelek\/tedenski-pregled-po-urah-inserti\/#primaryimage\",\"url\":\"https:\/\/happyplannerland.com\/wp-content\/uploads\/2023\/06\/AGENDA-A5-PHOTOS-1.png\",\"contentUrl\":\"https:\/\/happyplannerland.com\/wp-content\/uploads\/2023\/06\/AGENDA-A5-PHOTOS-1.png\",\"width\":1080,\"height\":1080},{\"@type\":\"BreadcrumbList\",\"@id\":\"https:\/\/happyplannerland.com\/izdelek\/tedenski-pregled-po-urah-inserti\/#breadcrumb\",\"itemListElement\":[{\"@type\":\"ListItem\",\"position\":1,\"name\":\"Home\",\"item\":\"https:\/\/happyplannerland.com\/\"},{\"@type\":\"ListItem\",\"position\":2,\"name\":\"Izdelki\",\"item\":\"https:\/\/happyplannerland.com\/shop\/\"},{\"@type\":\"ListItem\",\"position\":3,\"name\":\"Tedenski pregled po urah \u2022 INSERTI\"}]},{\"@type\":\"WebSite\",\"@id\":\"https:\/\/happyplannerland.com\/#website\",\"url\":\"https:\/\/happyplannerland.com\/\",\"name\":\"Happy Planner Land\",\"description\":\"Happy Planner Land\",\"publisher\":{\"@id\":\"https:\/\/happyplannerland.com\/#organization\"},\"potentialAction\":[{\"@type\":\"SearchAction\",\"target\":{\"@type\":\"EntryPoint\",\"urlTemplate\":\"https:\/\/happyplannerland.com\/?s={search_term_string}\"},\"query-input\":{\"@type\":\"PropertyValueSpecification\",\"valueRequired\":true,\"valueName\":\"search_term_string\"}}],\"inLanguage\":\"en-GB\"},{\"@type\":\"Organization\",\"@id\":\"https:\/\/happyplannerland.com\/#organization\",\"name\":\"Happy Planner Land\",\"url\":\"https:\/\/happyplannerland.com\/\",\"logo\":{\"@type\":\"ImageObject\",\"inLanguage\":\"en-GB\",\"@id\":\"https:\/\/happyplannerland.com\/#\/schema\/logo\/image\/\",\"url\":\"https:\/\/happyplannerland.com\/wp-content\/uploads\/2022\/06\/cropped-1gtgt.png\",\"contentUrl\":\"https:\/\/happyplannerland.com\/wp-content\/uploads\/2022\/06\/cropped-1gtgt.png\",\"width\":283,\"height\":95,\"caption\":\"Happy Planner Land\"},\"image\":{\"@id\":\"https:\/\/happyplannerland.com\/#\/schema\/logo\/image\/\"}}]}<\/script>\n<!-- \/ Yoast SEO plugin. -->","yoast_head_json":{"title":"Tedenski pregled po urah \u2022 INSERTI - Happy Planner Land","robots":{"index":"index","follow":"follow","max-snippet":"max-snippet:-1","max-image-preview":"max-image-preview:large","max-video-preview":"max-video-preview:-1"},"canonical":"https:\/\/happyplannerland.com\/en\/product\/tedenski-pregled-po-urah-inserti\/","og_locale":"en_GB","og_type":"article","og_title":"Tedenski pregled po urah \u2022 INSERTI - Happy Planner Land","og_description":"Popestri svoje na\u010drtovanje z na\u0161imi tedenskimi nedatiranimi listi s urnikom na urah, posebej zasnovanimi za tvojo A5 agendo. Vsak komplet vsebuje 50 listov, ki ti omogo\u010dajo obilico prostora za organiziranje tvojega tedenskega urnika, sestankov in opravkov na podroben in u\u010dinkovit na\u010din.  Klju\u010dne zna\u010dilnosti:   Nedatirana oblika: Ti listi niso datirani, kar ti omogo\u010da, da jih za\u010dne\u0161 uporabljati kadarkoli v letu. Prilagodljivost je na dosegu tvojih rok!  Urnik na urah: Na\u010drtuj svoje dneve po urah s pomo\u010djo priro\u010dnih urnih odsekov od 6:00 - 22:00. Spremljaj svoje sestanke in pomembne dogodke skozi celoten teden.  Teden na dveh straneh: Omogo\u010da celovit pregled celotnega tedna. Na en pogled si lahko enostavno predstavlja\u0161\u00a0svoj urnik.  Premium kakovost: Listi so izdelani iz visokokakovostnega papirja, ki je trden in vzdr\u017eljiv. Zdr\u017eijo vsakodnevno uporabo in zagotavljajo, da va\u0161i na\u010drti ostanejo nedotaknjeni.  Preluknjani s 6 luknjami: Listi imajo \u0161est lukenj, ki popolnoma ustrezajo katerikoli A5 agendi. Preprosto jih vstavi\u0161 in u\u017eiva\u0161 v brezhibni integraciji v tvoj sistem na\u010drtovanja.  Ostani organiziran, izkoristi svoj \u010das in dose\u017ei svoje cilje brez napora z na\u0161imi tedenskimi nedatiranimi listi s urnikom po urah. Ne glede na to, ali si \u0161tudentka, lastnica svojega podjetja ali polno zaposlena mamica, je ta paket popolni sopotnik za izbolj\u0161anje tvoje produktivnosti in u\u010dinkovitosti. Investirajte v svoje na\u010drtovanje \u017ee danes in do\u017eivite razliko, ki jo lahko na\u0161i tedenski nedatirani listi s urnikom na urah naredijo pri ohranjanju va\u0161ega urnika pod nadzorom!  Opomba: Ta izdelek vklju\u010duje 50 posameznih listov. Agenda in vsi drugi dodatki, prikazani na slikah, so zgolj za ilustrativne namene in niso vklju\u010deni.","og_url":"https:\/\/happyplannerland.com\/en\/product\/tedenski-pregled-po-urah-inserti\/","og_site_name":"Happy Planner Land","article_modified_time":"2025-10-12T18:19:11+00:00","og_image":[{"width":1080,"height":1080,"url":"https:\/\/happyplannerland.com\/wp-content\/uploads\/2023\/06\/AGENDA-A5-PHOTOS-1.png","type":"image\/png"}],"twitter_card":"summary_large_image","schema":{"@context":"https:\/\/schema.org","@graph":[{"@type":"WebPage","@id":"https:\/\/happyplannerland.com\/izdelek\/tedenski-pregled-po-urah-inserti\/","url":"https:\/\/happyplannerland.com\/izdelek\/tedenski-pregled-po-urah-inserti\/","name":"Tedenski pregled po urah \u2022 INSERTI - Happy Planner Land","isPartOf":{"@id":"https:\/\/happyplannerland.com\/#website"},"primaryImageOfPage":{"@id":"https:\/\/happyplannerland.com\/izdelek\/tedenski-pregled-po-urah-inserti\/#primaryimage"},"image":{"@id":"https:\/\/happyplannerland.com\/izdelek\/tedenski-pregled-po-urah-inserti\/#primaryimage"},"thumbnailUrl":"https:\/\/happyplannerland.com\/wp-content\/uploads\/2023\/06\/AGENDA-A5-PHOTOS-1.png","datePublished":"2023-06-25T12:49:38+00:00","dateModified":"2025-10-12T18:19:11+00:00","breadcrumb":{"@id":"https:\/\/happyplannerland.com\/izdelek\/tedenski-pregled-po-urah-inserti\/#breadcrumb"},"inLanguage":"en-GB","potentialAction":[{"@type":"ReadAction","target":["https:\/\/happyplannerland.com\/izdelek\/tedenski-pregled-po-urah-inserti\/"]}]},{"@type":"ImageObject","inLanguage":"en-GB","@id":"https:\/\/happyplannerland.com\/izdelek\/tedenski-pregled-po-urah-inserti\/#primaryimage","url":"https:\/\/happyplannerland.com\/wp-content\/uploads\/2023\/06\/AGENDA-A5-PHOTOS-1.png","contentUrl":"https:\/\/happyplannerland.com\/wp-content\/uploads\/2023\/06\/AGENDA-A5-PHOTOS-1.png","width":1080,"height":1080},{"@type":"BreadcrumbList","@id":"https:\/\/happyplannerland.com\/izdelek\/tedenski-pregled-po-urah-inserti\/#breadcrumb","itemListElement":[{"@type":"ListItem","position":1,"name":"Home","item":"https:\/\/happyplannerland.com\/"},{"@type":"ListItem","position":2,"name":"Izdelki","item":"https:\/\/happyplannerland.com\/shop\/"},{"@type":"ListItem","position":3,"name":"Tedenski pregled po urah \u2022 INSERTI"}]},{"@type":"WebSite","@id":"https:\/\/happyplannerland.com\/#website","url":"https:\/\/happyplannerland.com\/","name":"Happy Planner Land","description":"Happy Planner Land","publisher":{"@id":"https:\/\/happyplannerland.com\/#organization"},"potentialAction":[{"@type":"SearchAction","target":{"@type":"EntryPoint","urlTemplate":"https:\/\/happyplannerland.com\/?s={search_term_string}"},"query-input":{"@type":"PropertyValueSpecification","valueRequired":true,"valueName":"search_term_string"}}],"inLanguage":"en-GB"},{"@type":"Organization","@id":"https:\/\/happyplannerland.com\/#organization","name":"Happy Planner Land","url":"https:\/\/happyplannerland.com\/","logo":{"@type":"ImageObject","inLanguage":"en-GB","@id":"https:\/\/happyplannerland.com\/#\/schema\/logo\/image\/","url":"https:\/\/happyplannerland.com\/wp-content\/uploads\/2022\/06\/cropped-1gtgt.png","contentUrl":"https:\/\/happyplannerland.com\/wp-content\/uploads\/2022\/06\/cropped-1gtgt.png","width":283,"height":95,"caption":"Happy Planner Land"},"image":{"@id":"https:\/\/happyplannerland.com\/#\/schema\/logo\/image\/"}}]}},"_links":{"self":[{"href":"https:\/\/happyplannerland.com\/en\/wp-json\/wp\/v2\/product\/5864","targetHints":{"allow":["GET"]}}],"collection":[{"href":"https:\/\/happyplannerland.com\/en\/wp-json\/wp\/v2\/product"}],"about":[{"href":"https:\/\/happyplannerland.com\/en\/wp-json\/wp\/v2\/types\/product"}],"replies":[{"embeddable":true,"href":"https:\/\/happyplannerland.com\/en\/wp-json\/wp\/v2\/comments?post=5864"}],"version-history":[{"count":1,"href":"https:\/\/happyplannerland.com\/en\/wp-json\/wp\/v2\/product\/5864\/revisions"}],"predecessor-version":[{"id":5865,"href":"https:\/\/happyplannerland.com\/en\/wp-json\/wp\/v2\/product\/5864\/revisions\/5865"}],"wp:featuredmedia":[{"embeddable":true,"href":"https:\/\/happyplannerland.com\/en\/wp-json\/wp\/v2\/media\/7183"}],"wp:attachment":[{"href":"https:\/\/happyplannerland.com\/en\/wp-json\/wp\/v2\/media?parent=5864"}],"wp:term":[{"taxonomy":"product_brand","embeddable":true,"href":"https:\/\/happyplannerland.com\/en\/wp-json\/wp\/v2\/product_brand?post=5864"},{"taxonomy":"product_cat","embeddable":true,"href":"https:\/\/happyplannerland.com\/en\/wp-json\/wp\/v2\/product_cat?post=5864"},{"taxonomy":"product_tag","embeddable":true,"href":"https:\/\/happyplannerland.com\/en\/wp-json\/wp\/v2\/product_tag?post=5864"}],"curies":[{"name":"wp","href":"https:\/\/api.w.org\/{rel}","templated":true}]}}