{"id":6171,"date":"2023-09-17T10:32:07","date_gmt":"2023-09-17T10:32:07","guid":{"rendered":"https:\/\/happyplannerland.com\/?post_type=product&#038;p=6171"},"modified":"2025-06-03T12:03:04","modified_gmt":"2025-06-03T12:03:04","slug":"dream-big-box-uresnici-svoje-sanje","status":"publish","type":"product","link":"https:\/\/happyplannerland.com\/en\/product\/dream-big-box-uresnici-svoje-sanje\/","title":{"rendered":"Dream Big Box &#8211; Uresni\u010di svoje sanje"},"content":{"rendered":"","protected":false},"excerpt":{"rendered":"<p>Ali ve\u0161, da so velike sanje korak bli\u017eje, kot si misli\u0161? Predstavljamo ti na\u0161o Dream Big Box, kjer bo\u0161 odkrila potencial svojih sanj in korake, ki te bodo popeljali do njihove uresni\u010ditve.<\/p>\n<p><span style=\"font-size: 16px;\">Z Dream Big Boxom bo\u0161 imela vsa orodja, ki jih potrebuje\u0161 za postavitev jasnih ciljev in sledenje svojim strastem. Ne odla\u0161aj ve\u010d, zdaj je \u010das, da dose\u017ee\u0161 to, kar si resni\u010dno \u017eeli\u0161 v \u017eivljenju.<\/span><\/p>\n<p>Za\u010dni svojo potovanje z na\u0161o Dream Big Box, ki ti bo pomagala odkriti mo\u010d tvojih sanj. Za celostno rast in razvoj pa priporo\u010damo, da k Dream Big Boxu doda\u0161 \u0161e <a href=\"https:\/\/happyplannerland.com\/en\/product\/vitality-box-pos\u2026je-dobro-pocutje\/\"><strong>Vitality<\/strong><\/a> and <a href=\"https:\/\/happyplannerland.com\/en\/product\/empower-box-pove\u2026jo-produktivnost\/\"><strong>Empower Box<\/strong><\/a>. S tem <a href=\"https:\/\/happyplannerland.com\/en\/product\/trojcek-za-celos\u2026in-osebni-razvoj\/\"><strong>troj\u010dkom<\/strong><\/a> bo\u0161 dvignila vse vidike svojega \u017eivljenja na novo raven. Prihrani <span style=\"font-size: 16px;\">18\u20ac z nakupom vseh 3 \u0161katel in prejmi BON za 40% popust na planer po \u017eelji.<\/span><\/p>","protected":false},"featured_media":7044,"comment_status":"closed","ping_status":"closed","template":"","meta":{"_monsterinsights_skip_tracking":false,"_monsterinsights_sitenote_active":false,"_monsterinsights_sitenote_note":"","_monsterinsights_sitenote_category":0,"site-sidebar-layout":"default","site-content-layout":"default","ast-site-content-layout":"default","site-content-style":"default","site-sidebar-style":"default","ast-global-header-display":"","ast-banner-title-visibility":"","ast-main-header-display":"","ast-hfb-above-header-display":"","ast-hfb-below-header-display":"","ast-hfb-mobile-header-display":"","site-post-title":"","ast-breadcrumbs-content":"","ast-featured-img":"","footer-sml-layout":"","theme-transparent-header-meta":"default","adv-header-id-meta":"","stick-header-meta":"","header-above-stick-meta":"","header-main-stick-meta":"","header-below-stick-meta":"","astra-migrate-meta-layouts":"set","_glsr_average":0,"_glsr_ranking":0,"_glsr_reviews":0},"product_brand":[],"product_cat":[21,71,84,61],"product_tag":[],"class_list":{"0":"post-6171","1":"product","2":"type-product","3":"status-publish","4":"has-post-thumbnail","6":"product_cat-nekategorizirano","7":"product_cat-dream-big","8":"product_cat-odprodaja","9":"product_cat-boxes","10":"desktop-align-center","11":"tablet-align-left","12":"mobile-align-left","14":"first","15":"instock","16":"sale","17":"shipping-taxable","18":"purchasable","19":"product-type-simple"},"yoast_head":"<!-- This site is optimized with the Yoast SEO plugin v25.2 - https:\/\/yoast.com\/wordpress\/plugins\/seo\/ -->\n<title>Dream Big Box - Uresni\u010di svoje sanje - Happy Planner Land<\/title>\n<meta name=\"description\" content=\"Dobrodo\u0161la v svetu osebne rasti. Prevzemi nadzor nad svojim \u017eivljenjem. Uresni\u010di svoje sanje, pove\u010daj produktivnost ter neguj svoj um in telo.\" \/>\n<meta name=\"robots\" content=\"index, follow, max-snippet:-1, max-image-preview:large, max-video-preview:-1\" \/>\n<link rel=\"canonical\" href=\"https:\/\/happyplannerland.com\/en\/product\/dream-big-box-uresnici-svoje-sanje\/\" \/>\n<meta property=\"og:locale\" content=\"en_GB\" \/>\n<meta property=\"og:type\" content=\"article\" \/>\n<meta property=\"og:title\" content=\"Dream Big Box - Uresni\u010di svoje sanje - Happy Planner Land\" \/>\n<meta property=\"og:description\" content=\"Dobrodo\u0161la v svetu osebne rasti. Prevzemi nadzor nad svojim \u017eivljenjem. Uresni\u010di svoje sanje, pove\u010daj produktivnost ter neguj svoj um in telo.\" \/>\n<meta property=\"og:url\" content=\"https:\/\/happyplannerland.com\/en\/product\/dream-big-box-uresnici-svoje-sanje\/\" \/>\n<meta property=\"og:site_name\" content=\"Happy Planner Land\" \/>\n<meta property=\"article:modified_time\" content=\"2025-06-03T12:03:04+00:00\" \/>\n<meta property=\"og:image\" content=\"https:\/\/happyplannerland.com\/wp-content\/uploads\/2023\/09\/14.png\" \/>\n\t<meta property=\"og:image:width\" content=\"1080\" \/>\n\t<meta property=\"og:image:height\" content=\"1080\" \/>\n\t<meta property=\"og:image:type\" content=\"image\/png\" \/>\n<meta name=\"twitter:card\" content=\"summary_large_image\" \/>\n<script type=\"application\/ld+json\" class=\"yoast-schema-graph\">{\"@context\":\"https:\/\/schema.org\",\"@graph\":[{\"@type\":\"WebPage\",\"@id\":\"https:\/\/happyplannerland.com\/izdelek\/dream-big-box-uresnici-svoje-sanje\/\",\"url\":\"https:\/\/happyplannerland.com\/izdelek\/dream-big-box-uresnici-svoje-sanje\/\",\"name\":\"Dream Big Box - Uresni\u010di svoje sanje - Happy Planner Land\",\"isPartOf\":{\"@id\":\"https:\/\/happyplannerland.com\/#website\"},\"primaryImageOfPage\":{\"@id\":\"https:\/\/happyplannerland.com\/izdelek\/dream-big-box-uresnici-svoje-sanje\/#primaryimage\"},\"image\":{\"@id\":\"https:\/\/happyplannerland.com\/izdelek\/dream-big-box-uresnici-svoje-sanje\/#primaryimage\"},\"thumbnailUrl\":\"https:\/\/happyplannerland.com\/wp-content\/uploads\/2023\/09\/14.png\",\"datePublished\":\"2023-09-17T10:32:07+00:00\",\"dateModified\":\"2025-06-03T12:03:04+00:00\",\"description\":\"Dobrodo\u0161la v svetu osebne rasti. Prevzemi nadzor nad svojim \u017eivljenjem. Uresni\u010di svoje sanje, pove\u010daj produktivnost ter neguj svoj um in telo.\",\"breadcrumb\":{\"@id\":\"https:\/\/happyplannerland.com\/izdelek\/dream-big-box-uresnici-svoje-sanje\/#breadcrumb\"},\"inLanguage\":\"en-GB\",\"potentialAction\":[{\"@type\":\"ReadAction\",\"target\":[\"https:\/\/happyplannerland.com\/izdelek\/dream-big-box-uresnici-svoje-sanje\/\"]}]},{\"@type\":\"ImageObject\",\"inLanguage\":\"en-GB\",\"@id\":\"https:\/\/happyplannerland.com\/izdelek\/dream-big-box-uresnici-svoje-sanje\/#primaryimage\",\"url\":\"https:\/\/happyplannerland.com\/wp-content\/uploads\/2023\/09\/14.png\",\"contentUrl\":\"https:\/\/happyplannerland.com\/wp-content\/uploads\/2023\/09\/14.png\",\"width\":1080,\"height\":1080},{\"@type\":\"BreadcrumbList\",\"@id\":\"https:\/\/happyplannerland.com\/izdelek\/dream-big-box-uresnici-svoje-sanje\/#breadcrumb\",\"itemListElement\":[{\"@type\":\"ListItem\",\"position\":1,\"name\":\"Home\",\"item\":\"https:\/\/happyplannerland.com\/\"},{\"@type\":\"ListItem\",\"position\":2,\"name\":\"Izdelki\",\"item\":\"https:\/\/happyplannerland.com\/shop\/\"},{\"@type\":\"ListItem\",\"position\":3,\"name\":\"Dream Big Box &#8211; Uresni\u010di svoje sanje\"}]},{\"@type\":\"WebSite\",\"@id\":\"https:\/\/happyplannerland.com\/#website\",\"url\":\"https:\/\/happyplannerland.com\/\",\"name\":\"Happy Planner Land\",\"description\":\"Happy Planner Land\",\"publisher\":{\"@id\":\"https:\/\/happyplannerland.com\/#organization\"},\"potentialAction\":[{\"@type\":\"SearchAction\",\"target\":{\"@type\":\"EntryPoint\",\"urlTemplate\":\"https:\/\/happyplannerland.com\/?s={search_term_string}\"},\"query-input\":{\"@type\":\"PropertyValueSpecification\",\"valueRequired\":true,\"valueName\":\"search_term_string\"}}],\"inLanguage\":\"en-GB\"},{\"@type\":\"Organization\",\"@id\":\"https:\/\/happyplannerland.com\/#organization\",\"name\":\"Happy Planner Land\",\"url\":\"https:\/\/happyplannerland.com\/\",\"logo\":{\"@type\":\"ImageObject\",\"inLanguage\":\"en-GB\",\"@id\":\"https:\/\/happyplannerland.com\/#\/schema\/logo\/image\/\",\"url\":\"https:\/\/happyplannerland.com\/wp-content\/uploads\/2022\/06\/cropped-1gtgt.png\",\"contentUrl\":\"https:\/\/happyplannerland.com\/wp-content\/uploads\/2022\/06\/cropped-1gtgt.png\",\"width\":283,\"height\":95,\"caption\":\"Happy Planner Land\"},\"image\":{\"@id\":\"https:\/\/happyplannerland.com\/#\/schema\/logo\/image\/\"}}]}<\/script>\n<!-- \/ Yoast SEO plugin. -->","yoast_head_json":{"title":"Dream Big Box - Uresni\u010di svoje sanje - Happy Planner Land","description":"Dobrodo\u0161la v svetu osebne rasti. Prevzemi nadzor nad svojim \u017eivljenjem. Uresni\u010di svoje sanje, pove\u010daj produktivnost ter neguj svoj um in telo.","robots":{"index":"index","follow":"follow","max-snippet":"max-snippet:-1","max-image-preview":"max-image-preview:large","max-video-preview":"max-video-preview:-1"},"canonical":"https:\/\/happyplannerland.com\/en\/product\/dream-big-box-uresnici-svoje-sanje\/","og_locale":"en_GB","og_type":"article","og_title":"Dream Big Box - Uresni\u010di svoje sanje - Happy Planner Land","og_description":"Dobrodo\u0161la v svetu osebne rasti. Prevzemi nadzor nad svojim \u017eivljenjem. Uresni\u010di svoje sanje, pove\u010daj produktivnost ter neguj svoj um in telo.","og_url":"https:\/\/happyplannerland.com\/en\/product\/dream-big-box-uresnici-svoje-sanje\/","og_site_name":"Happy Planner Land","article_modified_time":"2025-06-03T12:03:04+00:00","og_image":[{"width":1080,"height":1080,"url":"https:\/\/happyplannerland.com\/wp-content\/uploads\/2023\/09\/14.png","type":"image\/png"}],"twitter_card":"summary_large_image","schema":{"@context":"https:\/\/schema.org","@graph":[{"@type":"WebPage","@id":"https:\/\/happyplannerland.com\/izdelek\/dream-big-box-uresnici-svoje-sanje\/","url":"https:\/\/happyplannerland.com\/izdelek\/dream-big-box-uresnici-svoje-sanje\/","name":"Dream Big Box - Uresni\u010di svoje sanje - Happy Planner Land","isPartOf":{"@id":"https:\/\/happyplannerland.com\/#website"},"primaryImageOfPage":{"@id":"https:\/\/happyplannerland.com\/izdelek\/dream-big-box-uresnici-svoje-sanje\/#primaryimage"},"image":{"@id":"https:\/\/happyplannerland.com\/izdelek\/dream-big-box-uresnici-svoje-sanje\/#primaryimage"},"thumbnailUrl":"https:\/\/happyplannerland.com\/wp-content\/uploads\/2023\/09\/14.png","datePublished":"2023-09-17T10:32:07+00:00","dateModified":"2025-06-03T12:03:04+00:00","description":"Dobrodo\u0161la v svetu osebne rasti. Prevzemi nadzor nad svojim \u017eivljenjem. Uresni\u010di svoje sanje, pove\u010daj produktivnost ter neguj svoj um in telo.","breadcrumb":{"@id":"https:\/\/happyplannerland.com\/izdelek\/dream-big-box-uresnici-svoje-sanje\/#breadcrumb"},"inLanguage":"en-GB","potentialAction":[{"@type":"ReadAction","target":["https:\/\/happyplannerland.com\/izdelek\/dream-big-box-uresnici-svoje-sanje\/"]}]},{"@type":"ImageObject","inLanguage":"en-GB","@id":"https:\/\/happyplannerland.com\/izdelek\/dream-big-box-uresnici-svoje-sanje\/#primaryimage","url":"https:\/\/happyplannerland.com\/wp-content\/uploads\/2023\/09\/14.png","contentUrl":"https:\/\/happyplannerland.com\/wp-content\/uploads\/2023\/09\/14.png","width":1080,"height":1080},{"@type":"BreadcrumbList","@id":"https:\/\/happyplannerland.com\/izdelek\/dream-big-box-uresnici-svoje-sanje\/#breadcrumb","itemListElement":[{"@type":"ListItem","position":1,"name":"Home","item":"https:\/\/happyplannerland.com\/"},{"@type":"ListItem","position":2,"name":"Izdelki","item":"https:\/\/happyplannerland.com\/shop\/"},{"@type":"ListItem","position":3,"name":"Dream Big Box &#8211; Uresni\u010di svoje sanje"}]},{"@type":"WebSite","@id":"https:\/\/happyplannerland.com\/#website","url":"https:\/\/happyplannerland.com\/","name":"Happy Planner Land","description":"Happy Planner Land","publisher":{"@id":"https:\/\/happyplannerland.com\/#organization"},"potentialAction":[{"@type":"SearchAction","target":{"@type":"EntryPoint","urlTemplate":"https:\/\/happyplannerland.com\/?s={search_term_string}"},"query-input":{"@type":"PropertyValueSpecification","valueRequired":true,"valueName":"search_term_string"}}],"inLanguage":"en-GB"},{"@type":"Organization","@id":"https:\/\/happyplannerland.com\/#organization","name":"Happy Planner Land","url":"https:\/\/happyplannerland.com\/","logo":{"@type":"ImageObject","inLanguage":"en-GB","@id":"https:\/\/happyplannerland.com\/#\/schema\/logo\/image\/","url":"https:\/\/happyplannerland.com\/wp-content\/uploads\/2022\/06\/cropped-1gtgt.png","contentUrl":"https:\/\/happyplannerland.com\/wp-content\/uploads\/2022\/06\/cropped-1gtgt.png","width":283,"height":95,"caption":"Happy Planner Land"},"image":{"@id":"https:\/\/happyplannerland.com\/#\/schema\/logo\/image\/"}}]}},"_links":{"self":[{"href":"https:\/\/happyplannerland.com\/en\/wp-json\/wp\/v2\/product\/6171","targetHints":{"allow":["GET"]}}],"collection":[{"href":"https:\/\/happyplannerland.com\/en\/wp-json\/wp\/v2\/product"}],"about":[{"href":"https:\/\/happyplannerland.com\/en\/wp-json\/wp\/v2\/types\/product"}],"replies":[{"embeddable":true,"href":"https:\/\/happyplannerland.com\/en\/wp-json\/wp\/v2\/comments?post=6171"}],"version-history":[{"count":6,"href":"https:\/\/happyplannerland.com\/en\/wp-json\/wp\/v2\/product\/6171\/revisions"}],"predecessor-version":[{"id":7075,"href":"https:\/\/happyplannerland.com\/en\/wp-json\/wp\/v2\/product\/6171\/revisions\/7075"}],"wp:featuredmedia":[{"embeddable":true,"href":"https:\/\/happyplannerland.com\/en\/wp-json\/wp\/v2\/media\/7044"}],"wp:attachment":[{"href":"https:\/\/happyplannerland.com\/en\/wp-json\/wp\/v2\/media?parent=6171"}],"wp:term":[{"taxonomy":"product_brand","embeddable":true,"href":"https:\/\/happyplannerland.com\/en\/wp-json\/wp\/v2\/product_brand?post=6171"},{"taxonomy":"product_cat","embeddable":true,"href":"https:\/\/happyplannerland.com\/en\/wp-json\/wp\/v2\/product_cat?post=6171"},{"taxonomy":"product_tag","embeddable":true,"href":"https:\/\/happyplannerland.com\/en\/wp-json\/wp\/v2\/product_tag?post=6171"}],"curies":[{"name":"wp","href":"https:\/\/api.w.org\/{rel}","templated":true}]}}