{"id":6204,"date":"2023-09-17T10:54:19","date_gmt":"2023-09-17T10:54:19","guid":{"rendered":"https:\/\/happyplannerland.com\/?post_type=product&#038;p=6204"},"modified":"2025-06-03T12:02:52","modified_gmt":"2025-06-03T12:02:52","slug":"empower-box-povecaj-svojo-produktivnost","status":"publish","type":"product","link":"https:\/\/happyplannerland.com\/en\/product\/empower-box-povecaj-svojo-produktivnost\/","title":{"rendered":"Empower Box &#8211; Pove\u010daj svojo produktivnost"},"content":{"rendered":"","protected":false},"excerpt":{"rendered":"<div class=\"flex-1 overflow-hidden\">\n<div class=\"react-scroll-to-bottom--css-aifgu-79elbk h-full dark:bg-gray-800\">\n<div class=\"react-scroll-to-bottom--css-aifgu-1n7m0yu\">\n<div class=\"flex flex-col text-sm dark:bg-gray-800\">\n<div class=\"group w-full text-token-text-primary border-b border-black\/10 dark:border-gray-900\/50 bg-gray-50 dark:bg-[#444654]\" data-testid=\"conversation-turn-839\">\n<div class=\"p-4 justify-center text-base md:gap-6 md:py-6 m-auto\">\n<div class=\"flex flex-1 gap-4 text-base mx-auto md:gap-6 md:max-w-2xl lg:max-w-[38rem] xl:max-w-3xl }\">\n<div class=\"relative flex w-[calc(100%-50px)] flex-col gap-1 md:gap-3 lg:w-[calc(100%-115px)]\">\n<div class=\"flex flex-grow flex-col gap-3 max-w-full\">\n<div class=\"min-h-[20px] flex flex-col items-start gap-3 overflow-x-auto whitespace-pre-wrap break-words\">\n<div class=\"markdown prose w-full break-words dark:prose-invert light\">\n<p>Ali \u017eeli\u0161 postati bolj produktivna in u\u010dinkovito upravljati s svojim \u010dasom? Empower Box je zasnovana za pove\u010danje tvoje produktivnosti in optimizacijo tvojega \u010dasa. S to \u0161katlo bo\u0161 pridobila dragocene strategije za dolo\u010danje prednostnih nalog in ohranjanje osredoto\u010denosti, kar ti bo pomagalo prevzeti nadzor nad svojim urnikom in dose\u010di ve\u010d.<\/p>\n<p>V Empower Boxu bo\u0161 na\u0161la vsa potrebna orodja in pridobila ve\u0161\u010dine za dosego ve\u010dje produktivnosti in bolj\u0161e upravljanje \u010dasa. Nau\u010dila se bo\u0161 u\u010dinkovito splanirati svoj mesec, teden in dan, ki bodo v skladu s tvojimi cilji in dobrim po\u010dutjem.<\/p>\n<\/div>\n<\/div>\n<\/div>\n<\/div>\n<\/div>\n<\/div>\n<\/div>\n<\/div>\n<\/div>\n<\/div>\n<\/div>\n<p>Za\u010dni svojo potovanje s \u0161katlo Empower Box, ki ti bo pomagala pove\u010dati produktivnost, izbolj\u0161ati na\u010drtovanje in optimizirati \u010das in organizirati svoj prostor. Za \u0161e celostnej\u0161i razvoj pa priporo\u010damo, da k Empower Boxu doda\u0161 tudi <a href=\"https:\/\/happyplannerland.com\/izdelek\/dream-big-box-uresnici-svoje-sanje\/\"><strong>Dream Big Box<\/strong><\/a> in <a href=\"https:\/\/happyplannerland.com\/izdelek\/vitality-box-pos\u2026je-dobro-pocutje\/\"><strong>Vitality Box<\/strong><\/a>. S tem <a href=\"https:\/\/happyplannerland.com\/izdelek\/trojcek-za-celos\u2026in-osebni-razvoj\/\"><strong>troj\u010dkom<\/strong><\/a> bo\u0161 dvignila vse vidike svojega \u017eivljenja na novo raven. Prihrani <span style=\"font-size: 16px;\">18\u20ac z nakupom vseh 3 \u0161katel in prejmi BON za 40% popust na planer po \u017eelji.<\/span><\/p>\n","protected":false},"featured_media":7046,"comment_status":"closed","ping_status":"closed","template":"","meta":{"_monsterinsights_skip_tracking":false,"_monsterinsights_sitenote_active":false,"_monsterinsights_sitenote_note":"","_monsterinsights_sitenote_category":0,"site-sidebar-layout":"no-sidebar","site-content-layout":"page-builder","ast-site-content-layout":"full-width-container","site-content-style":"unboxed","site-sidebar-style":"unboxed","ast-global-header-display":"","ast-banner-title-visibility":"","ast-main-header-display":"","ast-hfb-above-header-display":"","ast-hfb-below-header-display":"","ast-hfb-mobile-header-display":"","site-post-title":"disabled","ast-breadcrumbs-content":"","ast-featured-img":"disabled","footer-sml-layout":"","theme-transparent-header-meta":"default","adv-header-id-meta":"","stick-header-meta":"","header-above-stick-meta":"","header-main-stick-meta":"","header-below-stick-meta":"","astra-migrate-meta-layouts":"set","_glsr_average":0,"_glsr_ranking":0,"_glsr_reviews":0},"product_brand":[],"product_cat":[21,70,84,61],"product_tag":[],"class_list":{"0":"post-6204","1":"product","2":"type-product","3":"status-publish","4":"has-post-thumbnail","6":"product_cat-nekategorizirano","7":"product_cat-empower","8":"product_cat-odprodaja","9":"product_cat-boxes","10":"desktop-align-center","11":"tablet-align-left","12":"mobile-align-left","14":"first","15":"instock","16":"sale","17":"shipping-taxable","18":"purchasable","19":"product-type-simple"},"yoast_head":"<!-- This site is optimized with the Yoast SEO plugin v25.2 - https:\/\/yoast.com\/wordpress\/plugins\/seo\/ -->\n<title>Empower Box - Pove\u010daj svojo produktivnost - Happy Planner Land<\/title>\n<meta name=\"description\" content=\"Dobrodo\u0161la v svetu osebne rasti. Prevzemi nadzor nad svojim \u017eivljenjem. Uresni\u010di svoje sanje, pove\u010daj produktivnost ter poskrbi za svoje dobro po\u010dutje.\" \/>\n<meta name=\"robots\" content=\"index, follow, max-snippet:-1, max-image-preview:large, max-video-preview:-1\" \/>\n<link rel=\"canonical\" href=\"https:\/\/happyplannerland.com\/en\/product\/empower-box-povecaj-svojo-produktivnost\/\" \/>\n<meta property=\"og:locale\" content=\"en_GB\" \/>\n<meta property=\"og:type\" content=\"article\" \/>\n<meta property=\"og:title\" content=\"Empower Box - Pove\u010daj svojo produktivnost - Happy Planner Land\" \/>\n<meta property=\"og:description\" content=\"Dobrodo\u0161la v svetu osebne rasti. Prevzemi nadzor nad svojim \u017eivljenjem. Uresni\u010di svoje sanje, pove\u010daj produktivnost ter poskrbi za svoje dobro po\u010dutje.\" \/>\n<meta property=\"og:url\" content=\"https:\/\/happyplannerland.com\/en\/product\/empower-box-povecaj-svojo-produktivnost\/\" \/>\n<meta property=\"og:site_name\" content=\"Happy Planner Land\" \/>\n<meta property=\"article:modified_time\" content=\"2025-06-03T12:02:52+00:00\" \/>\n<meta property=\"og:image\" content=\"https:\/\/happyplannerland.com\/wp-content\/uploads\/2023\/09\/16.png\" \/>\n\t<meta property=\"og:image:width\" content=\"1080\" \/>\n\t<meta property=\"og:image:height\" content=\"1080\" \/>\n\t<meta property=\"og:image:type\" content=\"image\/png\" \/>\n<meta name=\"twitter:card\" content=\"summary_large_image\" \/>\n<script type=\"application\/ld+json\" class=\"yoast-schema-graph\">{\"@context\":\"https:\/\/schema.org\",\"@graph\":[{\"@type\":\"WebPage\",\"@id\":\"https:\/\/happyplannerland.com\/izdelek\/empower-box-povecaj-svojo-produktivnost\/\",\"url\":\"https:\/\/happyplannerland.com\/izdelek\/empower-box-povecaj-svojo-produktivnost\/\",\"name\":\"Empower Box - Pove\u010daj svojo produktivnost - Happy Planner Land\",\"isPartOf\":{\"@id\":\"https:\/\/happyplannerland.com\/#website\"},\"primaryImageOfPage\":{\"@id\":\"https:\/\/happyplannerland.com\/izdelek\/empower-box-povecaj-svojo-produktivnost\/#primaryimage\"},\"image\":{\"@id\":\"https:\/\/happyplannerland.com\/izdelek\/empower-box-povecaj-svojo-produktivnost\/#primaryimage\"},\"thumbnailUrl\":\"https:\/\/happyplannerland.com\/wp-content\/uploads\/2023\/09\/16.png\",\"datePublished\":\"2023-09-17T10:54:19+00:00\",\"dateModified\":\"2025-06-03T12:02:52+00:00\",\"description\":\"Dobrodo\u0161la v svetu osebne rasti. Prevzemi nadzor nad svojim \u017eivljenjem. Uresni\u010di svoje sanje, pove\u010daj produktivnost ter poskrbi za svoje dobro po\u010dutje.\",\"breadcrumb\":{\"@id\":\"https:\/\/happyplannerland.com\/izdelek\/empower-box-povecaj-svojo-produktivnost\/#breadcrumb\"},\"inLanguage\":\"en-GB\",\"potentialAction\":[{\"@type\":\"ReadAction\",\"target\":[\"https:\/\/happyplannerland.com\/izdelek\/empower-box-povecaj-svojo-produktivnost\/\"]}]},{\"@type\":\"ImageObject\",\"inLanguage\":\"en-GB\",\"@id\":\"https:\/\/happyplannerland.com\/izdelek\/empower-box-povecaj-svojo-produktivnost\/#primaryimage\",\"url\":\"https:\/\/happyplannerland.com\/wp-content\/uploads\/2023\/09\/16.png\",\"contentUrl\":\"https:\/\/happyplannerland.com\/wp-content\/uploads\/2023\/09\/16.png\",\"width\":1080,\"height\":1080},{\"@type\":\"BreadcrumbList\",\"@id\":\"https:\/\/happyplannerland.com\/izdelek\/empower-box-povecaj-svojo-produktivnost\/#breadcrumb\",\"itemListElement\":[{\"@type\":\"ListItem\",\"position\":1,\"name\":\"Home\",\"item\":\"https:\/\/happyplannerland.com\/\"},{\"@type\":\"ListItem\",\"position\":2,\"name\":\"Izdelki\",\"item\":\"https:\/\/happyplannerland.com\/shop\/\"},{\"@type\":\"ListItem\",\"position\":3,\"name\":\"Empower Box &#8211; Pove\u010daj svojo produktivnost\"}]},{\"@type\":\"WebSite\",\"@id\":\"https:\/\/happyplannerland.com\/#website\",\"url\":\"https:\/\/happyplannerland.com\/\",\"name\":\"Happy Planner Land\",\"description\":\"Happy Planner Land\",\"publisher\":{\"@id\":\"https:\/\/happyplannerland.com\/#organization\"},\"potentialAction\":[{\"@type\":\"SearchAction\",\"target\":{\"@type\":\"EntryPoint\",\"urlTemplate\":\"https:\/\/happyplannerland.com\/?s={search_term_string}\"},\"query-input\":{\"@type\":\"PropertyValueSpecification\",\"valueRequired\":true,\"valueName\":\"search_term_string\"}}],\"inLanguage\":\"en-GB\"},{\"@type\":\"Organization\",\"@id\":\"https:\/\/happyplannerland.com\/#organization\",\"name\":\"Happy Planner Land\",\"url\":\"https:\/\/happyplannerland.com\/\",\"logo\":{\"@type\":\"ImageObject\",\"inLanguage\":\"en-GB\",\"@id\":\"https:\/\/happyplannerland.com\/#\/schema\/logo\/image\/\",\"url\":\"https:\/\/happyplannerland.com\/wp-content\/uploads\/2022\/06\/cropped-1gtgt.png\",\"contentUrl\":\"https:\/\/happyplannerland.com\/wp-content\/uploads\/2022\/06\/cropped-1gtgt.png\",\"width\":283,\"height\":95,\"caption\":\"Happy Planner Land\"},\"image\":{\"@id\":\"https:\/\/happyplannerland.com\/#\/schema\/logo\/image\/\"}}]}<\/script>\n<!-- \/ Yoast SEO plugin. -->","yoast_head_json":{"title":"Empower Box - Pove\u010daj svojo produktivnost - Happy Planner Land","description":"Dobrodo\u0161la v svetu osebne rasti. Prevzemi nadzor nad svojim \u017eivljenjem. Uresni\u010di svoje sanje, pove\u010daj produktivnost ter poskrbi za svoje dobro po\u010dutje.","robots":{"index":"index","follow":"follow","max-snippet":"max-snippet:-1","max-image-preview":"max-image-preview:large","max-video-preview":"max-video-preview:-1"},"canonical":"https:\/\/happyplannerland.com\/en\/product\/empower-box-povecaj-svojo-produktivnost\/","og_locale":"en_GB","og_type":"article","og_title":"Empower Box - Pove\u010daj svojo produktivnost - Happy Planner Land","og_description":"Dobrodo\u0161la v svetu osebne rasti. Prevzemi nadzor nad svojim \u017eivljenjem. Uresni\u010di svoje sanje, pove\u010daj produktivnost ter poskrbi za svoje dobro po\u010dutje.","og_url":"https:\/\/happyplannerland.com\/en\/product\/empower-box-povecaj-svojo-produktivnost\/","og_site_name":"Happy Planner Land","article_modified_time":"2025-06-03T12:02:52+00:00","og_image":[{"width":1080,"height":1080,"url":"https:\/\/happyplannerland.com\/wp-content\/uploads\/2023\/09\/16.png","type":"image\/png"}],"twitter_card":"summary_large_image","schema":{"@context":"https:\/\/schema.org","@graph":[{"@type":"WebPage","@id":"https:\/\/happyplannerland.com\/izdelek\/empower-box-povecaj-svojo-produktivnost\/","url":"https:\/\/happyplannerland.com\/izdelek\/empower-box-povecaj-svojo-produktivnost\/","name":"Empower Box - Pove\u010daj svojo produktivnost - Happy Planner Land","isPartOf":{"@id":"https:\/\/happyplannerland.com\/#website"},"primaryImageOfPage":{"@id":"https:\/\/happyplannerland.com\/izdelek\/empower-box-povecaj-svojo-produktivnost\/#primaryimage"},"image":{"@id":"https:\/\/happyplannerland.com\/izdelek\/empower-box-povecaj-svojo-produktivnost\/#primaryimage"},"thumbnailUrl":"https:\/\/happyplannerland.com\/wp-content\/uploads\/2023\/09\/16.png","datePublished":"2023-09-17T10:54:19+00:00","dateModified":"2025-06-03T12:02:52+00:00","description":"Dobrodo\u0161la v svetu osebne rasti. Prevzemi nadzor nad svojim \u017eivljenjem. Uresni\u010di svoje sanje, pove\u010daj produktivnost ter poskrbi za svoje dobro po\u010dutje.","breadcrumb":{"@id":"https:\/\/happyplannerland.com\/izdelek\/empower-box-povecaj-svojo-produktivnost\/#breadcrumb"},"inLanguage":"en-GB","potentialAction":[{"@type":"ReadAction","target":["https:\/\/happyplannerland.com\/izdelek\/empower-box-povecaj-svojo-produktivnost\/"]}]},{"@type":"ImageObject","inLanguage":"en-GB","@id":"https:\/\/happyplannerland.com\/izdelek\/empower-box-povecaj-svojo-produktivnost\/#primaryimage","url":"https:\/\/happyplannerland.com\/wp-content\/uploads\/2023\/09\/16.png","contentUrl":"https:\/\/happyplannerland.com\/wp-content\/uploads\/2023\/09\/16.png","width":1080,"height":1080},{"@type":"BreadcrumbList","@id":"https:\/\/happyplannerland.com\/izdelek\/empower-box-povecaj-svojo-produktivnost\/#breadcrumb","itemListElement":[{"@type":"ListItem","position":1,"name":"Home","item":"https:\/\/happyplannerland.com\/"},{"@type":"ListItem","position":2,"name":"Izdelki","item":"https:\/\/happyplannerland.com\/shop\/"},{"@type":"ListItem","position":3,"name":"Empower Box &#8211; Pove\u010daj svojo produktivnost"}]},{"@type":"WebSite","@id":"https:\/\/happyplannerland.com\/#website","url":"https:\/\/happyplannerland.com\/","name":"Happy Planner Land","description":"Happy Planner Land","publisher":{"@id":"https:\/\/happyplannerland.com\/#organization"},"potentialAction":[{"@type":"SearchAction","target":{"@type":"EntryPoint","urlTemplate":"https:\/\/happyplannerland.com\/?s={search_term_string}"},"query-input":{"@type":"PropertyValueSpecification","valueRequired":true,"valueName":"search_term_string"}}],"inLanguage":"en-GB"},{"@type":"Organization","@id":"https:\/\/happyplannerland.com\/#organization","name":"Happy Planner Land","url":"https:\/\/happyplannerland.com\/","logo":{"@type":"ImageObject","inLanguage":"en-GB","@id":"https:\/\/happyplannerland.com\/#\/schema\/logo\/image\/","url":"https:\/\/happyplannerland.com\/wp-content\/uploads\/2022\/06\/cropped-1gtgt.png","contentUrl":"https:\/\/happyplannerland.com\/wp-content\/uploads\/2022\/06\/cropped-1gtgt.png","width":283,"height":95,"caption":"Happy Planner Land"},"image":{"@id":"https:\/\/happyplannerland.com\/#\/schema\/logo\/image\/"}}]}},"_links":{"self":[{"href":"https:\/\/happyplannerland.com\/en\/wp-json\/wp\/v2\/product\/6204","targetHints":{"allow":["GET"]}}],"collection":[{"href":"https:\/\/happyplannerland.com\/en\/wp-json\/wp\/v2\/product"}],"about":[{"href":"https:\/\/happyplannerland.com\/en\/wp-json\/wp\/v2\/types\/product"}],"replies":[{"embeddable":true,"href":"https:\/\/happyplannerland.com\/en\/wp-json\/wp\/v2\/comments?post=6204"}],"version-history":[{"count":3,"href":"https:\/\/happyplannerland.com\/en\/wp-json\/wp\/v2\/product\/6204\/revisions"}],"predecessor-version":[{"id":7079,"href":"https:\/\/happyplannerland.com\/en\/wp-json\/wp\/v2\/product\/6204\/revisions\/7079"}],"wp:featuredmedia":[{"embeddable":true,"href":"https:\/\/happyplannerland.com\/en\/wp-json\/wp\/v2\/media\/7046"}],"wp:attachment":[{"href":"https:\/\/happyplannerland.com\/en\/wp-json\/wp\/v2\/media?parent=6204"}],"wp:term":[{"taxonomy":"product_brand","embeddable":true,"href":"https:\/\/happyplannerland.com\/en\/wp-json\/wp\/v2\/product_brand?post=6204"},{"taxonomy":"product_cat","embeddable":true,"href":"https:\/\/happyplannerland.com\/en\/wp-json\/wp\/v2\/product_cat?post=6204"},{"taxonomy":"product_tag","embeddable":true,"href":"https:\/\/happyplannerland.com\/en\/wp-json\/wp\/v2\/product_tag?post=6204"}],"curies":[{"name":"wp","href":"https:\/\/api.w.org\/{rel}","templated":true}]}}