{"id":6510,"date":"2023-10-18T12:00:56","date_gmt":"2023-10-18T12:00:56","guid":{"rendered":"https:\/\/happyplannerland.com\/?post_type=product&#038;p=6510"},"modified":"2024-08-04T15:04:18","modified_gmt":"2024-08-04T15:04:18","slug":"2024-letni-dnevni-planer-agenda-inserti","status":"publish","type":"product","link":"https:\/\/happyplannerland.com\/en\/product\/2024-letni-dnevni-planer-agenda-inserti\/","title":{"rendered":"2024 Letni dnevni planer \u2022 AGENDA INSERTI"},"content":{"rendered":"","protected":false},"excerpt":{"rendered":"<p><strong><em>To je prednaro\u010dilo. Po\u0161iljanje paketov je predvideno s koncem novembra 2023.<\/em><\/strong><\/p>\n<ul>\n<li>Mese\u010dni pregledi <strong>januar \u2013 december 2024<\/strong><\/li>\n<li>Half-page daily layout with plenty of room for daily tasks<\/li>\n<li>Daily quotes and habit trackers<\/li>\n<li>Weekly menu, tasks and goals<\/li>\n<li>Pages for tracking monthly finances<\/li>\n<li>Christmas planning and coloring pages<\/li>\n<li>Self care &amp; relaxation projects<\/li>\n<li>Period tracker<\/li>\n<li>Koledar 2024 in 2025, pomembni datumi in drugo<\/li>\n<\/ul>","protected":false},"featured_media":6511,"comment_status":"closed","ping_status":"closed","template":"","meta":{"_monsterinsights_skip_tracking":false,"_monsterinsights_sitenote_active":false,"_monsterinsights_sitenote_note":"","_monsterinsights_sitenote_category":0,"site-sidebar-layout":"default","site-content-layout":"default","ast-site-content-layout":"default","site-content-style":"default","site-sidebar-style":"default","ast-global-header-display":"","ast-banner-title-visibility":"","ast-main-header-display":"","ast-hfb-above-header-display":"","ast-hfb-below-header-display":"","ast-hfb-mobile-header-display":"","site-post-title":"","ast-breadcrumbs-content":"","ast-featured-img":"","footer-sml-layout":"","theme-transparent-header-meta":"default","adv-header-id-meta":"","stick-header-meta":"","header-above-stick-meta":"","header-main-stick-meta":"","header-below-stick-meta":"","astra-migrate-meta-layouts":"set","_glsr_average":0,"_glsr_ranking":0,"_glsr_reviews":0},"product_brand":[],"product_cat":[21],"product_tag":[],"class_list":{"0":"post-6510","1":"product","2":"type-product","3":"status-publish","4":"has-post-thumbnail","6":"product_cat-nekategorizirano","7":"desktop-align-center","8":"tablet-align-left","9":"mobile-align-left","11":"first","12":"outofstock","13":"sale","14":"shipping-taxable","15":"purchasable","16":"product-type-simple"},"yoast_head":"<!-- This site is optimized with the Yoast SEO plugin v25.2 - https:\/\/yoast.com\/wordpress\/plugins\/seo\/ -->\n<title>2024 Letni dnevni planer \u2022 AGENDA INSERTI - Happy Planner Land<\/title>\n<meta name=\"robots\" content=\"index, follow, max-snippet:-1, max-image-preview:large, max-video-preview:-1\" \/>\n<link rel=\"canonical\" href=\"https:\/\/happyplannerland.com\/en\/product\/2024-letni-dnevni-planer-agenda-inserti\/\" \/>\n<meta property=\"og:locale\" content=\"en_GB\" \/>\n<meta property=\"og:type\" content=\"article\" \/>\n<meta property=\"og:title\" content=\"2024 Letni dnevni planer \u2022 AGENDA INSERTI - Happy Planner Land\" \/>\n<meta property=\"og:description\" content=\"To je prednaro\u010dilo. Po\u0161iljanje paketov je predvideno s koncem novembra 2023.   Mese\u010dni pregledi januar \u2013 december 2024  Dnevna postavitev na polovici strani z veliko prostora za dnevne naloge  Dnevni citati in sledilniki navad  Tedenski pregled jedilnika, nalog in ciljev  Strani za sledenje mese\u010dnim financam  Strani za bo\u017ei\u010dno na\u010drtovanje in pobarvanke  Citati in \u00bbself care\u00ab projekti  Menstrualni koledar\u010dek  Koledar 2024 in 2025, pomembni datumi in drugo\" \/>\n<meta property=\"og:url\" content=\"https:\/\/happyplannerland.com\/en\/product\/2024-letni-dnevni-planer-agenda-inserti\/\" \/>\n<meta property=\"og:site_name\" content=\"Happy Planner Land\" \/>\n<meta property=\"article:modified_time\" content=\"2024-08-04T15:04:18+00:00\" \/>\n<meta property=\"og:image\" content=\"https:\/\/happyplannerland.com\/wp-content\/uploads\/2023\/10\/Product-Features-REGULARPOCKET-8.png\" \/>\n\t<meta property=\"og:image:width\" content=\"1080\" \/>\n\t<meta property=\"og:image:height\" content=\"1080\" \/>\n\t<meta property=\"og:image:type\" content=\"image\/png\" \/>\n<meta name=\"twitter:card\" content=\"summary_large_image\" \/>\n<script type=\"application\/ld+json\" class=\"yoast-schema-graph\">{\"@context\":\"https:\/\/schema.org\",\"@graph\":[{\"@type\":\"WebPage\",\"@id\":\"https:\/\/happyplannerland.com\/izdelek\/2024-letni-dnevni-planer-agenda-inserti\/\",\"url\":\"https:\/\/happyplannerland.com\/izdelek\/2024-letni-dnevni-planer-agenda-inserti\/\",\"name\":\"2024 Letni dnevni planer \u2022 AGENDA INSERTI - Happy Planner Land\",\"isPartOf\":{\"@id\":\"https:\/\/happyplannerland.com\/#website\"},\"primaryImageOfPage\":{\"@id\":\"https:\/\/happyplannerland.com\/izdelek\/2024-letni-dnevni-planer-agenda-inserti\/#primaryimage\"},\"image\":{\"@id\":\"https:\/\/happyplannerland.com\/izdelek\/2024-letni-dnevni-planer-agenda-inserti\/#primaryimage\"},\"thumbnailUrl\":\"https:\/\/happyplannerland.com\/wp-content\/uploads\/2023\/10\/Product-Features-REGULARPOCKET-8.png\",\"datePublished\":\"2023-10-18T12:00:56+00:00\",\"dateModified\":\"2024-08-04T15:04:18+00:00\",\"breadcrumb\":{\"@id\":\"https:\/\/happyplannerland.com\/izdelek\/2024-letni-dnevni-planer-agenda-inserti\/#breadcrumb\"},\"inLanguage\":\"en-GB\",\"potentialAction\":[{\"@type\":\"ReadAction\",\"target\":[\"https:\/\/happyplannerland.com\/izdelek\/2024-letni-dnevni-planer-agenda-inserti\/\"]}]},{\"@type\":\"ImageObject\",\"inLanguage\":\"en-GB\",\"@id\":\"https:\/\/happyplannerland.com\/izdelek\/2024-letni-dnevni-planer-agenda-inserti\/#primaryimage\",\"url\":\"https:\/\/happyplannerland.com\/wp-content\/uploads\/2023\/10\/Product-Features-REGULARPOCKET-8.png\",\"contentUrl\":\"https:\/\/happyplannerland.com\/wp-content\/uploads\/2023\/10\/Product-Features-REGULARPOCKET-8.png\",\"width\":1080,\"height\":1080},{\"@type\":\"BreadcrumbList\",\"@id\":\"https:\/\/happyplannerland.com\/izdelek\/2024-letni-dnevni-planer-agenda-inserti\/#breadcrumb\",\"itemListElement\":[{\"@type\":\"ListItem\",\"position\":1,\"name\":\"Home\",\"item\":\"https:\/\/happyplannerland.com\/\"},{\"@type\":\"ListItem\",\"position\":2,\"name\":\"Izdelki\",\"item\":\"https:\/\/happyplannerland.com\/shop\/\"},{\"@type\":\"ListItem\",\"position\":3,\"name\":\"2024 Letni dnevni planer \u2022 AGENDA INSERTI\"}]},{\"@type\":\"WebSite\",\"@id\":\"https:\/\/happyplannerland.com\/#website\",\"url\":\"https:\/\/happyplannerland.com\/\",\"name\":\"Happy Planner Land\",\"description\":\"Happy Planner Land\",\"publisher\":{\"@id\":\"https:\/\/happyplannerland.com\/#organization\"},\"potentialAction\":[{\"@type\":\"SearchAction\",\"target\":{\"@type\":\"EntryPoint\",\"urlTemplate\":\"https:\/\/happyplannerland.com\/?s={search_term_string}\"},\"query-input\":{\"@type\":\"PropertyValueSpecification\",\"valueRequired\":true,\"valueName\":\"search_term_string\"}}],\"inLanguage\":\"en-GB\"},{\"@type\":\"Organization\",\"@id\":\"https:\/\/happyplannerland.com\/#organization\",\"name\":\"Happy Planner Land\",\"url\":\"https:\/\/happyplannerland.com\/\",\"logo\":{\"@type\":\"ImageObject\",\"inLanguage\":\"en-GB\",\"@id\":\"https:\/\/happyplannerland.com\/#\/schema\/logo\/image\/\",\"url\":\"https:\/\/happyplannerland.com\/wp-content\/uploads\/2022\/06\/cropped-1gtgt.png\",\"contentUrl\":\"https:\/\/happyplannerland.com\/wp-content\/uploads\/2022\/06\/cropped-1gtgt.png\",\"width\":283,\"height\":95,\"caption\":\"Happy Planner Land\"},\"image\":{\"@id\":\"https:\/\/happyplannerland.com\/#\/schema\/logo\/image\/\"}}]}<\/script>\n<!-- \/ Yoast SEO plugin. -->","yoast_head_json":{"title":"2024 Letni dnevni planer \u2022 AGENDA INSERTI - Happy Planner Land","robots":{"index":"index","follow":"follow","max-snippet":"max-snippet:-1","max-image-preview":"max-image-preview:large","max-video-preview":"max-video-preview:-1"},"canonical":"https:\/\/happyplannerland.com\/en\/product\/2024-letni-dnevni-planer-agenda-inserti\/","og_locale":"en_GB","og_type":"article","og_title":"2024 Letni dnevni planer \u2022 AGENDA INSERTI - Happy Planner Land","og_description":"To je prednaro\u010dilo. Po\u0161iljanje paketov je predvideno s koncem novembra 2023.   Mese\u010dni pregledi januar \u2013 december 2024  Dnevna postavitev na polovici strani z veliko prostora za dnevne naloge  Dnevni citati in sledilniki navad  Tedenski pregled jedilnika, nalog in ciljev  Strani za sledenje mese\u010dnim financam  Strani za bo\u017ei\u010dno na\u010drtovanje in pobarvanke  Citati in \u00bbself care\u00ab projekti  Menstrualni koledar\u010dek  Koledar 2024 in 2025, pomembni datumi in drugo","og_url":"https:\/\/happyplannerland.com\/en\/product\/2024-letni-dnevni-planer-agenda-inserti\/","og_site_name":"Happy Planner Land","article_modified_time":"2024-08-04T15:04:18+00:00","og_image":[{"width":1080,"height":1080,"url":"https:\/\/happyplannerland.com\/wp-content\/uploads\/2023\/10\/Product-Features-REGULARPOCKET-8.png","type":"image\/png"}],"twitter_card":"summary_large_image","schema":{"@context":"https:\/\/schema.org","@graph":[{"@type":"WebPage","@id":"https:\/\/happyplannerland.com\/izdelek\/2024-letni-dnevni-planer-agenda-inserti\/","url":"https:\/\/happyplannerland.com\/izdelek\/2024-letni-dnevni-planer-agenda-inserti\/","name":"2024 Letni dnevni planer \u2022 AGENDA INSERTI - Happy Planner Land","isPartOf":{"@id":"https:\/\/happyplannerland.com\/#website"},"primaryImageOfPage":{"@id":"https:\/\/happyplannerland.com\/izdelek\/2024-letni-dnevni-planer-agenda-inserti\/#primaryimage"},"image":{"@id":"https:\/\/happyplannerland.com\/izdelek\/2024-letni-dnevni-planer-agenda-inserti\/#primaryimage"},"thumbnailUrl":"https:\/\/happyplannerland.com\/wp-content\/uploads\/2023\/10\/Product-Features-REGULARPOCKET-8.png","datePublished":"2023-10-18T12:00:56+00:00","dateModified":"2024-08-04T15:04:18+00:00","breadcrumb":{"@id":"https:\/\/happyplannerland.com\/izdelek\/2024-letni-dnevni-planer-agenda-inserti\/#breadcrumb"},"inLanguage":"en-GB","potentialAction":[{"@type":"ReadAction","target":["https:\/\/happyplannerland.com\/izdelek\/2024-letni-dnevni-planer-agenda-inserti\/"]}]},{"@type":"ImageObject","inLanguage":"en-GB","@id":"https:\/\/happyplannerland.com\/izdelek\/2024-letni-dnevni-planer-agenda-inserti\/#primaryimage","url":"https:\/\/happyplannerland.com\/wp-content\/uploads\/2023\/10\/Product-Features-REGULARPOCKET-8.png","contentUrl":"https:\/\/happyplannerland.com\/wp-content\/uploads\/2023\/10\/Product-Features-REGULARPOCKET-8.png","width":1080,"height":1080},{"@type":"BreadcrumbList","@id":"https:\/\/happyplannerland.com\/izdelek\/2024-letni-dnevni-planer-agenda-inserti\/#breadcrumb","itemListElement":[{"@type":"ListItem","position":1,"name":"Home","item":"https:\/\/happyplannerland.com\/"},{"@type":"ListItem","position":2,"name":"Izdelki","item":"https:\/\/happyplannerland.com\/shop\/"},{"@type":"ListItem","position":3,"name":"2024 Letni dnevni planer \u2022 AGENDA INSERTI"}]},{"@type":"WebSite","@id":"https:\/\/happyplannerland.com\/#website","url":"https:\/\/happyplannerland.com\/","name":"Happy Planner Land","description":"Happy Planner Land","publisher":{"@id":"https:\/\/happyplannerland.com\/#organization"},"potentialAction":[{"@type":"SearchAction","target":{"@type":"EntryPoint","urlTemplate":"https:\/\/happyplannerland.com\/?s={search_term_string}"},"query-input":{"@type":"PropertyValueSpecification","valueRequired":true,"valueName":"search_term_string"}}],"inLanguage":"en-GB"},{"@type":"Organization","@id":"https:\/\/happyplannerland.com\/#organization","name":"Happy Planner Land","url":"https:\/\/happyplannerland.com\/","logo":{"@type":"ImageObject","inLanguage":"en-GB","@id":"https:\/\/happyplannerland.com\/#\/schema\/logo\/image\/","url":"https:\/\/happyplannerland.com\/wp-content\/uploads\/2022\/06\/cropped-1gtgt.png","contentUrl":"https:\/\/happyplannerland.com\/wp-content\/uploads\/2022\/06\/cropped-1gtgt.png","width":283,"height":95,"caption":"Happy Planner Land"},"image":{"@id":"https:\/\/happyplannerland.com\/#\/schema\/logo\/image\/"}}]}},"_links":{"self":[{"href":"https:\/\/happyplannerland.com\/en\/wp-json\/wp\/v2\/product\/6510","targetHints":{"allow":["GET"]}}],"collection":[{"href":"https:\/\/happyplannerland.com\/en\/wp-json\/wp\/v2\/product"}],"about":[{"href":"https:\/\/happyplannerland.com\/en\/wp-json\/wp\/v2\/types\/product"}],"replies":[{"embeddable":true,"href":"https:\/\/happyplannerland.com\/en\/wp-json\/wp\/v2\/comments?post=6510"}],"version-history":[{"count":1,"href":"https:\/\/happyplannerland.com\/en\/wp-json\/wp\/v2\/product\/6510\/revisions"}],"predecessor-version":[{"id":6512,"href":"https:\/\/happyplannerland.com\/en\/wp-json\/wp\/v2\/product\/6510\/revisions\/6512"}],"wp:featuredmedia":[{"embeddable":true,"href":"https:\/\/happyplannerland.com\/en\/wp-json\/wp\/v2\/media\/6511"}],"wp:attachment":[{"href":"https:\/\/happyplannerland.com\/en\/wp-json\/wp\/v2\/media?parent=6510"}],"wp:term":[{"taxonomy":"product_brand","embeddable":true,"href":"https:\/\/happyplannerland.com\/en\/wp-json\/wp\/v2\/product_brand?post=6510"},{"taxonomy":"product_cat","embeddable":true,"href":"https:\/\/happyplannerland.com\/en\/wp-json\/wp\/v2\/product_cat?post=6510"},{"taxonomy":"product_tag","embeddable":true,"href":"https:\/\/happyplannerland.com\/en\/wp-json\/wp\/v2\/product_tag?post=6510"}],"curies":[{"name":"wp","href":"https:\/\/api.w.org\/{rel}","templated":true}]}}