{"id":7098,"date":"2024-01-14T19:45:50","date_gmt":"2024-01-14T19:45:50","guid":{"rendered":"https:\/\/happyplannerland.com\/?post_type=product&#038;p=7098"},"modified":"2025-06-03T12:02:29","modified_gmt":"2025-06-03T12:02:29","slug":"mesecni-pregled-brez-datumov-natisni-doma","status":"publish","type":"product","link":"https:\/\/happyplannerland.com\/en\/product\/mesecni-pregled-brez-datumov-natisni-doma\/","title":{"rendered":"MESE\u010cNI PREGLED Brez datumov \u2022 Natisni doma"},"content":{"rendered":"<h1>tedenski pregled<\/h1>\n<p>tedenski pregled ne glede na to, ali pripelje\u0161 domov novega ku\u017eka, ga posvoji\u0161 ali si \u017ee dobro podkovan lastnik psa, ti ta planer oskrbe psov pomagati organizirati, na\u010drtovati in spremljati vse potrebe tvojega psa!<\/p>\n<p>Pasji planer ti z 144 stranmi pomaga pri sledenju veterinarskih terminov, stro\u0161kov, usposabljanja, vedenja, zdravja, dejavnosti in \u0161e veliko, veliko ve\u010d! Hkrati pa je v pasjem planerju ogromno prostora za vse slike in zapise va\u0161ih skupnih dogodiv\u0161\u010din.<\/p>\n<p>&nbsp;<\/p>\n<p>This Dog Care Planner includes everything you need to keep your dog&#8217;s records organized. You will be able to track their health (weight, vaccines, medications), their feeding and walk schedule, next vet appointments and much more!<\/p>\n<p>It comes in 2 colors so you can choose your favorite or mix &amp; match!<\/p>\n<p>&nbsp;<\/p>\n<p>Ne skrbi za potrebe tvojega pasjea mladi\u010dka je poskrbljeno.<\/p>\n<p>Poleg standardnih mese\u010dnih strani za na\u010drtovanje, vsebuje prostor za na\u010drtovanje svojih opravil, fitnesa in prehrane, prostor za postavitev letnih in mese\u010dnih ciljev, strain za na\u010drtovanje in sledenje svojim financam in navadam.<\/p>\n<p><a href=\"https:\/\/www.trgovinaika.si\/trgovina\/letni-planer-2021-sparkle\/\">https:\/\/www.trgovinaika.si\/trgovina\/letni-planer-2021-sparkle\/<\/a><\/p>\n<h4>KAJ VSEBUJE?<\/h4>\n<p>&nbsp;<\/p>\n<p>Set your goals for 2022<\/p>\n<p>Organize your tasks<\/p>\n<p>Track your habits<\/p>\n<p>Plan and monitor your finances<\/p>\n<p>Take some time for yourself<\/p>\n<p>Spremljaj vse pomembne datume, praznike in rojstne dneve<\/p>\n<p><a href=\"https:\/\/www.trgovinaika.si\/trgovina\/letni-planer-2021-sparkle\/\">https:\/\/happyplannerland.com\/planer-2021-dnevna-ali-tedenska-izdaja<\/a><\/p>\n<h4>IZDELAVA<\/h4>\n<p>Prav vsak je narejen z Rose Gold spiralno vezavo in vogalniki. Klju\u010dna razlika pa je seveda dizajn platni\u010dk. Zaradi velikega zanimanja smo pri Happy plan obdr\u017eali vsem \u017ee dobro poznane platni\u010dke.<\/p>\n<p>Happy FLUFF, Happy SPARKLE in HAPPY GEM.<\/p>\n<p>Hkrati pa za leto 2021 izbira\u0161 med tremi novimi nekoliko bolj \u017eenstvenimi stili. Happy ART, Happy BLOSSOM in Happy BLUSH. Prav vse platni\u010dke za leto 2021 pa lahko pokombinira\u0161 z dvema razli\u010dnima dizajnoma notranjih strani: z dnevno in tedensko izdajo.<\/p>\n<p>&#8221;Hvale\u017enost odklene polnost \u017eivljenja. To, kar imamo, spremeni v dovolj in \u0161e ve\u010d.&#8221; &#8211; Melody Beattie<\/p>\n<p>S tem nakupom bo\u0161 prejela 1 digitalni dnevnik hvale\u017enosti za en teden, ki ga je mogo\u010de natisniti ve\u010dkrat. Dnevnik ti bo pomagal premakniti tvojo miselnost v stanje ve\u010djega optimizma. Raziskave ka\u017eejo, da lahko vsakodnevno prakticiranje hvale\u017enosti izbolj\u0161a splo\u0161no po\u010dutje, pove\u010da odpornost, okrepi odnose ter zmanj\u0161a stres in depresijo.<\/p>\n<p>Dnevnik je razdeljen na jutro in ve\u010der, na koncu tedna, ter na tedenski pregled napredka in po\u010dutja. Na za\u010detku vsakega tedna ima\u0161 vision board, da si bo\u0161 la\u017eje vizualizirala, kaj si \u017eeli\u0161 ta teden.<\/p>\n<p>Ob nakupu prejme\u0161 pdf datoteko za prenos, ki jo lahko natisne\u0161 tolikokrat, kot \u017eeli\u0161. Noben fizi\u010dni izdelek ne bo poslan.<\/p>","protected":false},"excerpt":{"rendered":"<ul>\n<li>Mese\u010dni pregled brez datumov<\/li>\n<li>Mese\u010dni pregled stro\u0161kov<\/li>\n<li>Mese\u010dne notes strani<\/li>\n<\/ul>\n<p>S tem nakupom bo\u0161 prejela 1 digitalni pdf za en mesec, ki ga je mogo\u010de natisniti ve\u010dkrat (12x za celo leto).<\/p>\n<p>Ob nakupu prejme\u0161 pdf datoteko za prenos, ki jo lahko natisne\u0161 tolikokrat, kot \u017eeli\u0161. Noben fizi\u010dni izdelek ne bo poslan.<\/p>","protected":false},"featured_media":7169,"comment_status":"closed","ping_status":"closed","template":"","meta":{"_monsterinsights_skip_tracking":false,"_monsterinsights_sitenote_active":false,"_monsterinsights_sitenote_note":"","_monsterinsights_sitenote_category":0,"site-sidebar-layout":"default","site-content-layout":"default","ast-site-content-layout":"default","site-content-style":"default","site-sidebar-style":"default","ast-global-header-display":"","ast-banner-title-visibility":"","ast-main-header-display":"","ast-hfb-above-header-display":"","ast-hfb-below-header-display":"","ast-hfb-mobile-header-display":"","site-post-title":"","ast-breadcrumbs-content":"","ast-featured-img":"","footer-sml-layout":"","theme-transparent-header-meta":"default","adv-header-id-meta":"","stick-header-meta":"","header-above-stick-meta":"","header-main-stick-meta":"","header-below-stick-meta":"","astra-migrate-meta-layouts":"set","_glsr_average":0,"_glsr_ranking":0,"_glsr_reviews":0},"product_brand":[],"product_cat":[21,74,84],"product_tag":[],"class_list":{"0":"post-7098","1":"product","2":"type-product","3":"status-publish","4":"has-post-thumbnail","6":"product_cat-nekategorizirano","7":"product_cat-natisni-doma","8":"product_cat-odprodaja","9":"desktop-align-center","10":"tablet-align-left","11":"mobile-align-left","13":"first","14":"instock","15":"downloadable","16":"virtual","17":"purchasable","18":"product-type-simple"},"yoast_head":"<!-- This site is optimized with the Yoast SEO plugin v25.2 - https:\/\/yoast.com\/wordpress\/plugins\/seo\/ -->\n<title>MESE\u010cNI PREGLED Brez datumov \u2022 Natisni doma - Happy Planner Land<\/title>\n<meta name=\"description\" content=\"Mese\u010dni pregled ima na voljo veliko prostora za vse tvoje naloge in ti hkrati omogo\u010da, da lahko sledi\u0161 svojim mese\u010dnim aktivnostim in ciljem.\" \/>\n<meta name=\"robots\" content=\"index, follow, max-snippet:-1, max-image-preview:large, max-video-preview:-1\" \/>\n<link rel=\"canonical\" href=\"https:\/\/happyplannerland.com\/en\/product\/mesecni-pregled-brez-datumov-natisni-doma\/\" \/>\n<meta property=\"og:locale\" content=\"en_GB\" \/>\n<meta property=\"og:type\" content=\"article\" \/>\n<meta property=\"og:title\" content=\"MESE\u010cNI PREGLED Brez datumov \u2022 Natisni doma - Happy Planner Land\" \/>\n<meta property=\"og:description\" content=\"Mese\u010dni pregled ima na voljo veliko prostora za vse tvoje naloge in ti hkrati omogo\u010da, da lahko sledi\u0161 svojim mese\u010dnim aktivnostim in ciljem.\" \/>\n<meta property=\"og:url\" content=\"https:\/\/happyplannerland.com\/en\/product\/mesecni-pregled-brez-datumov-natisni-doma\/\" \/>\n<meta property=\"og:site_name\" content=\"Happy Planner Land\" \/>\n<meta property=\"article:modified_time\" content=\"2025-06-03T12:02:29+00:00\" \/>\n<meta property=\"og:image\" content=\"https:\/\/happyplannerland.com\/wp-content\/uploads\/2024\/03\/Nour-cover-2-1.png\" \/>\n\t<meta property=\"og:image:width\" content=\"1080\" \/>\n\t<meta property=\"og:image:height\" content=\"1080\" \/>\n\t<meta property=\"og:image:type\" content=\"image\/png\" \/>\n<meta name=\"twitter:card\" content=\"summary_large_image\" \/>\n<meta name=\"twitter:label1\" content=\"Estimated reading time\" \/>\n\t<meta name=\"twitter:data1\" content=\"2 minutes\" \/>\n<script type=\"application\/ld+json\" class=\"yoast-schema-graph\">{\"@context\":\"https:\/\/schema.org\",\"@graph\":[{\"@type\":\"WebPage\",\"@id\":\"https:\/\/happyplannerland.com\/izdelek\/mesecni-pregled-brez-datumov-natisni-doma\/\",\"url\":\"https:\/\/happyplannerland.com\/izdelek\/mesecni-pregled-brez-datumov-natisni-doma\/\",\"name\":\"MESE\u010cNI PREGLED Brez datumov \u2022 Natisni doma - Happy Planner Land\",\"isPartOf\":{\"@id\":\"https:\/\/happyplannerland.com\/#website\"},\"primaryImageOfPage\":{\"@id\":\"https:\/\/happyplannerland.com\/izdelek\/mesecni-pregled-brez-datumov-natisni-doma\/#primaryimage\"},\"image\":{\"@id\":\"https:\/\/happyplannerland.com\/izdelek\/mesecni-pregled-brez-datumov-natisni-doma\/#primaryimage\"},\"thumbnailUrl\":\"https:\/\/happyplannerland.com\/wp-content\/uploads\/2024\/03\/Nour-cover-2-1.png\",\"datePublished\":\"2024-01-14T19:45:50+00:00\",\"dateModified\":\"2025-06-03T12:02:29+00:00\",\"description\":\"Mese\u010dni pregled ima na voljo veliko prostora za vse tvoje naloge in ti hkrati omogo\u010da, da lahko sledi\u0161 svojim mese\u010dnim aktivnostim in ciljem.\",\"breadcrumb\":{\"@id\":\"https:\/\/happyplannerland.com\/izdelek\/mesecni-pregled-brez-datumov-natisni-doma\/#breadcrumb\"},\"inLanguage\":\"en-GB\",\"potentialAction\":[{\"@type\":\"ReadAction\",\"target\":[\"https:\/\/happyplannerland.com\/izdelek\/mesecni-pregled-brez-datumov-natisni-doma\/\"]}]},{\"@type\":\"ImageObject\",\"inLanguage\":\"en-GB\",\"@id\":\"https:\/\/happyplannerland.com\/izdelek\/mesecni-pregled-brez-datumov-natisni-doma\/#primaryimage\",\"url\":\"https:\/\/happyplannerland.com\/wp-content\/uploads\/2024\/03\/Nour-cover-2-1.png\",\"contentUrl\":\"https:\/\/happyplannerland.com\/wp-content\/uploads\/2024\/03\/Nour-cover-2-1.png\",\"width\":1080,\"height\":1080},{\"@type\":\"BreadcrumbList\",\"@id\":\"https:\/\/happyplannerland.com\/izdelek\/mesecni-pregled-brez-datumov-natisni-doma\/#breadcrumb\",\"itemListElement\":[{\"@type\":\"ListItem\",\"position\":1,\"name\":\"Home\",\"item\":\"https:\/\/happyplannerland.com\/\"},{\"@type\":\"ListItem\",\"position\":2,\"name\":\"Izdelki\",\"item\":\"https:\/\/happyplannerland.com\/shop\/\"},{\"@type\":\"ListItem\",\"position\":3,\"name\":\"MESE\u010cNI PREGLED Brez datumov \u2022 Natisni doma\"}]},{\"@type\":\"WebSite\",\"@id\":\"https:\/\/happyplannerland.com\/#website\",\"url\":\"https:\/\/happyplannerland.com\/\",\"name\":\"Happy Planner Land\",\"description\":\"Happy Planner Land\",\"publisher\":{\"@id\":\"https:\/\/happyplannerland.com\/#organization\"},\"potentialAction\":[{\"@type\":\"SearchAction\",\"target\":{\"@type\":\"EntryPoint\",\"urlTemplate\":\"https:\/\/happyplannerland.com\/?s={search_term_string}\"},\"query-input\":{\"@type\":\"PropertyValueSpecification\",\"valueRequired\":true,\"valueName\":\"search_term_string\"}}],\"inLanguage\":\"en-GB\"},{\"@type\":\"Organization\",\"@id\":\"https:\/\/happyplannerland.com\/#organization\",\"name\":\"Happy Planner Land\",\"url\":\"https:\/\/happyplannerland.com\/\",\"logo\":{\"@type\":\"ImageObject\",\"inLanguage\":\"en-GB\",\"@id\":\"https:\/\/happyplannerland.com\/#\/schema\/logo\/image\/\",\"url\":\"https:\/\/happyplannerland.com\/wp-content\/uploads\/2022\/06\/cropped-1gtgt.png\",\"contentUrl\":\"https:\/\/happyplannerland.com\/wp-content\/uploads\/2022\/06\/cropped-1gtgt.png\",\"width\":283,\"height\":95,\"caption\":\"Happy Planner Land\"},\"image\":{\"@id\":\"https:\/\/happyplannerland.com\/#\/schema\/logo\/image\/\"}}]}<\/script>\n<!-- \/ Yoast SEO plugin. -->","yoast_head_json":{"title":"MESE\u010cNI PREGLED Brez datumov \u2022 Natisni doma - Happy Planner Land","description":"Mese\u010dni pregled ima na voljo veliko prostora za vse tvoje naloge in ti hkrati omogo\u010da, da lahko sledi\u0161 svojim mese\u010dnim aktivnostim in ciljem.","robots":{"index":"index","follow":"follow","max-snippet":"max-snippet:-1","max-image-preview":"max-image-preview:large","max-video-preview":"max-video-preview:-1"},"canonical":"https:\/\/happyplannerland.com\/en\/product\/mesecni-pregled-brez-datumov-natisni-doma\/","og_locale":"en_GB","og_type":"article","og_title":"MESE\u010cNI PREGLED Brez datumov \u2022 Natisni doma - Happy Planner Land","og_description":"Mese\u010dni pregled ima na voljo veliko prostora za vse tvoje naloge in ti hkrati omogo\u010da, da lahko sledi\u0161 svojim mese\u010dnim aktivnostim in ciljem.","og_url":"https:\/\/happyplannerland.com\/en\/product\/mesecni-pregled-brez-datumov-natisni-doma\/","og_site_name":"Happy Planner Land","article_modified_time":"2025-06-03T12:02:29+00:00","og_image":[{"width":1080,"height":1080,"url":"https:\/\/happyplannerland.com\/wp-content\/uploads\/2024\/03\/Nour-cover-2-1.png","type":"image\/png"}],"twitter_card":"summary_large_image","twitter_misc":{"Estimated reading time":"2 minutes"},"schema":{"@context":"https:\/\/schema.org","@graph":[{"@type":"WebPage","@id":"https:\/\/happyplannerland.com\/izdelek\/mesecni-pregled-brez-datumov-natisni-doma\/","url":"https:\/\/happyplannerland.com\/izdelek\/mesecni-pregled-brez-datumov-natisni-doma\/","name":"MESE\u010cNI PREGLED Brez datumov \u2022 Natisni doma - Happy Planner Land","isPartOf":{"@id":"https:\/\/happyplannerland.com\/#website"},"primaryImageOfPage":{"@id":"https:\/\/happyplannerland.com\/izdelek\/mesecni-pregled-brez-datumov-natisni-doma\/#primaryimage"},"image":{"@id":"https:\/\/happyplannerland.com\/izdelek\/mesecni-pregled-brez-datumov-natisni-doma\/#primaryimage"},"thumbnailUrl":"https:\/\/happyplannerland.com\/wp-content\/uploads\/2024\/03\/Nour-cover-2-1.png","datePublished":"2024-01-14T19:45:50+00:00","dateModified":"2025-06-03T12:02:29+00:00","description":"Mese\u010dni pregled ima na voljo veliko prostora za vse tvoje naloge in ti hkrati omogo\u010da, da lahko sledi\u0161 svojim mese\u010dnim aktivnostim in ciljem.","breadcrumb":{"@id":"https:\/\/happyplannerland.com\/izdelek\/mesecni-pregled-brez-datumov-natisni-doma\/#breadcrumb"},"inLanguage":"en-GB","potentialAction":[{"@type":"ReadAction","target":["https:\/\/happyplannerland.com\/izdelek\/mesecni-pregled-brez-datumov-natisni-doma\/"]}]},{"@type":"ImageObject","inLanguage":"en-GB","@id":"https:\/\/happyplannerland.com\/izdelek\/mesecni-pregled-brez-datumov-natisni-doma\/#primaryimage","url":"https:\/\/happyplannerland.com\/wp-content\/uploads\/2024\/03\/Nour-cover-2-1.png","contentUrl":"https:\/\/happyplannerland.com\/wp-content\/uploads\/2024\/03\/Nour-cover-2-1.png","width":1080,"height":1080},{"@type":"BreadcrumbList","@id":"https:\/\/happyplannerland.com\/izdelek\/mesecni-pregled-brez-datumov-natisni-doma\/#breadcrumb","itemListElement":[{"@type":"ListItem","position":1,"name":"Home","item":"https:\/\/happyplannerland.com\/"},{"@type":"ListItem","position":2,"name":"Izdelki","item":"https:\/\/happyplannerland.com\/shop\/"},{"@type":"ListItem","position":3,"name":"MESE\u010cNI PREGLED Brez datumov \u2022 Natisni doma"}]},{"@type":"WebSite","@id":"https:\/\/happyplannerland.com\/#website","url":"https:\/\/happyplannerland.com\/","name":"Happy Planner Land","description":"Happy Planner Land","publisher":{"@id":"https:\/\/happyplannerland.com\/#organization"},"potentialAction":[{"@type":"SearchAction","target":{"@type":"EntryPoint","urlTemplate":"https:\/\/happyplannerland.com\/?s={search_term_string}"},"query-input":{"@type":"PropertyValueSpecification","valueRequired":true,"valueName":"search_term_string"}}],"inLanguage":"en-GB"},{"@type":"Organization","@id":"https:\/\/happyplannerland.com\/#organization","name":"Happy Planner Land","url":"https:\/\/happyplannerland.com\/","logo":{"@type":"ImageObject","inLanguage":"en-GB","@id":"https:\/\/happyplannerland.com\/#\/schema\/logo\/image\/","url":"https:\/\/happyplannerland.com\/wp-content\/uploads\/2022\/06\/cropped-1gtgt.png","contentUrl":"https:\/\/happyplannerland.com\/wp-content\/uploads\/2022\/06\/cropped-1gtgt.png","width":283,"height":95,"caption":"Happy Planner Land"},"image":{"@id":"https:\/\/happyplannerland.com\/#\/schema\/logo\/image\/"}}]}},"_links":{"self":[{"href":"https:\/\/happyplannerland.com\/en\/wp-json\/wp\/v2\/product\/7098","targetHints":{"allow":["GET"]}}],"collection":[{"href":"https:\/\/happyplannerland.com\/en\/wp-json\/wp\/v2\/product"}],"about":[{"href":"https:\/\/happyplannerland.com\/en\/wp-json\/wp\/v2\/types\/product"}],"replies":[{"embeddable":true,"href":"https:\/\/happyplannerland.com\/en\/wp-json\/wp\/v2\/comments?post=7098"}],"version-history":[{"count":1,"href":"https:\/\/happyplannerland.com\/en\/wp-json\/wp\/v2\/product\/7098\/revisions"}],"predecessor-version":[{"id":7102,"href":"https:\/\/happyplannerland.com\/en\/wp-json\/wp\/v2\/product\/7098\/revisions\/7102"}],"wp:featuredmedia":[{"embeddable":true,"href":"https:\/\/happyplannerland.com\/en\/wp-json\/wp\/v2\/media\/7169"}],"wp:attachment":[{"href":"https:\/\/happyplannerland.com\/en\/wp-json\/wp\/v2\/media?parent=7098"}],"wp:term":[{"taxonomy":"product_brand","embeddable":true,"href":"https:\/\/happyplannerland.com\/en\/wp-json\/wp\/v2\/product_brand?post=7098"},{"taxonomy":"product_cat","embeddable":true,"href":"https:\/\/happyplannerland.com\/en\/wp-json\/wp\/v2\/product_cat?post=7098"},{"taxonomy":"product_tag","embeddable":true,"href":"https:\/\/happyplannerland.com\/en\/wp-json\/wp\/v2\/product_tag?post=7098"}],"curies":[{"name":"wp","href":"https:\/\/api.w.org\/{rel}","templated":true}]}}