{"id":7401,"date":"2024-06-30T17:41:08","date_gmt":"2024-06-30T17:41:08","guid":{"rendered":"https:\/\/happyplannerland.com\/?post_type=product&#038;p=7401"},"modified":"2025-06-03T12:01:05","modified_gmt":"2025-06-03T12:01:05","slug":"dodatne-studijske-strani-a4","status":"publish","type":"product","link":"https:\/\/happyplannerland.com\/en\/product\/dodatne-studijske-strani-a4\/","title":{"rendered":"\u0160tudijske strani A4 \u2022 Natisni doma"},"content":{"rendered":"","protected":false},"excerpt":{"rendered":"<div class=\"page\" title=\"Page 1\">\n<div class=\"section\">\n<div class=\"layoutArea\">\n<div class=\"column\">\n<p>Uc\u030cinkovito uc\u030cenje zahteva vec\u030c kot le koledar, zato ta digitalni s\u030ctudijski planer vkljuc\u030cuje:<\/p>\n<ul>\n<li><strong>Seznam predmetov:<\/strong> Vodenje evidence vseh tvojih predmetov na enem mestu.<\/li>\n<li><strong>Strani za zapiske:<\/strong> Razlic\u030cne strani za prilagoditev tvojemu slogu zapisovanja.<\/li>\n<li><strong>Urnik semestra:<\/strong> Hiter pregled urnika v semestru<\/li>\n<li><strong>Sledilnik izpitov:<\/strong> Spremljanje prihajajoc\u030cih izpitov in ustrezna priprava.<\/li>\n<li><strong>Ocena znanja:<\/strong> Vrednotenje tvojega razumevanja vsakega predmeta in teme.<\/li>\n<li><strong>Sledilnik s\u030ctudijskih ur:<\/strong> Belez\u030cenje, koliko ur na dan se uc\u030cis\u030c.<\/li>\n<\/ul>\n<p>Prosto natisni strani, ki jih potrebujes\u030c za uspes\u030cen zakljuc\u030cek svojega s\u030ctudija. Upam, da ti bo ta planer pomagal dosec\u030ci tvoje akademske cilje in naredil tvoje s\u030ctudijske dni bolj produktivne in organizirane. Srec\u030cno pri uc\u030cenju!<\/p>\n<p>Uporabi kodo FREESTUDY in z nakupom POCKET planerja prejmi to e-knjigo brezpla\u010dno!<\/p>\n<\/div>\n<\/div>\n<p><em>Ob nakupu izdelka na svoj email naslov prejmete PDF digitalni dokument, ki ga lahko natisnete sami. Po po\u0161ti ne boste prejeli nobenega izdelka. Zaradi takoj\u0161njega prenosa izdelka ob pla\u010dilu, vra\u010dila niso nmo\u017ena, zato nas za morebitna vpra\u0161anja predhodno kontaktirajte.<\/em><\/p>\n<\/div>\n<\/div>","protected":false},"featured_media":7427,"comment_status":"closed","ping_status":"closed","template":"","meta":{"_monsterinsights_skip_tracking":false,"_monsterinsights_sitenote_active":false,"_monsterinsights_sitenote_note":"","_monsterinsights_sitenote_category":0,"site-sidebar-layout":"default","site-content-layout":"","ast-site-content-layout":"default","site-content-style":"default","site-sidebar-style":"default","ast-global-header-display":"","ast-banner-title-visibility":"","ast-main-header-display":"","ast-hfb-above-header-display":"","ast-hfb-below-header-display":"","ast-hfb-mobile-header-display":"","site-post-title":"","ast-breadcrumbs-content":"","ast-featured-img":"","footer-sml-layout":"","theme-transparent-header-meta":"default","adv-header-id-meta":"","stick-header-meta":"","header-above-stick-meta":"","header-main-stick-meta":"","header-below-stick-meta":"","astra-migrate-meta-layouts":"set","_glsr_average":0,"_glsr_ranking":0,"_glsr_reviews":0},"product_brand":[],"product_cat":[21,74,84],"product_tag":[],"class_list":{"0":"post-7401","1":"product","2":"type-product","3":"status-publish","4":"has-post-thumbnail","6":"product_cat-nekategorizirano","7":"product_cat-natisni-doma","8":"product_cat-odprodaja","9":"desktop-align-center","10":"tablet-align-left","11":"mobile-align-left","13":"first","14":"instock","15":"downloadable","16":"shipping-taxable","17":"purchasable","18":"product-type-simple"},"yoast_head":"<!-- This site is optimized with the Yoast SEO plugin v25.2 - https:\/\/yoast.com\/wordpress\/plugins\/seo\/ -->\n<title>\u0160tudijske strani A4 \u2022 Natisni doma - Happy Planner Land<\/title>\n<meta name=\"robots\" content=\"index, follow, max-snippet:-1, max-image-preview:large, max-video-preview:-1\" \/>\n<link rel=\"canonical\" href=\"https:\/\/happyplannerland.com\/en\/product\/dodatne-studijske-strani-a4\/\" \/>\n<meta property=\"og:locale\" content=\"en_GB\" \/>\n<meta property=\"og:type\" content=\"article\" \/>\n<meta property=\"og:title\" content=\"\u0160tudijske strani A4 \u2022 Natisni doma - Happy Planner Land\" \/>\n<meta property=\"og:description\" content=\"Uc\u030cinkovito uc\u030cenje zahteva vec\u030c kot le koledar, zato ta digitalni s\u030ctudijski planer vkljuc\u030cuje:   Seznam predmetov: Vodenje evidence vseh tvojih predmetov na enem mestu.  Strani za zapiske: Razlic\u030cne strani za prilagoditev tvojemu slogu zapisovanja.  Urnik semestra: Hiter pregled urnika v semestru  Sledilnik izpitov: Spremljanje prihajajoc\u030cih izpitov in ustrezna priprava.  Ocena znanja: Vrednotenje tvojega razumevanja vsakega predmeta in teme.  Sledilnik s\u030ctudijskih ur: Belez\u030cenje, koliko ur na dan se uc\u030cis\u030c.  Prosto natisni strani, ki jih potrebujes\u030c za uspes\u030cen zakljuc\u030cek svojega s\u030ctudija. Upam, da ti bo ta planer pomagal dosec\u030ci tvoje akademske cilje in naredil tvoje s\u030ctudijske dni bolj produktivne in organizirane. Srec\u030cno pri uc\u030cenju!  Uporabi kodo FREESTUDY in z nakupom POCKET planerja prejmi to e-knjigo brezpla\u010dno!    Ob nakupu izdelka na svoj email naslov prejmete PDF digitalni dokument, ki ga lahko natisnete sami. Po po\u0161ti ne boste prejeli nobenega izdelka. Zaradi takoj\u0161njega prenosa izdelka ob pla\u010dilu, vra\u010dila niso nmo\u017ena, zato nas za morebitna vpra\u0161anja predhodno kontaktirajte.\" \/>\n<meta property=\"og:url\" content=\"https:\/\/happyplannerland.com\/en\/product\/dodatne-studijske-strani-a4\/\" \/>\n<meta property=\"og:site_name\" content=\"Happy Planner Land\" \/>\n<meta property=\"article:modified_time\" content=\"2025-06-03T12:01:05+00:00\" \/>\n<meta property=\"og:image\" content=\"https:\/\/happyplannerland.com\/wp-content\/uploads\/2024\/06\/Cream-Black-Soft-Edit-Magazine-Mockup-Instagram-Post-8.png\" \/>\n\t<meta property=\"og:image:width\" content=\"1080\" \/>\n\t<meta property=\"og:image:height\" content=\"1080\" \/>\n\t<meta property=\"og:image:type\" content=\"image\/png\" \/>\n<meta name=\"twitter:card\" content=\"summary_large_image\" \/>\n<script type=\"application\/ld+json\" class=\"yoast-schema-graph\">{\"@context\":\"https:\/\/schema.org\",\"@graph\":[{\"@type\":\"WebPage\",\"@id\":\"https:\/\/happyplannerland.com\/izdelek\/dodatne-studijske-strani-a4\/\",\"url\":\"https:\/\/happyplannerland.com\/izdelek\/dodatne-studijske-strani-a4\/\",\"name\":\"\u0160tudijske strani A4 \u2022 Natisni doma - Happy Planner Land\",\"isPartOf\":{\"@id\":\"https:\/\/happyplannerland.com\/#website\"},\"primaryImageOfPage\":{\"@id\":\"https:\/\/happyplannerland.com\/izdelek\/dodatne-studijske-strani-a4\/#primaryimage\"},\"image\":{\"@id\":\"https:\/\/happyplannerland.com\/izdelek\/dodatne-studijske-strani-a4\/#primaryimage\"},\"thumbnailUrl\":\"https:\/\/happyplannerland.com\/wp-content\/uploads\/2024\/06\/Cream-Black-Soft-Edit-Magazine-Mockup-Instagram-Post-8.png\",\"datePublished\":\"2024-06-30T17:41:08+00:00\",\"dateModified\":\"2025-06-03T12:01:05+00:00\",\"breadcrumb\":{\"@id\":\"https:\/\/happyplannerland.com\/izdelek\/dodatne-studijske-strani-a4\/#breadcrumb\"},\"inLanguage\":\"en-GB\",\"potentialAction\":[{\"@type\":\"ReadAction\",\"target\":[\"https:\/\/happyplannerland.com\/izdelek\/dodatne-studijske-strani-a4\/\"]}]},{\"@type\":\"ImageObject\",\"inLanguage\":\"en-GB\",\"@id\":\"https:\/\/happyplannerland.com\/izdelek\/dodatne-studijske-strani-a4\/#primaryimage\",\"url\":\"https:\/\/happyplannerland.com\/wp-content\/uploads\/2024\/06\/Cream-Black-Soft-Edit-Magazine-Mockup-Instagram-Post-8.png\",\"contentUrl\":\"https:\/\/happyplannerland.com\/wp-content\/uploads\/2024\/06\/Cream-Black-Soft-Edit-Magazine-Mockup-Instagram-Post-8.png\",\"width\":1080,\"height\":1080},{\"@type\":\"BreadcrumbList\",\"@id\":\"https:\/\/happyplannerland.com\/izdelek\/dodatne-studijske-strani-a4\/#breadcrumb\",\"itemListElement\":[{\"@type\":\"ListItem\",\"position\":1,\"name\":\"Home\",\"item\":\"https:\/\/happyplannerland.com\/\"},{\"@type\":\"ListItem\",\"position\":2,\"name\":\"Izdelki\",\"item\":\"https:\/\/happyplannerland.com\/shop\/\"},{\"@type\":\"ListItem\",\"position\":3,\"name\":\"\u0160tudijske strani A4 \u2022 Natisni doma\"}]},{\"@type\":\"WebSite\",\"@id\":\"https:\/\/happyplannerland.com\/#website\",\"url\":\"https:\/\/happyplannerland.com\/\",\"name\":\"Happy Planner Land\",\"description\":\"Happy Planner Land\",\"publisher\":{\"@id\":\"https:\/\/happyplannerland.com\/#organization\"},\"potentialAction\":[{\"@type\":\"SearchAction\",\"target\":{\"@type\":\"EntryPoint\",\"urlTemplate\":\"https:\/\/happyplannerland.com\/?s={search_term_string}\"},\"query-input\":{\"@type\":\"PropertyValueSpecification\",\"valueRequired\":true,\"valueName\":\"search_term_string\"}}],\"inLanguage\":\"en-GB\"},{\"@type\":\"Organization\",\"@id\":\"https:\/\/happyplannerland.com\/#organization\",\"name\":\"Happy Planner Land\",\"url\":\"https:\/\/happyplannerland.com\/\",\"logo\":{\"@type\":\"ImageObject\",\"inLanguage\":\"en-GB\",\"@id\":\"https:\/\/happyplannerland.com\/#\/schema\/logo\/image\/\",\"url\":\"https:\/\/happyplannerland.com\/wp-content\/uploads\/2022\/06\/cropped-1gtgt.png\",\"contentUrl\":\"https:\/\/happyplannerland.com\/wp-content\/uploads\/2022\/06\/cropped-1gtgt.png\",\"width\":283,\"height\":95,\"caption\":\"Happy Planner Land\"},\"image\":{\"@id\":\"https:\/\/happyplannerland.com\/#\/schema\/logo\/image\/\"}}]}<\/script>\n<!-- \/ Yoast SEO plugin. -->","yoast_head_json":{"title":"\u0160tudijske strani A4 \u2022 Natisni doma - Happy Planner Land","robots":{"index":"index","follow":"follow","max-snippet":"max-snippet:-1","max-image-preview":"max-image-preview:large","max-video-preview":"max-video-preview:-1"},"canonical":"https:\/\/happyplannerland.com\/en\/product\/dodatne-studijske-strani-a4\/","og_locale":"en_GB","og_type":"article","og_title":"\u0160tudijske strani A4 \u2022 Natisni doma - Happy Planner Land","og_description":"Uc\u030cinkovito uc\u030cenje zahteva vec\u030c kot le koledar, zato ta digitalni s\u030ctudijski planer vkljuc\u030cuje:   Seznam predmetov: Vodenje evidence vseh tvojih predmetov na enem mestu.  Strani za zapiske: Razlic\u030cne strani za prilagoditev tvojemu slogu zapisovanja.  Urnik semestra: Hiter pregled urnika v semestru  Sledilnik izpitov: Spremljanje prihajajoc\u030cih izpitov in ustrezna priprava.  Ocena znanja: Vrednotenje tvojega razumevanja vsakega predmeta in teme.  Sledilnik s\u030ctudijskih ur: Belez\u030cenje, koliko ur na dan se uc\u030cis\u030c.  Prosto natisni strani, ki jih potrebujes\u030c za uspes\u030cen zakljuc\u030cek svojega s\u030ctudija. Upam, da ti bo ta planer pomagal dosec\u030ci tvoje akademske cilje in naredil tvoje s\u030ctudijske dni bolj produktivne in organizirane. Srec\u030cno pri uc\u030cenju!  Uporabi kodo FREESTUDY in z nakupom POCKET planerja prejmi to e-knjigo brezpla\u010dno!    Ob nakupu izdelka na svoj email naslov prejmete PDF digitalni dokument, ki ga lahko natisnete sami. Po po\u0161ti ne boste prejeli nobenega izdelka. Zaradi takoj\u0161njega prenosa izdelka ob pla\u010dilu, vra\u010dila niso nmo\u017ena, zato nas za morebitna vpra\u0161anja predhodno kontaktirajte.","og_url":"https:\/\/happyplannerland.com\/en\/product\/dodatne-studijske-strani-a4\/","og_site_name":"Happy Planner Land","article_modified_time":"2025-06-03T12:01:05+00:00","og_image":[{"width":1080,"height":1080,"url":"https:\/\/happyplannerland.com\/wp-content\/uploads\/2024\/06\/Cream-Black-Soft-Edit-Magazine-Mockup-Instagram-Post-8.png","type":"image\/png"}],"twitter_card":"summary_large_image","schema":{"@context":"https:\/\/schema.org","@graph":[{"@type":"WebPage","@id":"https:\/\/happyplannerland.com\/izdelek\/dodatne-studijske-strani-a4\/","url":"https:\/\/happyplannerland.com\/izdelek\/dodatne-studijske-strani-a4\/","name":"\u0160tudijske strani A4 \u2022 Natisni doma - Happy Planner Land","isPartOf":{"@id":"https:\/\/happyplannerland.com\/#website"},"primaryImageOfPage":{"@id":"https:\/\/happyplannerland.com\/izdelek\/dodatne-studijske-strani-a4\/#primaryimage"},"image":{"@id":"https:\/\/happyplannerland.com\/izdelek\/dodatne-studijske-strani-a4\/#primaryimage"},"thumbnailUrl":"https:\/\/happyplannerland.com\/wp-content\/uploads\/2024\/06\/Cream-Black-Soft-Edit-Magazine-Mockup-Instagram-Post-8.png","datePublished":"2024-06-30T17:41:08+00:00","dateModified":"2025-06-03T12:01:05+00:00","breadcrumb":{"@id":"https:\/\/happyplannerland.com\/izdelek\/dodatne-studijske-strani-a4\/#breadcrumb"},"inLanguage":"en-GB","potentialAction":[{"@type":"ReadAction","target":["https:\/\/happyplannerland.com\/izdelek\/dodatne-studijske-strani-a4\/"]}]},{"@type":"ImageObject","inLanguage":"en-GB","@id":"https:\/\/happyplannerland.com\/izdelek\/dodatne-studijske-strani-a4\/#primaryimage","url":"https:\/\/happyplannerland.com\/wp-content\/uploads\/2024\/06\/Cream-Black-Soft-Edit-Magazine-Mockup-Instagram-Post-8.png","contentUrl":"https:\/\/happyplannerland.com\/wp-content\/uploads\/2024\/06\/Cream-Black-Soft-Edit-Magazine-Mockup-Instagram-Post-8.png","width":1080,"height":1080},{"@type":"BreadcrumbList","@id":"https:\/\/happyplannerland.com\/izdelek\/dodatne-studijske-strani-a4\/#breadcrumb","itemListElement":[{"@type":"ListItem","position":1,"name":"Home","item":"https:\/\/happyplannerland.com\/"},{"@type":"ListItem","position":2,"name":"Izdelki","item":"https:\/\/happyplannerland.com\/shop\/"},{"@type":"ListItem","position":3,"name":"\u0160tudijske strani A4 \u2022 Natisni doma"}]},{"@type":"WebSite","@id":"https:\/\/happyplannerland.com\/#website","url":"https:\/\/happyplannerland.com\/","name":"Happy Planner Land","description":"Happy Planner Land","publisher":{"@id":"https:\/\/happyplannerland.com\/#organization"},"potentialAction":[{"@type":"SearchAction","target":{"@type":"EntryPoint","urlTemplate":"https:\/\/happyplannerland.com\/?s={search_term_string}"},"query-input":{"@type":"PropertyValueSpecification","valueRequired":true,"valueName":"search_term_string"}}],"inLanguage":"en-GB"},{"@type":"Organization","@id":"https:\/\/happyplannerland.com\/#organization","name":"Happy Planner Land","url":"https:\/\/happyplannerland.com\/","logo":{"@type":"ImageObject","inLanguage":"en-GB","@id":"https:\/\/happyplannerland.com\/#\/schema\/logo\/image\/","url":"https:\/\/happyplannerland.com\/wp-content\/uploads\/2022\/06\/cropped-1gtgt.png","contentUrl":"https:\/\/happyplannerland.com\/wp-content\/uploads\/2022\/06\/cropped-1gtgt.png","width":283,"height":95,"caption":"Happy Planner Land"},"image":{"@id":"https:\/\/happyplannerland.com\/#\/schema\/logo\/image\/"}}]}},"_links":{"self":[{"href":"https:\/\/happyplannerland.com\/en\/wp-json\/wp\/v2\/product\/7401","targetHints":{"allow":["GET"]}}],"collection":[{"href":"https:\/\/happyplannerland.com\/en\/wp-json\/wp\/v2\/product"}],"about":[{"href":"https:\/\/happyplannerland.com\/en\/wp-json\/wp\/v2\/types\/product"}],"replies":[{"embeddable":true,"href":"https:\/\/happyplannerland.com\/en\/wp-json\/wp\/v2\/comments?post=7401"}],"version-history":[{"count":4,"href":"https:\/\/happyplannerland.com\/en\/wp-json\/wp\/v2\/product\/7401\/revisions"}],"predecessor-version":[{"id":8037,"href":"https:\/\/happyplannerland.com\/en\/wp-json\/wp\/v2\/product\/7401\/revisions\/8037"}],"wp:featuredmedia":[{"embeddable":true,"href":"https:\/\/happyplannerland.com\/en\/wp-json\/wp\/v2\/media\/7427"}],"wp:attachment":[{"href":"https:\/\/happyplannerland.com\/en\/wp-json\/wp\/v2\/media?parent=7401"}],"wp:term":[{"taxonomy":"product_brand","embeddable":true,"href":"https:\/\/happyplannerland.com\/en\/wp-json\/wp\/v2\/product_brand?post=7401"},{"taxonomy":"product_cat","embeddable":true,"href":"https:\/\/happyplannerland.com\/en\/wp-json\/wp\/v2\/product_cat?post=7401"},{"taxonomy":"product_tag","embeddable":true,"href":"https:\/\/happyplannerland.com\/en\/wp-json\/wp\/v2\/product_tag?post=7401"}],"curies":[{"name":"wp","href":"https:\/\/api.w.org\/{rel}","templated":true}]}}