{"id":7751,"date":"2024-09-05T08:34:40","date_gmt":"2024-09-05T08:34:40","guid":{"rendered":"https:\/\/happyplannerland.com\/?post_type=product&#038;p=7751"},"modified":"2025-06-03T12:00:45","modified_gmt":"2025-06-03T12:00:45","slug":"postavljanje-ciljev-delovni-zvezek-natisni-doma","status":"publish","type":"product","link":"https:\/\/happyplannerland.com\/en\/product\/postavljanje-ciljev-delovni-zvezek-natisni-doma\/","title":{"rendered":"Postavljanje ciljev \u2022 Delovni zvezek \u2022 NATISNI DOMA"},"content":{"rendered":"","protected":false},"excerpt":{"rendered":"<div class=\"flex-1 overflow-hidden\">\n<div class=\"react-scroll-to-bottom--css-aifgu-79elbk h-full dark:bg-gray-800\">\n<div class=\"react-scroll-to-bottom--css-aifgu-1n7m0yu\">\n<div class=\"flex flex-col text-sm dark:bg-gray-800\">\n<div class=\"group w-full text-token-text-primary border-b border-black\/10 dark:border-gray-900\/50 bg-gray-50 dark:bg-[#444654]\" data-testid=\"conversation-turn-839\">\n<div class=\"p-4 justify-center text-base md:gap-6 md:py-6 m-auto\">\n<div class=\"flex flex-1 gap-4 text-base mx-auto md:gap-6 md:max-w-2xl lg:max-w-[38rem] xl:max-w-3xl }\">\n<div class=\"relative flex w-[calc(100%-50px)] flex-col gap-1 md:gap-3 lg:w-[calc(100%-115px)]\">\n<div class=\"flex flex-grow flex-col gap-3 max-w-full\">\n<div class=\"min-h-[20px] flex flex-col items-start gap-3 overflow-x-auto whitespace-pre-wrap break-words\">\n<div class=\"markdown prose w-full break-words dark:prose-invert light\"><\/div>\n<\/div>\n<\/div>\n<\/div>\n<\/div>\n<\/div>\n<\/div>\n<\/div>\n<\/div>\n<\/div>\n<\/div>\n<p>S tem delovnim zvezkom bo\u0161 imela jasen na\u010drt, kako se premikati proti svojim ciljem in jih dejansko dose\u010di. Vodil te bo korak za korakom vodil skozi proces:<\/p>\n<ol>\n<li><strong>Dolo\u010danje namere<\/strong> \u2013 jasno opredelite, kaj \u017eelite dose\u010di.<\/li>\n<li><strong>Razjasni svojo vizijo<\/strong> \u2013 ustvarite sliko svoje sanjske prihodnosti.<\/li>\n<li><strong>Dolo\u010di svoje TOP 3 cilje<\/strong> \u2013 osredoto\u010dite se na tri najpomembnej\u0161e cilje.<\/li>\n<li><strong>Ustvari svoj Vision Board<\/strong> \u2013 vizualizirajte svojo pot do uspeha.<\/li>\n<li><strong>Proslavi svoj uspeh in bodi hvale\u017ena<\/strong> \u2013 ko dose\u017eete svoje cilje, praznujte in izrazite hvale\u017enost.<\/li>\n<\/ol>\n","protected":false},"featured_media":7752,"comment_status":"closed","ping_status":"closed","template":"","meta":{"_monsterinsights_skip_tracking":false,"_monsterinsights_sitenote_active":false,"_monsterinsights_sitenote_note":"","_monsterinsights_sitenote_category":0,"site-sidebar-layout":"no-sidebar","site-content-layout":"page-builder","ast-site-content-layout":"full-width-container","site-content-style":"unboxed","site-sidebar-style":"unboxed","ast-global-header-display":"","ast-banner-title-visibility":"","ast-main-header-display":"","ast-hfb-above-header-display":"","ast-hfb-below-header-display":"","ast-hfb-mobile-header-display":"","site-post-title":"disabled","ast-breadcrumbs-content":"","ast-featured-img":"disabled","footer-sml-layout":"","theme-transparent-header-meta":"default","adv-header-id-meta":"","stick-header-meta":"","header-above-stick-meta":"","header-main-stick-meta":"","header-below-stick-meta":"","astra-migrate-meta-layouts":"set","_glsr_average":0,"_glsr_ranking":0,"_glsr_reviews":0},"product_brand":[],"product_cat":[21,74,84,61],"product_tag":[],"class_list":{"0":"post-7751","1":"product","2":"type-product","3":"status-publish","4":"has-post-thumbnail","6":"product_cat-nekategorizirano","7":"product_cat-natisni-doma","8":"product_cat-odprodaja","9":"product_cat-boxes","10":"desktop-align-center","11":"tablet-align-left","12":"mobile-align-left","14":"first","15":"instock","16":"downloadable","17":"shipping-taxable","18":"purchasable","19":"product-type-simple"},"yoast_head":"<!-- This site is optimized with the Yoast SEO plugin v25.2 - https:\/\/yoast.com\/wordpress\/plugins\/seo\/ -->\n<title>Postavljanje ciljev \u2022 Delovni zvezek \u2022 NATISNI DOMA - Happy Planner Land<\/title>\n<meta name=\"description\" content=\"Delovni zvezek &quot;Postavljanje ciljev&quot; je popoln pripomo\u010dek za vse, ki se \u017eelite osredoto\u010diti na svoje cilje in ustvariti vizijo svoje prihodnosti.\" \/>\n<meta name=\"robots\" content=\"index, follow, max-snippet:-1, max-image-preview:large, max-video-preview:-1\" \/>\n<link rel=\"canonical\" href=\"https:\/\/happyplannerland.com\/en\/product\/postavljanje-ciljev-delovni-zvezek-natisni-doma\/\" \/>\n<meta property=\"og:locale\" content=\"en_GB\" \/>\n<meta property=\"og:type\" content=\"article\" \/>\n<meta property=\"og:title\" content=\"Postavljanje ciljev \u2022 Delovni zvezek \u2022 NATISNI DOMA - Happy Planner Land\" \/>\n<meta property=\"og:description\" content=\"Delovni zvezek &quot;Postavljanje ciljev&quot; je popoln pripomo\u010dek za vse, ki se \u017eelite osredoto\u010diti na svoje cilje in ustvariti vizijo svoje prihodnosti.\" \/>\n<meta property=\"og:url\" content=\"https:\/\/happyplannerland.com\/en\/product\/postavljanje-ciljev-delovni-zvezek-natisni-doma\/\" \/>\n<meta property=\"og:site_name\" content=\"Happy Planner Land\" \/>\n<meta property=\"article:modified_time\" content=\"2025-06-03T12:00:45+00:00\" \/>\n<meta property=\"og:image\" content=\"https:\/\/happyplannerland.com\/wp-content\/uploads\/2024\/09\/1.png\" \/>\n\t<meta property=\"og:image:width\" content=\"1080\" \/>\n\t<meta property=\"og:image:height\" content=\"1080\" \/>\n\t<meta property=\"og:image:type\" content=\"image\/png\" \/>\n<meta name=\"twitter:card\" content=\"summary_large_image\" \/>\n<script type=\"application\/ld+json\" class=\"yoast-schema-graph\">{\"@context\":\"https:\/\/schema.org\",\"@graph\":[{\"@type\":\"WebPage\",\"@id\":\"https:\/\/happyplannerland.com\/izdelek\/postavljanje-ciljev-delovni-zvezek-natisni-doma\/\",\"url\":\"https:\/\/happyplannerland.com\/izdelek\/postavljanje-ciljev-delovni-zvezek-natisni-doma\/\",\"name\":\"Postavljanje ciljev \u2022 Delovni zvezek \u2022 NATISNI DOMA - Happy Planner Land\",\"isPartOf\":{\"@id\":\"https:\/\/happyplannerland.com\/#website\"},\"primaryImageOfPage\":{\"@id\":\"https:\/\/happyplannerland.com\/izdelek\/postavljanje-ciljev-delovni-zvezek-natisni-doma\/#primaryimage\"},\"image\":{\"@id\":\"https:\/\/happyplannerland.com\/izdelek\/postavljanje-ciljev-delovni-zvezek-natisni-doma\/#primaryimage\"},\"thumbnailUrl\":\"https:\/\/happyplannerland.com\/wp-content\/uploads\/2024\/09\/1.png\",\"datePublished\":\"2024-09-05T08:34:40+00:00\",\"dateModified\":\"2025-06-03T12:00:45+00:00\",\"description\":\"Delovni zvezek \\\"Postavljanje ciljev\\\" je popoln pripomo\u010dek za vse, ki se \u017eelite osredoto\u010diti na svoje cilje in ustvariti vizijo svoje prihodnosti.\",\"breadcrumb\":{\"@id\":\"https:\/\/happyplannerland.com\/izdelek\/postavljanje-ciljev-delovni-zvezek-natisni-doma\/#breadcrumb\"},\"inLanguage\":\"en-GB\",\"potentialAction\":[{\"@type\":\"ReadAction\",\"target\":[\"https:\/\/happyplannerland.com\/izdelek\/postavljanje-ciljev-delovni-zvezek-natisni-doma\/\"]}]},{\"@type\":\"ImageObject\",\"inLanguage\":\"en-GB\",\"@id\":\"https:\/\/happyplannerland.com\/izdelek\/postavljanje-ciljev-delovni-zvezek-natisni-doma\/#primaryimage\",\"url\":\"https:\/\/happyplannerland.com\/wp-content\/uploads\/2024\/09\/1.png\",\"contentUrl\":\"https:\/\/happyplannerland.com\/wp-content\/uploads\/2024\/09\/1.png\",\"width\":1080,\"height\":1080},{\"@type\":\"BreadcrumbList\",\"@id\":\"https:\/\/happyplannerland.com\/izdelek\/postavljanje-ciljev-delovni-zvezek-natisni-doma\/#breadcrumb\",\"itemListElement\":[{\"@type\":\"ListItem\",\"position\":1,\"name\":\"Home\",\"item\":\"https:\/\/happyplannerland.com\/\"},{\"@type\":\"ListItem\",\"position\":2,\"name\":\"Izdelki\",\"item\":\"https:\/\/happyplannerland.com\/shop\/\"},{\"@type\":\"ListItem\",\"position\":3,\"name\":\"Postavljanje ciljev \u2022 Delovni zvezek \u2022 NATISNI DOMA\"}]},{\"@type\":\"WebSite\",\"@id\":\"https:\/\/happyplannerland.com\/#website\",\"url\":\"https:\/\/happyplannerland.com\/\",\"name\":\"Happy Planner Land\",\"description\":\"Happy Planner Land\",\"publisher\":{\"@id\":\"https:\/\/happyplannerland.com\/#organization\"},\"potentialAction\":[{\"@type\":\"SearchAction\",\"target\":{\"@type\":\"EntryPoint\",\"urlTemplate\":\"https:\/\/happyplannerland.com\/?s={search_term_string}\"},\"query-input\":{\"@type\":\"PropertyValueSpecification\",\"valueRequired\":true,\"valueName\":\"search_term_string\"}}],\"inLanguage\":\"en-GB\"},{\"@type\":\"Organization\",\"@id\":\"https:\/\/happyplannerland.com\/#organization\",\"name\":\"Happy Planner Land\",\"url\":\"https:\/\/happyplannerland.com\/\",\"logo\":{\"@type\":\"ImageObject\",\"inLanguage\":\"en-GB\",\"@id\":\"https:\/\/happyplannerland.com\/#\/schema\/logo\/image\/\",\"url\":\"https:\/\/happyplannerland.com\/wp-content\/uploads\/2022\/06\/cropped-1gtgt.png\",\"contentUrl\":\"https:\/\/happyplannerland.com\/wp-content\/uploads\/2022\/06\/cropped-1gtgt.png\",\"width\":283,\"height\":95,\"caption\":\"Happy Planner Land\"},\"image\":{\"@id\":\"https:\/\/happyplannerland.com\/#\/schema\/logo\/image\/\"}}]}<\/script>\n<!-- \/ Yoast SEO plugin. -->","yoast_head_json":{"title":"Postavljanje ciljev \u2022 Delovni zvezek \u2022 NATISNI DOMA - Happy Planner Land","description":"Delovni zvezek \"Postavljanje ciljev\" je popoln pripomo\u010dek za vse, ki se \u017eelite osredoto\u010diti na svoje cilje in ustvariti vizijo svoje prihodnosti.","robots":{"index":"index","follow":"follow","max-snippet":"max-snippet:-1","max-image-preview":"max-image-preview:large","max-video-preview":"max-video-preview:-1"},"canonical":"https:\/\/happyplannerland.com\/en\/product\/postavljanje-ciljev-delovni-zvezek-natisni-doma\/","og_locale":"en_GB","og_type":"article","og_title":"Postavljanje ciljev \u2022 Delovni zvezek \u2022 NATISNI DOMA - Happy Planner Land","og_description":"Delovni zvezek \"Postavljanje ciljev\" je popoln pripomo\u010dek za vse, ki se \u017eelite osredoto\u010diti na svoje cilje in ustvariti vizijo svoje prihodnosti.","og_url":"https:\/\/happyplannerland.com\/en\/product\/postavljanje-ciljev-delovni-zvezek-natisni-doma\/","og_site_name":"Happy Planner Land","article_modified_time":"2025-06-03T12:00:45+00:00","og_image":[{"width":1080,"height":1080,"url":"https:\/\/happyplannerland.com\/wp-content\/uploads\/2024\/09\/1.png","type":"image\/png"}],"twitter_card":"summary_large_image","schema":{"@context":"https:\/\/schema.org","@graph":[{"@type":"WebPage","@id":"https:\/\/happyplannerland.com\/izdelek\/postavljanje-ciljev-delovni-zvezek-natisni-doma\/","url":"https:\/\/happyplannerland.com\/izdelek\/postavljanje-ciljev-delovni-zvezek-natisni-doma\/","name":"Postavljanje ciljev \u2022 Delovni zvezek \u2022 NATISNI DOMA - Happy Planner Land","isPartOf":{"@id":"https:\/\/happyplannerland.com\/#website"},"primaryImageOfPage":{"@id":"https:\/\/happyplannerland.com\/izdelek\/postavljanje-ciljev-delovni-zvezek-natisni-doma\/#primaryimage"},"image":{"@id":"https:\/\/happyplannerland.com\/izdelek\/postavljanje-ciljev-delovni-zvezek-natisni-doma\/#primaryimage"},"thumbnailUrl":"https:\/\/happyplannerland.com\/wp-content\/uploads\/2024\/09\/1.png","datePublished":"2024-09-05T08:34:40+00:00","dateModified":"2025-06-03T12:00:45+00:00","description":"Delovni zvezek \"Postavljanje ciljev\" je popoln pripomo\u010dek za vse, ki se \u017eelite osredoto\u010diti na svoje cilje in ustvariti vizijo svoje prihodnosti.","breadcrumb":{"@id":"https:\/\/happyplannerland.com\/izdelek\/postavljanje-ciljev-delovni-zvezek-natisni-doma\/#breadcrumb"},"inLanguage":"en-GB","potentialAction":[{"@type":"ReadAction","target":["https:\/\/happyplannerland.com\/izdelek\/postavljanje-ciljev-delovni-zvezek-natisni-doma\/"]}]},{"@type":"ImageObject","inLanguage":"en-GB","@id":"https:\/\/happyplannerland.com\/izdelek\/postavljanje-ciljev-delovni-zvezek-natisni-doma\/#primaryimage","url":"https:\/\/happyplannerland.com\/wp-content\/uploads\/2024\/09\/1.png","contentUrl":"https:\/\/happyplannerland.com\/wp-content\/uploads\/2024\/09\/1.png","width":1080,"height":1080},{"@type":"BreadcrumbList","@id":"https:\/\/happyplannerland.com\/izdelek\/postavljanje-ciljev-delovni-zvezek-natisni-doma\/#breadcrumb","itemListElement":[{"@type":"ListItem","position":1,"name":"Home","item":"https:\/\/happyplannerland.com\/"},{"@type":"ListItem","position":2,"name":"Izdelki","item":"https:\/\/happyplannerland.com\/shop\/"},{"@type":"ListItem","position":3,"name":"Postavljanje ciljev \u2022 Delovni zvezek \u2022 NATISNI DOMA"}]},{"@type":"WebSite","@id":"https:\/\/happyplannerland.com\/#website","url":"https:\/\/happyplannerland.com\/","name":"Happy Planner Land","description":"Happy Planner Land","publisher":{"@id":"https:\/\/happyplannerland.com\/#organization"},"potentialAction":[{"@type":"SearchAction","target":{"@type":"EntryPoint","urlTemplate":"https:\/\/happyplannerland.com\/?s={search_term_string}"},"query-input":{"@type":"PropertyValueSpecification","valueRequired":true,"valueName":"search_term_string"}}],"inLanguage":"en-GB"},{"@type":"Organization","@id":"https:\/\/happyplannerland.com\/#organization","name":"Happy Planner Land","url":"https:\/\/happyplannerland.com\/","logo":{"@type":"ImageObject","inLanguage":"en-GB","@id":"https:\/\/happyplannerland.com\/#\/schema\/logo\/image\/","url":"https:\/\/happyplannerland.com\/wp-content\/uploads\/2022\/06\/cropped-1gtgt.png","contentUrl":"https:\/\/happyplannerland.com\/wp-content\/uploads\/2022\/06\/cropped-1gtgt.png","width":283,"height":95,"caption":"Happy Planner Land"},"image":{"@id":"https:\/\/happyplannerland.com\/#\/schema\/logo\/image\/"}}]}},"_links":{"self":[{"href":"https:\/\/happyplannerland.com\/en\/wp-json\/wp\/v2\/product\/7751","targetHints":{"allow":["GET"]}}],"collection":[{"href":"https:\/\/happyplannerland.com\/en\/wp-json\/wp\/v2\/product"}],"about":[{"href":"https:\/\/happyplannerland.com\/en\/wp-json\/wp\/v2\/types\/product"}],"replies":[{"embeddable":true,"href":"https:\/\/happyplannerland.com\/en\/wp-json\/wp\/v2\/comments?post=7751"}],"version-history":[{"count":2,"href":"https:\/\/happyplannerland.com\/en\/wp-json\/wp\/v2\/product\/7751\/revisions"}],"predecessor-version":[{"id":7762,"href":"https:\/\/happyplannerland.com\/en\/wp-json\/wp\/v2\/product\/7751\/revisions\/7762"}],"wp:featuredmedia":[{"embeddable":true,"href":"https:\/\/happyplannerland.com\/en\/wp-json\/wp\/v2\/media\/7752"}],"wp:attachment":[{"href":"https:\/\/happyplannerland.com\/en\/wp-json\/wp\/v2\/media?parent=7751"}],"wp:term":[{"taxonomy":"product_brand","embeddable":true,"href":"https:\/\/happyplannerland.com\/en\/wp-json\/wp\/v2\/product_brand?post=7751"},{"taxonomy":"product_cat","embeddable":true,"href":"https:\/\/happyplannerland.com\/en\/wp-json\/wp\/v2\/product_cat?post=7751"},{"taxonomy":"product_tag","embeddable":true,"href":"https:\/\/happyplannerland.com\/en\/wp-json\/wp\/v2\/product_tag?post=7751"}],"curies":[{"name":"wp","href":"https:\/\/api.w.org\/{rel}","templated":true}]}}