{"id":8017,"date":"2024-10-16T13:46:02","date_gmt":"2024-10-16T13:46:02","guid":{"rendered":"https:\/\/happyplannerland.com\/?post_type=product&#038;p=8017"},"modified":"2025-06-03T11:59:09","modified_gmt":"2025-06-03T11:59:09","slug":"kartice-afirmacije","status":"publish","type":"product","link":"https:\/\/happyplannerland.com\/en\/product\/kartice-afirmacije\/","title":{"rendered":"Kartice afirmacije"},"content":{"rendered":"","protected":false},"excerpt":{"rendered":"<p>Popoln pripomo\u010dek za dnevno spodbudo in pozitivno naravnanost. Vsaka kartica vsebuje skrbno izbrano afirmacijo, ki ti pomaga krepiti samozavest, izbolj\u0161ati miselnost in ohraniti fokus na osebni rasti. Uporabi jih kot dnevni ritual, da za\u010dne\u0161 dan z navdihom in pozitivno energijo.<\/p>\n<p>Paket vsebuje 19 kartic. Kartice so v angle\u0161kem jeziku.<\/p>","protected":false},"featured_media":8018,"comment_status":"closed","ping_status":"closed","template":"","meta":{"_monsterinsights_skip_tracking":false,"_monsterinsights_sitenote_active":false,"_monsterinsights_sitenote_note":"","_monsterinsights_sitenote_category":0,"site-sidebar-layout":"default","site-content-layout":"","ast-site-content-layout":"default","site-content-style":"default","site-sidebar-style":"default","ast-global-header-display":"","ast-banner-title-visibility":"","ast-main-header-display":"","ast-hfb-above-header-display":"","ast-hfb-below-header-display":"","ast-hfb-mobile-header-display":"","site-post-title":"","ast-breadcrumbs-content":"","ast-featured-img":"","footer-sml-layout":"","theme-transparent-header-meta":"default","adv-header-id-meta":"","stick-header-meta":"","header-above-stick-meta":"","header-main-stick-meta":"","header-below-stick-meta":"","astra-migrate-meta-layouts":"set","_glsr_average":0,"_glsr_ranking":0,"_glsr_reviews":0},"product_brand":[],"product_cat":[21,84],"product_tag":[],"class_list":{"0":"post-8017","1":"product","2":"type-product","3":"status-publish","4":"has-post-thumbnail","6":"product_cat-nekategorizirano","7":"product_cat-odprodaja","8":"desktop-align-center","9":"tablet-align-left","10":"mobile-align-left","12":"first","13":"instock","14":"shipping-taxable","15":"purchasable","16":"product-type-simple"},"yoast_head":"<!-- This site is optimized with the Yoast SEO plugin v25.2 - https:\/\/yoast.com\/wordpress\/plugins\/seo\/ -->\n<title>Kartice afirmacije - Happy Planner Land<\/title>\n<meta name=\"description\" content=\"Kartice afirmacije so popoln pripomo\u010dek za dnevno spodbudo in pozitivno naravnanost. Pomaga izbolj\u0161ati miselnost in ohraniti fokus na osebni rasti.\" \/>\n<meta name=\"robots\" content=\"index, follow, max-snippet:-1, max-image-preview:large, max-video-preview:-1\" \/>\n<link rel=\"canonical\" href=\"https:\/\/happyplannerland.com\/en\/product\/kartice-afirmacije\/\" \/>\n<meta property=\"og:locale\" content=\"en_GB\" \/>\n<meta property=\"og:type\" content=\"article\" \/>\n<meta property=\"og:title\" content=\"Kartice afirmacije - Happy Planner Land\" \/>\n<meta property=\"og:description\" content=\"Kartice afirmacije so popoln pripomo\u010dek za dnevno spodbudo in pozitivno naravnanost. Pomaga izbolj\u0161ati miselnost in ohraniti fokus na osebni rasti.\" \/>\n<meta property=\"og:url\" content=\"https:\/\/happyplannerland.com\/en\/product\/kartice-afirmacije\/\" \/>\n<meta property=\"og:site_name\" content=\"Happy Planner Land\" \/>\n<meta property=\"article:modified_time\" content=\"2025-06-03T11:59:09+00:00\" \/>\n<meta property=\"og:image\" content=\"https:\/\/happyplannerland.com\/wp-content\/uploads\/2024\/10\/IMG_9929-scaled.jpg\" \/>\n\t<meta property=\"og:image:width\" content=\"2560\" \/>\n\t<meta property=\"og:image:height\" content=\"2560\" \/>\n\t<meta property=\"og:image:type\" content=\"image\/jpeg\" \/>\n<meta name=\"twitter:card\" content=\"summary_large_image\" \/>\n<script type=\"application\/ld+json\" class=\"yoast-schema-graph\">{\"@context\":\"https:\/\/schema.org\",\"@graph\":[{\"@type\":\"WebPage\",\"@id\":\"https:\/\/happyplannerland.com\/izdelek\/kartice-afirmacije\/\",\"url\":\"https:\/\/happyplannerland.com\/izdelek\/kartice-afirmacije\/\",\"name\":\"Kartice afirmacije - Happy Planner Land\",\"isPartOf\":{\"@id\":\"https:\/\/happyplannerland.com\/#website\"},\"primaryImageOfPage\":{\"@id\":\"https:\/\/happyplannerland.com\/izdelek\/kartice-afirmacije\/#primaryimage\"},\"image\":{\"@id\":\"https:\/\/happyplannerland.com\/izdelek\/kartice-afirmacije\/#primaryimage\"},\"thumbnailUrl\":\"https:\/\/happyplannerland.com\/wp-content\/uploads\/2024\/10\/IMG_9929-scaled.jpg\",\"datePublished\":\"2024-10-16T13:46:02+00:00\",\"dateModified\":\"2025-06-03T11:59:09+00:00\",\"description\":\"Kartice afirmacije so popoln pripomo\u010dek za dnevno spodbudo in pozitivno naravnanost. Pomaga izbolj\u0161ati miselnost in ohraniti fokus na osebni rasti.\",\"breadcrumb\":{\"@id\":\"https:\/\/happyplannerland.com\/izdelek\/kartice-afirmacije\/#breadcrumb\"},\"inLanguage\":\"en-GB\",\"potentialAction\":[{\"@type\":\"ReadAction\",\"target\":[\"https:\/\/happyplannerland.com\/izdelek\/kartice-afirmacije\/\"]}]},{\"@type\":\"ImageObject\",\"inLanguage\":\"en-GB\",\"@id\":\"https:\/\/happyplannerland.com\/izdelek\/kartice-afirmacije\/#primaryimage\",\"url\":\"https:\/\/happyplannerland.com\/wp-content\/uploads\/2024\/10\/IMG_9929-scaled.jpg\",\"contentUrl\":\"https:\/\/happyplannerland.com\/wp-content\/uploads\/2024\/10\/IMG_9929-scaled.jpg\",\"width\":2560,\"height\":2560},{\"@type\":\"BreadcrumbList\",\"@id\":\"https:\/\/happyplannerland.com\/izdelek\/kartice-afirmacije\/#breadcrumb\",\"itemListElement\":[{\"@type\":\"ListItem\",\"position\":1,\"name\":\"Home\",\"item\":\"https:\/\/happyplannerland.com\/\"},{\"@type\":\"ListItem\",\"position\":2,\"name\":\"Izdelki\",\"item\":\"https:\/\/happyplannerland.com\/shop\/\"},{\"@type\":\"ListItem\",\"position\":3,\"name\":\"Kartice afirmacije\"}]},{\"@type\":\"WebSite\",\"@id\":\"https:\/\/happyplannerland.com\/#website\",\"url\":\"https:\/\/happyplannerland.com\/\",\"name\":\"Happy Planner Land\",\"description\":\"Happy Planner Land\",\"publisher\":{\"@id\":\"https:\/\/happyplannerland.com\/#organization\"},\"potentialAction\":[{\"@type\":\"SearchAction\",\"target\":{\"@type\":\"EntryPoint\",\"urlTemplate\":\"https:\/\/happyplannerland.com\/?s={search_term_string}\"},\"query-input\":{\"@type\":\"PropertyValueSpecification\",\"valueRequired\":true,\"valueName\":\"search_term_string\"}}],\"inLanguage\":\"en-GB\"},{\"@type\":\"Organization\",\"@id\":\"https:\/\/happyplannerland.com\/#organization\",\"name\":\"Happy Planner Land\",\"url\":\"https:\/\/happyplannerland.com\/\",\"logo\":{\"@type\":\"ImageObject\",\"inLanguage\":\"en-GB\",\"@id\":\"https:\/\/happyplannerland.com\/#\/schema\/logo\/image\/\",\"url\":\"https:\/\/happyplannerland.com\/wp-content\/uploads\/2022\/06\/cropped-1gtgt.png\",\"contentUrl\":\"https:\/\/happyplannerland.com\/wp-content\/uploads\/2022\/06\/cropped-1gtgt.png\",\"width\":283,\"height\":95,\"caption\":\"Happy Planner Land\"},\"image\":{\"@id\":\"https:\/\/happyplannerland.com\/#\/schema\/logo\/image\/\"}}]}<\/script>\n<!-- \/ Yoast SEO plugin. -->","yoast_head_json":{"title":"Kartice afirmacije - Happy Planner Land","description":"Kartice afirmacije so popoln pripomo\u010dek za dnevno spodbudo in pozitivno naravnanost. Pomaga izbolj\u0161ati miselnost in ohraniti fokus na osebni rasti.","robots":{"index":"index","follow":"follow","max-snippet":"max-snippet:-1","max-image-preview":"max-image-preview:large","max-video-preview":"max-video-preview:-1"},"canonical":"https:\/\/happyplannerland.com\/en\/product\/kartice-afirmacije\/","og_locale":"en_GB","og_type":"article","og_title":"Kartice afirmacije - Happy Planner Land","og_description":"Kartice afirmacije so popoln pripomo\u010dek za dnevno spodbudo in pozitivno naravnanost. Pomaga izbolj\u0161ati miselnost in ohraniti fokus na osebni rasti.","og_url":"https:\/\/happyplannerland.com\/en\/product\/kartice-afirmacije\/","og_site_name":"Happy Planner Land","article_modified_time":"2025-06-03T11:59:09+00:00","og_image":[{"width":2560,"height":2560,"url":"https:\/\/happyplannerland.com\/wp-content\/uploads\/2024\/10\/IMG_9929-scaled.jpg","type":"image\/jpeg"}],"twitter_card":"summary_large_image","schema":{"@context":"https:\/\/schema.org","@graph":[{"@type":"WebPage","@id":"https:\/\/happyplannerland.com\/izdelek\/kartice-afirmacije\/","url":"https:\/\/happyplannerland.com\/izdelek\/kartice-afirmacije\/","name":"Kartice afirmacije - Happy Planner Land","isPartOf":{"@id":"https:\/\/happyplannerland.com\/#website"},"primaryImageOfPage":{"@id":"https:\/\/happyplannerland.com\/izdelek\/kartice-afirmacije\/#primaryimage"},"image":{"@id":"https:\/\/happyplannerland.com\/izdelek\/kartice-afirmacije\/#primaryimage"},"thumbnailUrl":"https:\/\/happyplannerland.com\/wp-content\/uploads\/2024\/10\/IMG_9929-scaled.jpg","datePublished":"2024-10-16T13:46:02+00:00","dateModified":"2025-06-03T11:59:09+00:00","description":"Kartice afirmacije so popoln pripomo\u010dek za dnevno spodbudo in pozitivno naravnanost. Pomaga izbolj\u0161ati miselnost in ohraniti fokus na osebni rasti.","breadcrumb":{"@id":"https:\/\/happyplannerland.com\/izdelek\/kartice-afirmacije\/#breadcrumb"},"inLanguage":"en-GB","potentialAction":[{"@type":"ReadAction","target":["https:\/\/happyplannerland.com\/izdelek\/kartice-afirmacije\/"]}]},{"@type":"ImageObject","inLanguage":"en-GB","@id":"https:\/\/happyplannerland.com\/izdelek\/kartice-afirmacije\/#primaryimage","url":"https:\/\/happyplannerland.com\/wp-content\/uploads\/2024\/10\/IMG_9929-scaled.jpg","contentUrl":"https:\/\/happyplannerland.com\/wp-content\/uploads\/2024\/10\/IMG_9929-scaled.jpg","width":2560,"height":2560},{"@type":"BreadcrumbList","@id":"https:\/\/happyplannerland.com\/izdelek\/kartice-afirmacije\/#breadcrumb","itemListElement":[{"@type":"ListItem","position":1,"name":"Home","item":"https:\/\/happyplannerland.com\/"},{"@type":"ListItem","position":2,"name":"Izdelki","item":"https:\/\/happyplannerland.com\/shop\/"},{"@type":"ListItem","position":3,"name":"Kartice afirmacije"}]},{"@type":"WebSite","@id":"https:\/\/happyplannerland.com\/#website","url":"https:\/\/happyplannerland.com\/","name":"Happy Planner Land","description":"Happy Planner Land","publisher":{"@id":"https:\/\/happyplannerland.com\/#organization"},"potentialAction":[{"@type":"SearchAction","target":{"@type":"EntryPoint","urlTemplate":"https:\/\/happyplannerland.com\/?s={search_term_string}"},"query-input":{"@type":"PropertyValueSpecification","valueRequired":true,"valueName":"search_term_string"}}],"inLanguage":"en-GB"},{"@type":"Organization","@id":"https:\/\/happyplannerland.com\/#organization","name":"Happy Planner Land","url":"https:\/\/happyplannerland.com\/","logo":{"@type":"ImageObject","inLanguage":"en-GB","@id":"https:\/\/happyplannerland.com\/#\/schema\/logo\/image\/","url":"https:\/\/happyplannerland.com\/wp-content\/uploads\/2022\/06\/cropped-1gtgt.png","contentUrl":"https:\/\/happyplannerland.com\/wp-content\/uploads\/2022\/06\/cropped-1gtgt.png","width":283,"height":95,"caption":"Happy Planner Land"},"image":{"@id":"https:\/\/happyplannerland.com\/#\/schema\/logo\/image\/"}}]}},"_links":{"self":[{"href":"https:\/\/happyplannerland.com\/en\/wp-json\/wp\/v2\/product\/8017","targetHints":{"allow":["GET"]}}],"collection":[{"href":"https:\/\/happyplannerland.com\/en\/wp-json\/wp\/v2\/product"}],"about":[{"href":"https:\/\/happyplannerland.com\/en\/wp-json\/wp\/v2\/types\/product"}],"replies":[{"embeddable":true,"href":"https:\/\/happyplannerland.com\/en\/wp-json\/wp\/v2\/comments?post=8017"}],"version-history":[{"count":1,"href":"https:\/\/happyplannerland.com\/en\/wp-json\/wp\/v2\/product\/8017\/revisions"}],"predecessor-version":[{"id":8019,"href":"https:\/\/happyplannerland.com\/en\/wp-json\/wp\/v2\/product\/8017\/revisions\/8019"}],"wp:featuredmedia":[{"embeddable":true,"href":"https:\/\/happyplannerland.com\/en\/wp-json\/wp\/v2\/media\/8018"}],"wp:attachment":[{"href":"https:\/\/happyplannerland.com\/en\/wp-json\/wp\/v2\/media?parent=8017"}],"wp:term":[{"taxonomy":"product_brand","embeddable":true,"href":"https:\/\/happyplannerland.com\/en\/wp-json\/wp\/v2\/product_brand?post=8017"},{"taxonomy":"product_cat","embeddable":true,"href":"https:\/\/happyplannerland.com\/en\/wp-json\/wp\/v2\/product_cat?post=8017"},{"taxonomy":"product_tag","embeddable":true,"href":"https:\/\/happyplannerland.com\/en\/wp-json\/wp\/v2\/product_tag?post=8017"}],"curies":[{"name":"wp","href":"https:\/\/api.w.org\/{rel}","templated":true}]}}