{"id":8698,"date":"2025-10-05T13:28:37","date_gmt":"2025-10-05T13:28:37","guid":{"rendered":"https:\/\/happyplannerland.com\/?post_type=product&#038;p=8698"},"modified":"2025-12-21T15:53:21","modified_gmt":"2025-12-21T15:53:21","slug":"agenda-2026-tedenski-inserti","status":"publish","type":"product","link":"https:\/\/happyplannerland.com\/en\/product\/agenda-2026-tedenski-inserti\/","title":{"rendered":"AGENDA \u2022 2026 Tedenski inserti"},"content":{"rendered":"","protected":false},"excerpt":{"rendered":"<p>Tedenski inserti za leto 2026 so predhodno preluknjani s 6 luknjami in se popolnoma prilegajo na\u0161im A5 agendam.<\/p>\n<ul>\n<li>Mese\u010dni pregledi januar \u2013 december 2026<\/li>\n<li>Mese\u010dni budget<\/li>\n<li>Vizija in cilji za leto 2026<\/li>\n<li>Letni pregled po mesecih<\/li>\n<li>Vertikalni tedenski pregled po urah 6:00-22:00<\/li>\n<li>Period tracker<\/li>\n<\/ul>\n<p>Inserti so v slovenskem jeziku.<\/p>\n<h6 class=\"elementor-heading-title elementor-size-default\">Za izdelek je odprto prednaro\u010dilo. Vsa prednaro\u010dila bodo odposlana do konec novembra 2025. Prednaro\u010dni\u0161ka cena velja do 31. oktrobra 2025.<\/h6>","protected":false},"featured_media":8694,"comment_status":"closed","ping_status":"closed","template":"","meta":{"_monsterinsights_skip_tracking":false,"_monsterinsights_sitenote_active":false,"_monsterinsights_sitenote_note":"","_monsterinsights_sitenote_category":0,"site-sidebar-layout":"default","site-content-layout":"default","ast-site-content-layout":"default","site-content-style":"default","site-sidebar-style":"default","ast-global-header-display":"","ast-banner-title-visibility":"","ast-main-header-display":"","ast-hfb-above-header-display":"","ast-hfb-below-header-display":"","ast-hfb-mobile-header-display":"","site-post-title":"","ast-breadcrumbs-content":"","ast-featured-img":"","footer-sml-layout":"","theme-transparent-header-meta":"default","adv-header-id-meta":"","stick-header-meta":"","header-above-stick-meta":"","header-main-stick-meta":"","header-below-stick-meta":"","astra-migrate-meta-layouts":"set","_glsr_average":0,"_glsr_ranking":0,"_glsr_reviews":0},"product_brand":[],"product_cat":[21,65],"product_tag":[],"class_list":{"0":"post-8698","1":"product","2":"type-product","3":"status-publish","4":"has-post-thumbnail","6":"product_cat-nekategorizirano","7":"product_cat-agenda","8":"desktop-align-center","9":"tablet-align-left","10":"mobile-align-left","12":"first","13":"outofstock","14":"shipping-taxable","15":"purchasable","16":"product-type-simple"},"yoast_head":"<!-- This site is optimized with the Yoast SEO plugin v25.2 - https:\/\/yoast.com\/wordpress\/plugins\/seo\/ -->\n<title>AGENDA \u2022 2026 Tedenski inserti - Happy Planner Land<\/title>\n<meta name=\"robots\" content=\"index, follow, max-snippet:-1, max-image-preview:large, max-video-preview:-1\" \/>\n<link rel=\"canonical\" href=\"https:\/\/happyplannerland.com\/en\/product\/agenda-2026-tedenski-inserti\/\" \/>\n<meta property=\"og:locale\" content=\"en_GB\" \/>\n<meta property=\"og:type\" content=\"article\" \/>\n<meta property=\"og:title\" content=\"AGENDA \u2022 2026 Tedenski inserti - Happy Planner Land\" \/>\n<meta property=\"og:description\" content=\"Tedenski inserti za leto 2026 so predhodno preluknjani s 6 luknjami in se popolnoma prilegajo na\u0161im A5 agendam.   Mese\u010dni pregledi januar \u2013 december 2026  Mese\u010dni budget  Vizija in cilji za leto 2026  Letni pregled po mesecih  Vertikalni tedenski pregled po urah 6:00-22:00  Menstrualni koledar\u010dek  Inserti so v slovenskem jeziku. Za izdelek je odprto prednaro\u010dilo. Vsa prednaro\u010dila bodo odposlana do konec novembra 2025. Prednaro\u010dni\u0161ka cena velja do 31. oktrobra 2025.\" \/>\n<meta property=\"og:url\" content=\"https:\/\/happyplannerland.com\/en\/product\/agenda-2026-tedenski-inserti\/\" \/>\n<meta property=\"og:site_name\" content=\"Happy Planner Land\" \/>\n<meta property=\"article:modified_time\" content=\"2025-12-21T15:53:21+00:00\" \/>\n<meta property=\"og:image\" content=\"https:\/\/happyplannerland.com\/wp-content\/uploads\/2024\/10\/Nour-cover-2.png\" \/>\n\t<meta property=\"og:image:width\" content=\"1080\" \/>\n\t<meta property=\"og:image:height\" content=\"1080\" \/>\n\t<meta property=\"og:image:type\" content=\"image\/png\" \/>\n<meta name=\"twitter:card\" content=\"summary_large_image\" \/>\n<meta name=\"twitter:label1\" content=\"Estimated reading time\" \/>\n\t<meta name=\"twitter:data1\" content=\"1 minute\" \/>\n<script type=\"application\/ld+json\" class=\"yoast-schema-graph\">{\"@context\":\"https:\/\/schema.org\",\"@graph\":[{\"@type\":\"WebPage\",\"@id\":\"https:\/\/happyplannerland.com\/izdelek\/agenda-2026-tedenski-inserti\/\",\"url\":\"https:\/\/happyplannerland.com\/izdelek\/agenda-2026-tedenski-inserti\/\",\"name\":\"AGENDA \u2022 2026 Tedenski inserti - Happy Planner Land\",\"isPartOf\":{\"@id\":\"https:\/\/happyplannerland.com\/#website\"},\"primaryImageOfPage\":{\"@id\":\"https:\/\/happyplannerland.com\/izdelek\/agenda-2026-tedenski-inserti\/#primaryimage\"},\"image\":{\"@id\":\"https:\/\/happyplannerland.com\/izdelek\/agenda-2026-tedenski-inserti\/#primaryimage\"},\"thumbnailUrl\":\"https:\/\/happyplannerland.com\/wp-content\/uploads\/2024\/10\/Nour-cover-2.png\",\"datePublished\":\"2025-10-05T13:28:37+00:00\",\"dateModified\":\"2025-12-21T15:53:21+00:00\",\"breadcrumb\":{\"@id\":\"https:\/\/happyplannerland.com\/izdelek\/agenda-2026-tedenski-inserti\/#breadcrumb\"},\"inLanguage\":\"en-GB\",\"potentialAction\":[{\"@type\":\"ReadAction\",\"target\":[\"https:\/\/happyplannerland.com\/izdelek\/agenda-2026-tedenski-inserti\/\"]}]},{\"@type\":\"ImageObject\",\"inLanguage\":\"en-GB\",\"@id\":\"https:\/\/happyplannerland.com\/izdelek\/agenda-2026-tedenski-inserti\/#primaryimage\",\"url\":\"https:\/\/happyplannerland.com\/wp-content\/uploads\/2024\/10\/Nour-cover-2.png\",\"contentUrl\":\"https:\/\/happyplannerland.com\/wp-content\/uploads\/2024\/10\/Nour-cover-2.png\",\"width\":1080,\"height\":1080},{\"@type\":\"BreadcrumbList\",\"@id\":\"https:\/\/happyplannerland.com\/izdelek\/agenda-2026-tedenski-inserti\/#breadcrumb\",\"itemListElement\":[{\"@type\":\"ListItem\",\"position\":1,\"name\":\"Home\",\"item\":\"https:\/\/happyplannerland.com\/\"},{\"@type\":\"ListItem\",\"position\":2,\"name\":\"Izdelki\",\"item\":\"https:\/\/happyplannerland.com\/shop\/\"},{\"@type\":\"ListItem\",\"position\":3,\"name\":\"AGENDA \u2022 2026 Tedenski inserti\"}]},{\"@type\":\"WebSite\",\"@id\":\"https:\/\/happyplannerland.com\/#website\",\"url\":\"https:\/\/happyplannerland.com\/\",\"name\":\"Happy Planner Land\",\"description\":\"Happy Planner Land\",\"publisher\":{\"@id\":\"https:\/\/happyplannerland.com\/#organization\"},\"potentialAction\":[{\"@type\":\"SearchAction\",\"target\":{\"@type\":\"EntryPoint\",\"urlTemplate\":\"https:\/\/happyplannerland.com\/?s={search_term_string}\"},\"query-input\":{\"@type\":\"PropertyValueSpecification\",\"valueRequired\":true,\"valueName\":\"search_term_string\"}}],\"inLanguage\":\"en-GB\"},{\"@type\":\"Organization\",\"@id\":\"https:\/\/happyplannerland.com\/#organization\",\"name\":\"Happy Planner Land\",\"url\":\"https:\/\/happyplannerland.com\/\",\"logo\":{\"@type\":\"ImageObject\",\"inLanguage\":\"en-GB\",\"@id\":\"https:\/\/happyplannerland.com\/#\/schema\/logo\/image\/\",\"url\":\"https:\/\/happyplannerland.com\/wp-content\/uploads\/2022\/06\/cropped-1gtgt.png\",\"contentUrl\":\"https:\/\/happyplannerland.com\/wp-content\/uploads\/2022\/06\/cropped-1gtgt.png\",\"width\":283,\"height\":95,\"caption\":\"Happy Planner Land\"},\"image\":{\"@id\":\"https:\/\/happyplannerland.com\/#\/schema\/logo\/image\/\"}}]}<\/script>\n<!-- \/ Yoast SEO plugin. -->","yoast_head_json":{"title":"AGENDA \u2022 2026 Tedenski inserti - Happy Planner Land","robots":{"index":"index","follow":"follow","max-snippet":"max-snippet:-1","max-image-preview":"max-image-preview:large","max-video-preview":"max-video-preview:-1"},"canonical":"https:\/\/happyplannerland.com\/en\/product\/agenda-2026-tedenski-inserti\/","og_locale":"en_GB","og_type":"article","og_title":"AGENDA \u2022 2026 Tedenski inserti - Happy Planner Land","og_description":"Tedenski inserti za leto 2026 so predhodno preluknjani s 6 luknjami in se popolnoma prilegajo na\u0161im A5 agendam.   Mese\u010dni pregledi januar \u2013 december 2026  Mese\u010dni budget  Vizija in cilji za leto 2026  Letni pregled po mesecih  Vertikalni tedenski pregled po urah 6:00-22:00  Menstrualni koledar\u010dek  Inserti so v slovenskem jeziku. Za izdelek je odprto prednaro\u010dilo. Vsa prednaro\u010dila bodo odposlana do konec novembra 2025. Prednaro\u010dni\u0161ka cena velja do 31. oktrobra 2025.","og_url":"https:\/\/happyplannerland.com\/en\/product\/agenda-2026-tedenski-inserti\/","og_site_name":"Happy Planner Land","article_modified_time":"2025-12-21T15:53:21+00:00","og_image":[{"width":1080,"height":1080,"url":"https:\/\/happyplannerland.com\/wp-content\/uploads\/2024\/10\/Nour-cover-2.png","type":"image\/png"}],"twitter_card":"summary_large_image","twitter_misc":{"Estimated reading time":"1 minute"},"schema":{"@context":"https:\/\/schema.org","@graph":[{"@type":"WebPage","@id":"https:\/\/happyplannerland.com\/izdelek\/agenda-2026-tedenski-inserti\/","url":"https:\/\/happyplannerland.com\/izdelek\/agenda-2026-tedenski-inserti\/","name":"AGENDA \u2022 2026 Tedenski inserti - Happy Planner Land","isPartOf":{"@id":"https:\/\/happyplannerland.com\/#website"},"primaryImageOfPage":{"@id":"https:\/\/happyplannerland.com\/izdelek\/agenda-2026-tedenski-inserti\/#primaryimage"},"image":{"@id":"https:\/\/happyplannerland.com\/izdelek\/agenda-2026-tedenski-inserti\/#primaryimage"},"thumbnailUrl":"https:\/\/happyplannerland.com\/wp-content\/uploads\/2024\/10\/Nour-cover-2.png","datePublished":"2025-10-05T13:28:37+00:00","dateModified":"2025-12-21T15:53:21+00:00","breadcrumb":{"@id":"https:\/\/happyplannerland.com\/izdelek\/agenda-2026-tedenski-inserti\/#breadcrumb"},"inLanguage":"en-GB","potentialAction":[{"@type":"ReadAction","target":["https:\/\/happyplannerland.com\/izdelek\/agenda-2026-tedenski-inserti\/"]}]},{"@type":"ImageObject","inLanguage":"en-GB","@id":"https:\/\/happyplannerland.com\/izdelek\/agenda-2026-tedenski-inserti\/#primaryimage","url":"https:\/\/happyplannerland.com\/wp-content\/uploads\/2024\/10\/Nour-cover-2.png","contentUrl":"https:\/\/happyplannerland.com\/wp-content\/uploads\/2024\/10\/Nour-cover-2.png","width":1080,"height":1080},{"@type":"BreadcrumbList","@id":"https:\/\/happyplannerland.com\/izdelek\/agenda-2026-tedenski-inserti\/#breadcrumb","itemListElement":[{"@type":"ListItem","position":1,"name":"Home","item":"https:\/\/happyplannerland.com\/"},{"@type":"ListItem","position":2,"name":"Izdelki","item":"https:\/\/happyplannerland.com\/shop\/"},{"@type":"ListItem","position":3,"name":"AGENDA \u2022 2026 Tedenski inserti"}]},{"@type":"WebSite","@id":"https:\/\/happyplannerland.com\/#website","url":"https:\/\/happyplannerland.com\/","name":"Happy Planner Land","description":"Happy Planner Land","publisher":{"@id":"https:\/\/happyplannerland.com\/#organization"},"potentialAction":[{"@type":"SearchAction","target":{"@type":"EntryPoint","urlTemplate":"https:\/\/happyplannerland.com\/?s={search_term_string}"},"query-input":{"@type":"PropertyValueSpecification","valueRequired":true,"valueName":"search_term_string"}}],"inLanguage":"en-GB"},{"@type":"Organization","@id":"https:\/\/happyplannerland.com\/#organization","name":"Happy Planner Land","url":"https:\/\/happyplannerland.com\/","logo":{"@type":"ImageObject","inLanguage":"en-GB","@id":"https:\/\/happyplannerland.com\/#\/schema\/logo\/image\/","url":"https:\/\/happyplannerland.com\/wp-content\/uploads\/2022\/06\/cropped-1gtgt.png","contentUrl":"https:\/\/happyplannerland.com\/wp-content\/uploads\/2022\/06\/cropped-1gtgt.png","width":283,"height":95,"caption":"Happy Planner Land"},"image":{"@id":"https:\/\/happyplannerland.com\/#\/schema\/logo\/image\/"}}]}},"_links":{"self":[{"href":"https:\/\/happyplannerland.com\/en\/wp-json\/wp\/v2\/product\/8698","targetHints":{"allow":["GET"]}}],"collection":[{"href":"https:\/\/happyplannerland.com\/en\/wp-json\/wp\/v2\/product"}],"about":[{"href":"https:\/\/happyplannerland.com\/en\/wp-json\/wp\/v2\/types\/product"}],"replies":[{"embeddable":true,"href":"https:\/\/happyplannerland.com\/en\/wp-json\/wp\/v2\/comments?post=8698"}],"version-history":[{"count":3,"href":"https:\/\/happyplannerland.com\/en\/wp-json\/wp\/v2\/product\/8698\/revisions"}],"predecessor-version":[{"id":8703,"href":"https:\/\/happyplannerland.com\/en\/wp-json\/wp\/v2\/product\/8698\/revisions\/8703"}],"wp:featuredmedia":[{"embeddable":true,"href":"https:\/\/happyplannerland.com\/en\/wp-json\/wp\/v2\/media\/8694"}],"wp:attachment":[{"href":"https:\/\/happyplannerland.com\/en\/wp-json\/wp\/v2\/media?parent=8698"}],"wp:term":[{"taxonomy":"product_brand","embeddable":true,"href":"https:\/\/happyplannerland.com\/en\/wp-json\/wp\/v2\/product_brand?post=8698"},{"taxonomy":"product_cat","embeddable":true,"href":"https:\/\/happyplannerland.com\/en\/wp-json\/wp\/v2\/product_cat?post=8698"},{"taxonomy":"product_tag","embeddable":true,"href":"https:\/\/happyplannerland.com\/en\/wp-json\/wp\/v2\/product_tag?post=8698"}],"curies":[{"name":"wp","href":"https:\/\/api.w.org\/{rel}","templated":true}]}}